{"id":7741,"date":"2018-12-05T11:16:00","date_gmt":"2018-12-05T04:16:00","guid":{"rendered":"https:\/\/www.bluebubbleholiday.com\/koh-samui-marches-locaux\/"},"modified":"2022-06-01T16:30:17","modified_gmt":"2022-06-01T09:30:17","slug":"koh-samui-marches-locaux-restaurants","status":"publish","type":"page","link":"https:\/\/www.youmeholiday.com\/fr\/koh-samui-marches-locaux-restaurants\/","title":{"rendered":"Koh Samui &#8211; March\u00e9s locaux, Restaurants"},"content":{"rendered":"<section class=\"l-section wpb_row height_auto width_full\"><div class=\"l-section-h i-cf\"><div class=\"g-cols vc_row via_flex valign_top type_default stacking_default\"><div class=\"vc_col-sm-12 wpb_column vc_column_container\"><div class=\"vc_column-inner\"><div class=\"wpb_wrapper\">[rev_slider_vc alias=\u00a0\u00bbkoh-samui-local-markets\u00a0\u00bb]<\/div><\/div><\/div><\/div><\/div><\/section><section class=\"l-section wpb_row height_small\"><div class=\"l-section-h i-cf\"><div class=\"g-cols vc_row via_flex valign_top type_default stacking_default\"><div class=\"vc_col-sm-12 wpb_column vc_column_container\"><div class=\"vc_column-inner\"><div class=\"wpb_wrapper\"><div class=\"wpb_text_column\"><div class=\"wpb_wrapper\"><h1>Koh Samui<\/h1>\n<\/div><\/div><\/div><\/div><\/div><\/div><\/div><\/section><section class=\"l-section wpb_row height_small\"><div class=\"l-section-h i-cf\"><div class=\"g-cols vc_row via_flex valign_top type_default stacking_default\"><div class=\"vc_col-sm-6 wpb_column vc_column_container\"><div class=\"vc_column-inner\"><div class=\"wpb_wrapper\"><div class=\"wpb_text_column\"><div class=\"wpb_wrapper\"><p>Koh Samui est l\u2019\u00eele la plus importante du Golfe de Tha\u00eflande. Avec des plages magnifiques, facilement accessibles et une vari\u00e9t\u00e9 d\u2019activit\u00e9s pour tous les budgets. Koh Samui est un \u201dCentre de vill\u00e9giature et d\u2019aventure \u201cqui s\u2019efforce de r\u00e9pondre au souhait ultime de chaque visiteur.<\/p>\n<p>Chaweng est un village c\u00f4tier baln\u00e9aire, avec des restaurants internationaux, des bars et des bo\u00eetes de nuit.<br \/>\nLes activit\u00e9s autour de Koh Samui comprennent des cours de cuisine, Muay Thai, la plong\u00e9e et m\u00eame le golf.<br \/>\nIl y a des plages tranquilles et isol\u00e9es, id\u00e9ales pour se d\u00e9tendre, quelques-unes des meilleures stations 5 \u00e9toiles du monde, et quelques villages comme Bophut ou Maenam qui rayonnent le charme de l&rsquo;Ancien Monde.<\/p>\n<\/div><\/div><\/div><\/div><\/div><div class=\"vc_col-sm-6 wpb_column vc_column_container\"><div class=\"vc_column-inner\"><div class=\"wpb_wrapper\"><div class=\"wpb_text_column\"><div class=\"wpb_wrapper\"><p>Cependant, ce n&rsquo;\u00e9tait pas toujours le cas. Jusqu&rsquo; \u00e0 la fin du 20\u00e8me si\u00e8cle, Koh Samui \u00e9tait le foyer d&rsquo;une petite communaut\u00e9 d\u00e9di\u00e9e \u00e0 la p\u00eache et \u00e0 la r\u00e9colte des noix de coco.<\/p>\n<p>Jusqu&rsquo;au d\u00e9but des ann\u00e9es 1970, il n&rsquo;y avait m\u00eame pas de routes sur l&rsquo;\u00eele &#8211; des for\u00eats tropicales luxuriantes, des plages de sable fin bord\u00e9es de palmiers et entour\u00e9es d&rsquo;eaux marines et tropicales. Mais d\u00e8s que les visiteurs \u00e9trangers d\u00e9couvrirent ce joyau de l&rsquo;\u00eele, le d\u00e9veloppement suivit rapidement.<\/p>\n<p>Aujourd&rsquo;hui, Koh Samui s&rsquo;est d\u00e9velopp\u00e9 dans un style insulaire qui conserve une grande partie de sa beaut\u00e9 naturelle et de sa solitude et offre presque toutes les activit\u00e9s imaginables ou de service pour les vacances tropicales ultimes.<\/p>\n<\/div><\/div><\/div><\/div><\/div><\/div><\/div><\/section><section class=\"l-section wpb_row height_small\"><div class=\"l-section-h i-cf\"><div class=\"g-cols vc_row via_flex valign_top type_default stacking_default\"><div class=\"vc_col-sm-12 wpb_column vc_column_container\"><div class=\"vc_column-inner\"><div class=\"wpb_wrapper\"><div class=\"wpb_text_column\"><div class=\"wpb_wrapper\"><h2>March\u00e9s locaux<\/h2>\n<\/div><\/div><\/div><\/div><\/div><\/div><\/div><\/section><section class=\"l-section wpb_row height_small\"><div class=\"l-section-h i-cf\"><div class=\"g-cols vc_row via_flex valign_top type_default stacking_default\"><div class=\"vc_col-sm-6 wpb_column vc_column_container\"><div class=\"vc_column-inner\"><div class=\"wpb_wrapper\"><div class=\"wpb_text_column\"><div class=\"wpb_wrapper\"><p>Autour de Kho Samui vous trouverez des march\u00e9s fantastiques. Achetez des souvenirs de vos vacances, que vous pouvez apporter \u00e0 votre famille ou \u00e0 vos amis. Les prix sont n\u00e9gociables partout.<\/p>\n<p>Sur les march\u00e9s, vous trouverez \u00e9galement de la cuisine tha\u00eflandaise et des sp\u00e9cialit\u00e9s fra\u00eechement pr\u00e9par\u00e9es. Tu pr\u00e9f\u00e8res manger dans un restaurant ? On les trouve tout le long de la plage.<\/p>\n<\/div><\/div><\/div><\/div><\/div><div class=\"vc_col-sm-6 wpb_column vc_column_container\"><div class=\"vc_column-inner\"><div class=\"wpb_wrapper\"><div class=\"wpb_text_column\"><div class=\"wpb_wrapper\"><ul>\n<li><strong>Lundi et vendredi:<\/strong> \u00e0 Bophut &#8211; au village de p\u00eacheurs \u00ab Fisherman\u2019s village \u00bb<\/li>\n<li><strong>Mercredi et samedi:<\/strong> \u00e0 Chaweng \u2013 situ\u00e9 non loin du lac<\/li>\n<li><strong>Jeudi:<\/strong> \u00e0 Maenam- pr\u00e8s du temple chinois <em style=\"color: #ff0000; text-align: center;\"><strong>Temporairement ferm\u00e9 en raison de la situation du COVID<\/strong><\/em><\/li>\n<li><strong>Dimanche:<\/strong> &#8211; \u00e0 Lamai \u2013 au centre-ville \u00ab Lamai Beach Road \u00bb<\/li>\n<\/ul>\n<p>Les march\u00e9s ont lieu de 18h00 \u00e0 22h00.<\/p>\n<\/div><\/div><\/div><\/div><\/div><\/div><\/div><\/section><section class=\"l-section wpb_row height_small\"><div class=\"l-section-h i-cf\"><div class=\"g-cols vc_row via_flex valign_top type_default stacking_default\"><div class=\"vc_col-sm-12 wpb_column vc_column_container\"><div class=\"vc_column-inner\"><div class=\"wpb_wrapper\"><div class=\"wpb_text_column\"><div class=\"wpb_wrapper\"><h2>Quelques bons restaurants \u00e0 recommander<\/h2>\n<\/div><\/div><\/div><\/div><\/div><\/div><\/div><\/section><section class=\"l-section wpb_row height_small\"><div class=\"l-section-h i-cf\"><div class=\"g-cols vc_row via_flex valign_top type_default stacking_default\"><div class=\"vc_col-sm-6 wpb_column vc_column_container\"><div class=\"vc_column-inner\"><div class=\"wpb_wrapper\"><div class=\"wpb_text_column\"><div class=\"wpb_wrapper\"><h3>Maenam :<\/h3>\n<p><strong>&#8211; Orrawan&rsquo;s Noodles And Thai Food (Nouilles et nourriture tha\u00efe)<\/strong><br \/>\nNourriture tha\u00efe<br \/>\nT\u00e9l : 093 619 2493<br \/>\nFerm\u00e9 le lundi<\/p>\n<p><strong>&#8211; Restaurant avec vue sur la mer \/ Sea View On The Beach<\/strong><br \/>\nCuisine tha\u00eflandaise et europ\u00e9enne<br \/>\nT\u00e9l. : 095 417 8222<br \/>\nOuvert tous les jours<\/p>\n<p><strong>&#8211; Restaurant Jano<\/strong><br \/>\nCuisine tha\u00eflandaise et europ\u00e9enne<br \/>\nT\u00e9l. : 089 515 8646<br \/>\nOuvert tous les jours<\/p>\n<h3>Lamai :<\/h3>\n<p><strong>&#8211; Flower Paradise &amp; R\u00f6stiland (propri\u00e9taires suisses)<\/strong><br \/>\nCuisine tha\u00eflandaise et europ\u00e9enne<br \/>\nT\u00e9l. : 089 908 7683<br \/>\nFerm\u00e9 le dimanche<\/p>\n<\/div><\/div><\/div><\/div><\/div><div class=\"vc_col-sm-6 wpb_column vc_column_container\"><div class=\"vc_column-inner\"><div class=\"wpb_wrapper\"><div class=\"wpb_text_column\"><div class=\"wpb_wrapper\"><h3>Bophut :<\/h3>\n<p><strong>&#8211; AroyDee Bophut (Fisherman&rsquo;s Village)<\/strong><br \/>\nCuisine tha\u00eflandaise<br \/>\nT\u00e9l. : 095 268 1172<\/p>\n<p><strong>&#8211; The Nature Samui<\/strong><br \/>\nCuisine tha\u00eflandaise et cuisine \u00e0 base de plantes et de fleurs<br \/>\nT\u00e9l. : 081 564 84 89<br \/>\nFerm\u00e9 le mercredi<\/p>\n<h3>BangRak :<\/h3>\n<p><strong>&#8211; The Sunset Samui (Propri\u00e9taires suisses)<\/strong><br \/>\nCuisine tha\u00eflandaise et europ\u00e9enne<br \/>\nT\u00e9l. : 061 248 7875<br \/>\nFerm\u00e9 le samedi<\/p>\n<p><strong>&#8211; Seafah (Propri\u00e9taires belges)<\/strong><br \/>\nCuisine europ\u00e9enne et sp\u00e9cialit\u00e9s belges<br \/>\nT\u00e9l. : 096 186 1170<br \/>\nFerm\u00e9 le mardi<\/p>\n<\/div><\/div><\/div><\/div><\/div><\/div><\/div><\/section>\n","protected":false},"excerpt":{"rendered":"[rev_slider_vc alias=\"koh-samui-local-markets\"]Koh Samui Koh Samui est l\u2019\u00eele la plus importante du Golfe de Tha\u00eflande. Avec des plages magnifiques, facilement accessibles et une vari\u00e9t\u00e9 d\u2019activit\u00e9s pour tous les budgets. Koh Samui...","protected":false},"author":1,"featured_media":0,"parent":0,"menu_order":0,"comment_status":"closed","ping_status":"closed","template":"","meta":{"_acf_changed":false,"footnotes":""},"class_list":["post-7741","page","type-page","status-publish","hentry"],"acf":[],"yoast_head":"<!-- This site is optimized with the Yoast SEO plugin v27.5 - https:\/\/yoast.com\/product\/yoast-seo-wordpress\/ -->\n<title>Koh Samui - March\u00e9s locaux, Restaurants | YouMe Holidays<\/title>\n<meta name=\"description\" content=\"Autour de Kho Samui vous trouverez des march\u00e9s fantastiques. Achetez des souvenirs de vos vacances, que vous pouvez apporter \u00e0 votre famille ou \u00e0 vos amis. Les prix sont n\u00e9gociables partout.\" \/>\n<meta name=\"robots\" content=\"index, follow, max-snippet:-1, max-image-preview:large, max-video-preview:-1\" \/>\n<link rel=\"canonical\" href=\"https:\/\/www.youmeholiday.com\/fr\/koh-samui-marches-locaux-restaurants\/\" \/>\n<meta property=\"og:locale\" content=\"fr_FR\" \/>\n<meta property=\"og:type\" content=\"article\" \/>\n<meta property=\"og:title\" content=\"Koh Samui \/ March\u00e9s locaux\" \/>\n<meta property=\"og:description\" content=\"Autour de Kho Samui vous trouverez des march\u00e9s fantastiques. Achetez des souvenirs de vos vacances, que vous pouvez apporter \u00e0 votre famille ou \u00e0 vos amis. Les prix sont n\u00e9gociables partout.\" \/>\n<meta property=\"og:url\" content=\"https:\/\/www.youmeholiday.com\/fr\/koh-samui-marches-locaux-restaurants\/\" \/>\n<meta property=\"og:site_name\" content=\"YouMe Holidays\" \/>\n<meta property=\"article:publisher\" content=\"https:\/\/www.facebook.com\/bluebubbleholiday\/\" \/>\n<meta property=\"article:modified_time\" content=\"2022-06-01T09:30:17+00:00\" \/>\n<meta property=\"og:image\" content=\"https:\/\/www.youmeholiday.com\/wp-content\/uploads\/2018\/12\/Local-Markets.jpg\" \/>\n\t<meta property=\"og:image:width\" content=\"1200\" \/>\n\t<meta property=\"og:image:height\" content=\"630\" \/>\n\t<meta property=\"og:image:type\" content=\"image\/jpeg\" \/>\n<meta name=\"twitter:card\" content=\"summary_large_image\" \/>\n<meta name=\"twitter:label1\" content=\"Dur\u00e9e de lecture estim\u00e9e\" \/>\n\t<meta name=\"twitter:data1\" content=\"3 minutes\" \/>\n<script type=\"application\/ld+json\" class=\"yoast-schema-graph\">{\"@context\":\"https:\\\/\\\/schema.org\",\"@graph\":[{\"@type\":\"WebPage\",\"@id\":\"https:\\\/\\\/www.youmeholiday.com\\\/fr\\\/koh-samui-marches-locaux-restaurants\\\/\",\"url\":\"https:\\\/\\\/www.youmeholiday.com\\\/fr\\\/koh-samui-marches-locaux-restaurants\\\/\",\"name\":\"Koh Samui - March\u00e9s locaux, Restaurants | YouMe Holidays\",\"isPartOf\":{\"@id\":\"https:\\\/\\\/www.youmeholiday.com\\\/fr\\\/#website\"},\"datePublished\":\"2018-12-05T04:16:00+00:00\",\"dateModified\":\"2022-06-01T09:30:17+00:00\",\"description\":\"Autour de Kho Samui vous trouverez des march\u00e9s fantastiques. Achetez des souvenirs de vos vacances, que vous pouvez apporter \u00e0 votre famille ou \u00e0 vos amis. Les prix sont n\u00e9gociables partout.\",\"breadcrumb\":{\"@id\":\"https:\\\/\\\/www.youmeholiday.com\\\/fr\\\/koh-samui-marches-locaux-restaurants\\\/#breadcrumb\"},\"inLanguage\":\"fr-FR\",\"potentialAction\":[{\"@type\":\"ReadAction\",\"target\":[\"https:\\\/\\\/www.youmeholiday.com\\\/fr\\\/koh-samui-marches-locaux-restaurants\\\/\"]}]},{\"@type\":\"BreadcrumbList\",\"@id\":\"https:\\\/\\\/www.youmeholiday.com\\\/fr\\\/koh-samui-marches-locaux-restaurants\\\/#breadcrumb\",\"itemListElement\":[{\"@type\":\"ListItem\",\"position\":1,\"name\":\"Home\",\"item\":\"https:\\\/\\\/www.youmeholiday.com\\\/fr\\\/\"},{\"@type\":\"ListItem\",\"position\":2,\"name\":\"Koh Samui &#8211; March\u00e9s locaux, Restaurants\"}]},{\"@type\":\"WebSite\",\"@id\":\"https:\\\/\\\/www.youmeholiday.com\\\/fr\\\/#website\",\"url\":\"https:\\\/\\\/www.youmeholiday.com\\\/fr\\\/\",\"name\":\"YouMe Holidays\",\"description\":\"Visites, activit\u00e9s et informations autour de Koh Samui\",\"publisher\":{\"@id\":\"https:\\\/\\\/www.youmeholiday.com\\\/fr\\\/#organization\"},\"potentialAction\":[{\"@type\":\"SearchAction\",\"target\":{\"@type\":\"EntryPoint\",\"urlTemplate\":\"https:\\\/\\\/www.youmeholiday.com\\\/fr\\\/?s={search_term_string}\"},\"query-input\":{\"@type\":\"PropertyValueSpecification\",\"valueRequired\":true,\"valueName\":\"search_term_string\"}}],\"inLanguage\":\"fr-FR\"},{\"@type\":\"Organization\",\"@id\":\"https:\\\/\\\/www.youmeholiday.com\\\/fr\\\/#organization\",\"name\":\"YouMe Holidays\",\"url\":\"https:\\\/\\\/www.youmeholiday.com\\\/fr\\\/\",\"logo\":{\"@type\":\"ImageObject\",\"inLanguage\":\"fr-FR\",\"@id\":\"https:\\\/\\\/www.youmeholiday.com\\\/fr\\\/#\\\/schema\\\/logo\\\/image\\\/\",\"url\":\"https:\\\/\\\/www.youmeholiday.com\\\/wp-content\\\/uploads\\\/2018\\\/07\\\/New_logo_rond_web.png\",\"contentUrl\":\"https:\\\/\\\/www.youmeholiday.com\\\/wp-content\\\/uploads\\\/2018\\\/07\\\/New_logo_rond_web.png\",\"width\":1587,\"height\":1099,\"caption\":\"YouMe Holidays\"},\"image\":{\"@id\":\"https:\\\/\\\/www.youmeholiday.com\\\/fr\\\/#\\\/schema\\\/logo\\\/image\\\/\"},\"sameAs\":[\"https:\\\/\\\/www.facebook.com\\\/bluebubbleholiday\\\/\",\"https:\\\/\\\/www.instagram.com\\\/blue_bubble_holiday_thailand\\\/\"]}]}<\/script>\n<!-- \/ Yoast SEO plugin. -->","yoast_head_json":{"title":"Koh Samui - March\u00e9s locaux, Restaurants | YouMe Holidays","description":"Autour de Kho Samui vous trouverez des march\u00e9s fantastiques. Achetez des souvenirs de vos vacances, que vous pouvez apporter \u00e0 votre famille ou \u00e0 vos amis. Les prix sont n\u00e9gociables partout.","robots":{"index":"index","follow":"follow","max-snippet":"max-snippet:-1","max-image-preview":"max-image-preview:large","max-video-preview":"max-video-preview:-1"},"canonical":"https:\/\/www.youmeholiday.com\/fr\/koh-samui-marches-locaux-restaurants\/","og_locale":"fr_FR","og_type":"article","og_title":"Koh Samui \/ March\u00e9s locaux","og_description":"Autour de Kho Samui vous trouverez des march\u00e9s fantastiques. Achetez des souvenirs de vos vacances, que vous pouvez apporter \u00e0 votre famille ou \u00e0 vos amis. Les prix sont n\u00e9gociables partout.","og_url":"https:\/\/www.youmeholiday.com\/fr\/koh-samui-marches-locaux-restaurants\/","og_site_name":"YouMe Holidays","article_publisher":"https:\/\/www.facebook.com\/bluebubbleholiday\/","article_modified_time":"2022-06-01T09:30:17+00:00","og_image":[{"width":1200,"height":630,"url":"https:\/\/www.youmeholiday.com\/wp-content\/uploads\/2018\/12\/Local-Markets.jpg","type":"image\/jpeg"}],"twitter_card":"summary_large_image","twitter_misc":{"Dur\u00e9e de lecture estim\u00e9e":"3 minutes"},"schema":{"@context":"https:\/\/schema.org","@graph":[{"@type":"WebPage","@id":"https:\/\/www.youmeholiday.com\/fr\/koh-samui-marches-locaux-restaurants\/","url":"https:\/\/www.youmeholiday.com\/fr\/koh-samui-marches-locaux-restaurants\/","name":"Koh Samui - March\u00e9s locaux, Restaurants | YouMe Holidays","isPartOf":{"@id":"https:\/\/www.youmeholiday.com\/fr\/#website"},"datePublished":"2018-12-05T04:16:00+00:00","dateModified":"2022-06-01T09:30:17+00:00","description":"Autour de Kho Samui vous trouverez des march\u00e9s fantastiques. Achetez des souvenirs de vos vacances, que vous pouvez apporter \u00e0 votre famille ou \u00e0 vos amis. Les prix sont n\u00e9gociables partout.","breadcrumb":{"@id":"https:\/\/www.youmeholiday.com\/fr\/koh-samui-marches-locaux-restaurants\/#breadcrumb"},"inLanguage":"fr-FR","potentialAction":[{"@type":"ReadAction","target":["https:\/\/www.youmeholiday.com\/fr\/koh-samui-marches-locaux-restaurants\/"]}]},{"@type":"BreadcrumbList","@id":"https:\/\/www.youmeholiday.com\/fr\/koh-samui-marches-locaux-restaurants\/#breadcrumb","itemListElement":[{"@type":"ListItem","position":1,"name":"Home","item":"https:\/\/www.youmeholiday.com\/fr\/"},{"@type":"ListItem","position":2,"name":"Koh Samui &#8211; March\u00e9s locaux, Restaurants"}]},{"@type":"WebSite","@id":"https:\/\/www.youmeholiday.com\/fr\/#website","url":"https:\/\/www.youmeholiday.com\/fr\/","name":"YouMe Holidays","description":"Visites, activit\u00e9s et informations autour de Koh Samui","publisher":{"@id":"https:\/\/www.youmeholiday.com\/fr\/#organization"},"potentialAction":[{"@type":"SearchAction","target":{"@type":"EntryPoint","urlTemplate":"https:\/\/www.youmeholiday.com\/fr\/?s={search_term_string}"},"query-input":{"@type":"PropertyValueSpecification","valueRequired":true,"valueName":"search_term_string"}}],"inLanguage":"fr-FR"},{"@type":"Organization","@id":"https:\/\/www.youmeholiday.com\/fr\/#organization","name":"YouMe Holidays","url":"https:\/\/www.youmeholiday.com\/fr\/","logo":{"@type":"ImageObject","inLanguage":"fr-FR","@id":"https:\/\/www.youmeholiday.com\/fr\/#\/schema\/logo\/image\/","url":"https:\/\/www.youmeholiday.com\/wp-content\/uploads\/2018\/07\/New_logo_rond_web.png","contentUrl":"https:\/\/www.youmeholiday.com\/wp-content\/uploads\/2018\/07\/New_logo_rond_web.png","width":1587,"height":1099,"caption":"YouMe Holidays"},"image":{"@id":"https:\/\/www.youmeholiday.com\/fr\/#\/schema\/logo\/image\/"},"sameAs":["https:\/\/www.facebook.com\/bluebubbleholiday\/","https:\/\/www.instagram.com\/blue_bubble_holiday_thailand\/"]}]}},"_links":{"self":[{"href":"https:\/\/www.youmeholiday.com\/fr\/wp-json\/wp\/v2\/pages\/7741","targetHints":{"allow":["GET"]}}],"collection":[{"href":"https:\/\/www.youmeholiday.com\/fr\/wp-json\/wp\/v2\/pages"}],"about":[{"href":"https:\/\/www.youmeholiday.com\/fr\/wp-json\/wp\/v2\/types\/page"}],"author":[{"embeddable":true,"href":"https:\/\/www.youmeholiday.com\/fr\/wp-json\/wp\/v2\/users\/1"}],"replies":[{"embeddable":true,"href":"https:\/\/www.youmeholiday.com\/fr\/wp-json\/wp\/v2\/comments?post=7741"}],"version-history":[{"count":11,"href":"https:\/\/www.youmeholiday.com\/fr\/wp-json\/wp\/v2\/pages\/7741\/revisions"}],"predecessor-version":[{"id":10331,"href":"https:\/\/www.youmeholiday.com\/fr\/wp-json\/wp\/v2\/pages\/7741\/revisions\/10331"}],"wp:attachment":[{"href":"https:\/\/www.youmeholiday.com\/fr\/wp-json\/wp\/v2\/media?parent=7741"}],"curies":[{"name":"wp","href":"https:\/\/api.w.org\/{rel}","templated":true}]}}