{"id":7727,"date":"2018-12-04T12:12:19","date_gmt":"2018-12-04T05:12:19","guid":{"rendered":"https:\/\/www.bluebubbleholiday.com\/combat-de-buffles\/"},"modified":"2019-04-19T19:13:39","modified_gmt":"2019-04-19T12:13:39","slug":"combat-de-buffles","status":"publish","type":"page","link":"https:\/\/www.youmeholiday.com\/fr\/combat-de-buffles\/","title":{"rendered":"Combat de buffles"},"content":{"rendered":"<section class=\"l-section wpb_row height_auto width_full\"><div class=\"l-section-h i-cf\"><div class=\"g-cols vc_row via_flex valign_top type_default stacking_default\"><div class=\"vc_col-sm-12 wpb_column vc_column_container\"><div class=\"vc_column-inner\"><div class=\"wpb_wrapper\">[rev_slider_vc alias=\u00a0\u00bbbuffalo\u00a0\u00bb]<\/div><\/div><\/div><\/div><\/div><\/section><section class=\"l-section wpb_row height_medium\"><div class=\"l-section-h i-cf\"><div class=\"g-cols vc_row via_flex valign_top type_default stacking_default\"><div class=\"vc_col-sm-6 wpb_column vc_column_container\"><div class=\"vc_column-inner\"><div class=\"wpb_wrapper\"><div class=\"wpb_text_column\"><div class=\"wpb_wrapper\"><h1>Combat de buffles<\/h1>\n<p>Interdits dans le reste du royaume tha\u00eflandais, ils restent tr\u00e8s populaires \u00e0 Kho Samui.<br \/>\nC&rsquo;est l&rsquo;un des sports les plus populaires du sud de la Tha\u00eflande. Les 10 ar\u00e8nes de combat de l&rsquo;\u00eele sont reconnaissables aux murs en bambou et aux branches de cocotiers. Ils interdisent l&rsquo;acc\u00e8s aux personnes qui n&rsquo;ont pas pay\u00e9 de droit d&rsquo;entr\u00e9e.<\/p>\n<p>Le combat prend fin lorsque l&rsquo;un des deux buffles se retourne, g\u00e9n\u00e9ralement bien avant d&rsquo;\u00eatre gri\u00e8vement bless\u00e9s. Parfois, un combat ne dure que quelques secondes.<\/p>\n<p>Les combats n&rsquo;ont pas lieu souvent, mais si vous voyez des panneaux de rue annon\u00e7ant les \u00e9v\u00e9nements, nous vous recommandons une visite.<\/p>\n<p>Il est int\u00e9ressant de noter que les locaux n\u2019assistent pas \u00e0 ces \u00e9v\u00e9nements pour le spectacle, mais pour les paris. De tr\u00e8s grosses sommes d\u2019argent sont en jeu.<\/p>\n<p>Entr\u00e9e env. 100 &#8211; 150 THB pour les hommes. Les femmes ne paient pas d&rsquo;entr\u00e9e.<\/p>\n<\/div><\/div><\/div><\/div><\/div><div class=\"vc_col-sm-6 wpb_column vc_column_container\"><div class=\"vc_column-inner\"><div class=\"wpb_wrapper\"><div class=\"w-slider style_none fit_scaledown nav_thumbs count_5\" style=\"--thumbs-width:4rem;--thumbs-gap:4px;\"><div class=\"w-slider-h\"><div class=\"royalSlider\"><div class=\"rsContent\"><a class=\"rsImg\" data-rsw=\"1200\" data-rsh=\"800\" data-rsBigImg=\"https:\/\/www.youmeholiday.com\/wp-content\/uploads\/2018\/10\/Buffalo-Fights-01.jpg\" href=\"https:\/\/www.youmeholiday.com\/wp-content\/uploads\/2018\/10\/Buffalo-Fights-01.jpg\"><span data-alt=\"Combat de buffles\"><\/span><\/a><img loading=\"lazy\" decoding=\"async\" width=\"150\" height=\"150\" src=\"https:\/\/www.youmeholiday.com\/wp-content\/uploads\/2018\/10\/Buffalo-Fights-01-150x150.jpg\" class=\"rsTmb\" alt=\"Combat de buffles\" srcset=\"https:\/\/www.youmeholiday.com\/wp-content\/uploads\/2018\/10\/Buffalo-Fights-01-150x150.jpg 150w, https:\/\/www.youmeholiday.com\/wp-content\/uploads\/2018\/10\/Buffalo-Fights-01-350x350.jpg 350w, https:\/\/www.youmeholiday.com\/wp-content\/uploads\/2018\/10\/Buffalo-Fights-01-600x600.jpg 600w, https:\/\/www.youmeholiday.com\/wp-content\/uploads\/2018\/10\/Buffalo-Fights-01-300x300.jpg 300w\" sizes=\"auto, (max-width: 150px) 100vw, 150px\" \/><\/div><div class=\"rsContent\"><a class=\"rsImg\" data-rsw=\"1200\" data-rsh=\"800\" data-rsBigImg=\"https:\/\/www.youmeholiday.com\/wp-content\/uploads\/2018\/10\/Buffalo-Fights-02.jpg\" href=\"https:\/\/www.youmeholiday.com\/wp-content\/uploads\/2018\/10\/Buffalo-Fights-02.jpg\"><span data-alt=\"Combat de buffles\"><\/span><\/a><img loading=\"lazy\" decoding=\"async\" width=\"150\" height=\"150\" src=\"https:\/\/www.youmeholiday.com\/wp-content\/uploads\/2018\/10\/Buffalo-Fights-02-150x150.jpg\" class=\"rsTmb\" alt=\"Combat de buffles\" srcset=\"https:\/\/www.youmeholiday.com\/wp-content\/uploads\/2018\/10\/Buffalo-Fights-02-150x150.jpg 150w, https:\/\/www.youmeholiday.com\/wp-content\/uploads\/2018\/10\/Buffalo-Fights-02-350x350.jpg 350w, https:\/\/www.youmeholiday.com\/wp-content\/uploads\/2018\/10\/Buffalo-Fights-02-600x600.jpg 600w, https:\/\/www.youmeholiday.com\/wp-content\/uploads\/2018\/10\/Buffalo-Fights-02-300x300.jpg 300w\" sizes=\"auto, (max-width: 150px) 100vw, 150px\" \/><\/div><div class=\"rsContent\"><a class=\"rsImg\" data-rsw=\"1200\" data-rsh=\"800\" data-rsBigImg=\"https:\/\/www.youmeholiday.com\/wp-content\/uploads\/2018\/10\/Buffalo-Fights-03.jpg\" href=\"https:\/\/www.youmeholiday.com\/wp-content\/uploads\/2018\/10\/Buffalo-Fights-03.jpg\"><span data-alt=\"Combat de buffles\"><\/span><\/a><img loading=\"lazy\" decoding=\"async\" width=\"150\" height=\"150\" src=\"https:\/\/www.youmeholiday.com\/wp-content\/uploads\/2018\/10\/Buffalo-Fights-03-150x150.jpg\" class=\"rsTmb\" alt=\"Combat de buffles\" srcset=\"https:\/\/www.youmeholiday.com\/wp-content\/uploads\/2018\/10\/Buffalo-Fights-03-150x150.jpg 150w, https:\/\/www.youmeholiday.com\/wp-content\/uploads\/2018\/10\/Buffalo-Fights-03-350x350.jpg 350w, https:\/\/www.youmeholiday.com\/wp-content\/uploads\/2018\/10\/Buffalo-Fights-03-600x600.jpg 600w, https:\/\/www.youmeholiday.com\/wp-content\/uploads\/2018\/10\/Buffalo-Fights-03-300x300.jpg 300w\" sizes=\"auto, (max-width: 150px) 100vw, 150px\" \/><\/div><div class=\"rsContent\"><a class=\"rsImg\" data-rsw=\"1200\" data-rsh=\"800\" data-rsBigImg=\"https:\/\/www.youmeholiday.com\/wp-content\/uploads\/2018\/10\/Buffalo-Fights-04.jpg\" href=\"https:\/\/www.youmeholiday.com\/wp-content\/uploads\/2018\/10\/Buffalo-Fights-04.jpg\"><span data-alt=\"Combat de buffles\"><\/span><\/a><img loading=\"lazy\" decoding=\"async\" width=\"150\" height=\"150\" src=\"https:\/\/www.youmeholiday.com\/wp-content\/uploads\/2018\/10\/Buffalo-Fights-04-150x150.jpg\" class=\"rsTmb\" alt=\"Combat de buffles\" srcset=\"https:\/\/www.youmeholiday.com\/wp-content\/uploads\/2018\/10\/Buffalo-Fights-04-150x150.jpg 150w, https:\/\/www.youmeholiday.com\/wp-content\/uploads\/2018\/10\/Buffalo-Fights-04-350x350.jpg 350w, https:\/\/www.youmeholiday.com\/wp-content\/uploads\/2018\/10\/Buffalo-Fights-04-600x600.jpg 600w, https:\/\/www.youmeholiday.com\/wp-content\/uploads\/2018\/10\/Buffalo-Fights-04-300x300.jpg 300w\" sizes=\"auto, (max-width: 150px) 100vw, 150px\" \/><\/div><div class=\"rsContent\"><a class=\"rsImg\" data-rsw=\"1200\" data-rsh=\"800\" data-rsBigImg=\"https:\/\/www.youmeholiday.com\/wp-content\/uploads\/2018\/10\/Buffalo-Fights-05.jpg\" href=\"https:\/\/www.youmeholiday.com\/wp-content\/uploads\/2018\/10\/Buffalo-Fights-05.jpg\"><span data-alt=\"Combat de buffles\"><\/span><\/a><img loading=\"lazy\" decoding=\"async\" width=\"150\" height=\"150\" src=\"https:\/\/www.youmeholiday.com\/wp-content\/uploads\/2018\/10\/Buffalo-Fights-05-150x150.jpg\" class=\"rsTmb\" alt=\"Combat de buffles\" srcset=\"https:\/\/www.youmeholiday.com\/wp-content\/uploads\/2018\/10\/Buffalo-Fights-05-150x150.jpg 150w, https:\/\/www.youmeholiday.com\/wp-content\/uploads\/2018\/10\/Buffalo-Fights-05-350x350.jpg 350w, https:\/\/www.youmeholiday.com\/wp-content\/uploads\/2018\/10\/Buffalo-Fights-05-600x600.jpg 600w, https:\/\/www.youmeholiday.com\/wp-content\/uploads\/2018\/10\/Buffalo-Fights-05-300x300.jpg 300w\" sizes=\"auto, (max-width: 150px) 100vw, 150px\" \/><\/div><\/div><img decoding=\"async\" src=\"https:\/\/www.youmeholiday.com\/wp-content\/uploads\/2018\/10\/Buffalo-Fights-01.jpg\" width=\"1200\" height=\"800\" alt=\"Combat de buffles\" loading=\"lazy\"><\/div><div class=\"w-slider-json\" onclick='return {&quot;autoScaleSlider&quot;:true,&quot;addActiveClass&quot;:true,&quot;loop&quot;:true,&quot;fadeInLoadedSlide&quot;:false,&quot;slidesSpacing&quot;:0,&quot;imageScalePadding&quot;:0,&quot;numImagesToPreload&quot;:2,&quot;arrowsNav&quot;:true,&quot;arrowsNavAutoHide&quot;:true,&quot;transitionType&quot;:&quot;move&quot;,&quot;transitionSpeed&quot;:250,&quot;block&quot;:{&quot;moveEffect&quot;:&quot;none&quot;,&quot;speed&quot;:300},&quot;thumbs&quot;:{&quot;fitInViewport&quot;:false,&quot;firstMargin&quot;:false,&quot;spacing&quot;:4},&quot;controlNavigation&quot;:&quot;thumbnails&quot;,&quot;autoplay&quot;:{&quot;enabled&quot;:true,&quot;pauseOnHover&quot;:true,&quot;delay&quot;:3000},&quot;fullscreen&quot;:{&quot;enabled&quot;:true},&quot;autoScaleSliderWidth&quot;:1200,&quot;autoScaleSliderHeight&quot;:800}'><\/div><\/div><\/div><\/div><\/div><\/div><\/div><\/section>\n","protected":false},"excerpt":{"rendered":"[rev_slider_vc alias=\"buffalo\"] Combat de buffles Interdits dans le reste du royaume tha\u00eflandais, ils restent tr\u00e8s populaires \u00e0 Kho Samui. C&rsquo;est l&rsquo;un des sports les plus populaires du sud de la...","protected":false},"author":1,"featured_media":0,"parent":0,"menu_order":0,"comment_status":"closed","ping_status":"closed","template":"","meta":{"_acf_changed":false,"footnotes":""},"class_list":["post-7727","page","type-page","status-publish","hentry"],"acf":[],"yoast_head":"<!-- This site is optimized with the Yoast SEO plugin v27.5 - https:\/\/yoast.com\/product\/yoast-seo-wordpress\/ -->\n<title>Combat de buffles | YouMe Holidays<\/title>\n<meta name=\"description\" content=\"C\u2019est l\u2019un des sports les plus populaires du sud de la Tha\u00eflande. Les 10 ar\u00e8nes de combat de l\u2019\u00eele sont reconnaissables aux murs en bambou et aux branches de cocotiers. Ils interdisent l\u2019acc\u00e8s aux personnes qui n\u2019ont pas pay\u00e9 de droit d\u2019entr\u00e9e.\" \/>\n<meta name=\"robots\" content=\"index, follow, max-snippet:-1, max-image-preview:large, max-video-preview:-1\" \/>\n<link rel=\"canonical\" href=\"https:\/\/www.youmeholiday.com\/fr\/combat-de-buffles\/\" \/>\n<meta property=\"og:locale\" content=\"fr_FR\" \/>\n<meta property=\"og:type\" content=\"article\" \/>\n<meta property=\"og:title\" content=\"Combat de buffles\" \/>\n<meta property=\"og:description\" content=\"C\u2019est l\u2019un des sports les plus populaires du sud de la Tha\u00eflande. Les 10 ar\u00e8nes de combat de l\u2019\u00eele sont reconnaissables aux murs en bambou et aux branches de cocotiers. Ils interdisent l\u2019acc\u00e8s aux personnes qui n\u2019ont pas pay\u00e9 de droit d\u2019entr\u00e9e.\" \/>\n<meta property=\"og:url\" content=\"https:\/\/www.youmeholiday.com\/fr\/combat-de-buffles\/\" \/>\n<meta property=\"og:site_name\" content=\"YouMe Holidays\" \/>\n<meta property=\"article:publisher\" content=\"https:\/\/www.facebook.com\/bluebubbleholiday\/\" \/>\n<meta property=\"article:modified_time\" content=\"2019-04-19T12:13:39+00:00\" \/>\n<meta property=\"og:image\" content=\"https:\/\/www.youmeholiday.com\/wp-content\/uploads\/2018\/12\/Buffalo.jpg\" \/>\n\t<meta property=\"og:image:width\" content=\"1200\" \/>\n\t<meta property=\"og:image:height\" content=\"630\" \/>\n\t<meta property=\"og:image:type\" content=\"image\/jpeg\" \/>\n<meta name=\"twitter:card\" content=\"summary_large_image\" \/>\n<meta name=\"twitter:label1\" content=\"Dur\u00e9e de lecture estim\u00e9e\" \/>\n\t<meta name=\"twitter:data1\" content=\"1 minute\" \/>\n<script type=\"application\/ld+json\" class=\"yoast-schema-graph\">{\"@context\":\"https:\\\/\\\/schema.org\",\"@graph\":[{\"@type\":\"WebPage\",\"@id\":\"https:\\\/\\\/www.youmeholiday.com\\\/fr\\\/combat-de-buffles\\\/\",\"url\":\"https:\\\/\\\/www.youmeholiday.com\\\/fr\\\/combat-de-buffles\\\/\",\"name\":\"Combat de buffles | YouMe Holidays\",\"isPartOf\":{\"@id\":\"https:\\\/\\\/www.youmeholiday.com\\\/fr\\\/#website\"},\"datePublished\":\"2018-12-04T05:12:19+00:00\",\"dateModified\":\"2019-04-19T12:13:39+00:00\",\"description\":\"C\u2019est l\u2019un des sports les plus populaires du sud de la Tha\u00eflande. Les 10 ar\u00e8nes de combat de l\u2019\u00eele sont reconnaissables aux murs en bambou et aux branches de cocotiers. Ils interdisent l\u2019acc\u00e8s aux personnes qui n\u2019ont pas pay\u00e9 de droit d\u2019entr\u00e9e.\",\"breadcrumb\":{\"@id\":\"https:\\\/\\\/www.youmeholiday.com\\\/fr\\\/combat-de-buffles\\\/#breadcrumb\"},\"inLanguage\":\"fr-FR\",\"potentialAction\":[{\"@type\":\"ReadAction\",\"target\":[\"https:\\\/\\\/www.youmeholiday.com\\\/fr\\\/combat-de-buffles\\\/\"]}]},{\"@type\":\"BreadcrumbList\",\"@id\":\"https:\\\/\\\/www.youmeholiday.com\\\/fr\\\/combat-de-buffles\\\/#breadcrumb\",\"itemListElement\":[{\"@type\":\"ListItem\",\"position\":1,\"name\":\"Home\",\"item\":\"https:\\\/\\\/www.youmeholiday.com\\\/fr\\\/\"},{\"@type\":\"ListItem\",\"position\":2,\"name\":\"Combat de buffles\"}]},{\"@type\":\"WebSite\",\"@id\":\"https:\\\/\\\/www.youmeholiday.com\\\/fr\\\/#website\",\"url\":\"https:\\\/\\\/www.youmeholiday.com\\\/fr\\\/\",\"name\":\"YouMe Holidays\",\"description\":\"Visites, activit\u00e9s et informations autour de Koh Samui\",\"publisher\":{\"@id\":\"https:\\\/\\\/www.youmeholiday.com\\\/fr\\\/#organization\"},\"potentialAction\":[{\"@type\":\"SearchAction\",\"target\":{\"@type\":\"EntryPoint\",\"urlTemplate\":\"https:\\\/\\\/www.youmeholiday.com\\\/fr\\\/?s={search_term_string}\"},\"query-input\":{\"@type\":\"PropertyValueSpecification\",\"valueRequired\":true,\"valueName\":\"search_term_string\"}}],\"inLanguage\":\"fr-FR\"},{\"@type\":\"Organization\",\"@id\":\"https:\\\/\\\/www.youmeholiday.com\\\/fr\\\/#organization\",\"name\":\"YouMe Holidays\",\"url\":\"https:\\\/\\\/www.youmeholiday.com\\\/fr\\\/\",\"logo\":{\"@type\":\"ImageObject\",\"inLanguage\":\"fr-FR\",\"@id\":\"https:\\\/\\\/www.youmeholiday.com\\\/fr\\\/#\\\/schema\\\/logo\\\/image\\\/\",\"url\":\"https:\\\/\\\/www.youmeholiday.com\\\/wp-content\\\/uploads\\\/2018\\\/07\\\/New_logo_rond_web.png\",\"contentUrl\":\"https:\\\/\\\/www.youmeholiday.com\\\/wp-content\\\/uploads\\\/2018\\\/07\\\/New_logo_rond_web.png\",\"width\":1587,\"height\":1099,\"caption\":\"YouMe Holidays\"},\"image\":{\"@id\":\"https:\\\/\\\/www.youmeholiday.com\\\/fr\\\/#\\\/schema\\\/logo\\\/image\\\/\"},\"sameAs\":[\"https:\\\/\\\/www.facebook.com\\\/bluebubbleholiday\\\/\",\"https:\\\/\\\/www.instagram.com\\\/blue_bubble_holiday_thailand\\\/\"]}]}<\/script>\n<!-- \/ Yoast SEO plugin. -->","yoast_head_json":{"title":"Combat de buffles | YouMe Holidays","description":"C\u2019est l\u2019un des sports les plus populaires du sud de la Tha\u00eflande. Les 10 ar\u00e8nes de combat de l\u2019\u00eele sont reconnaissables aux murs en bambou et aux branches de cocotiers. Ils interdisent l\u2019acc\u00e8s aux personnes qui n\u2019ont pas pay\u00e9 de droit d\u2019entr\u00e9e.","robots":{"index":"index","follow":"follow","max-snippet":"max-snippet:-1","max-image-preview":"max-image-preview:large","max-video-preview":"max-video-preview:-1"},"canonical":"https:\/\/www.youmeholiday.com\/fr\/combat-de-buffles\/","og_locale":"fr_FR","og_type":"article","og_title":"Combat de buffles","og_description":"C\u2019est l\u2019un des sports les plus populaires du sud de la Tha\u00eflande. Les 10 ar\u00e8nes de combat de l\u2019\u00eele sont reconnaissables aux murs en bambou et aux branches de cocotiers. Ils interdisent l\u2019acc\u00e8s aux personnes qui n\u2019ont pas pay\u00e9 de droit d\u2019entr\u00e9e.","og_url":"https:\/\/www.youmeholiday.com\/fr\/combat-de-buffles\/","og_site_name":"YouMe Holidays","article_publisher":"https:\/\/www.facebook.com\/bluebubbleholiday\/","article_modified_time":"2019-04-19T12:13:39+00:00","og_image":[{"width":1200,"height":630,"url":"https:\/\/www.youmeholiday.com\/wp-content\/uploads\/2018\/12\/Buffalo.jpg","type":"image\/jpeg"}],"twitter_card":"summary_large_image","twitter_misc":{"Dur\u00e9e de lecture estim\u00e9e":"1 minute"},"schema":{"@context":"https:\/\/schema.org","@graph":[{"@type":"WebPage","@id":"https:\/\/www.youmeholiday.com\/fr\/combat-de-buffles\/","url":"https:\/\/www.youmeholiday.com\/fr\/combat-de-buffles\/","name":"Combat de buffles | YouMe Holidays","isPartOf":{"@id":"https:\/\/www.youmeholiday.com\/fr\/#website"},"datePublished":"2018-12-04T05:12:19+00:00","dateModified":"2019-04-19T12:13:39+00:00","description":"C\u2019est l\u2019un des sports les plus populaires du sud de la Tha\u00eflande. Les 10 ar\u00e8nes de combat de l\u2019\u00eele sont reconnaissables aux murs en bambou et aux branches de cocotiers. Ils interdisent l\u2019acc\u00e8s aux personnes qui n\u2019ont pas pay\u00e9 de droit d\u2019entr\u00e9e.","breadcrumb":{"@id":"https:\/\/www.youmeholiday.com\/fr\/combat-de-buffles\/#breadcrumb"},"inLanguage":"fr-FR","potentialAction":[{"@type":"ReadAction","target":["https:\/\/www.youmeholiday.com\/fr\/combat-de-buffles\/"]}]},{"@type":"BreadcrumbList","@id":"https:\/\/www.youmeholiday.com\/fr\/combat-de-buffles\/#breadcrumb","itemListElement":[{"@type":"ListItem","position":1,"name":"Home","item":"https:\/\/www.youmeholiday.com\/fr\/"},{"@type":"ListItem","position":2,"name":"Combat de buffles"}]},{"@type":"WebSite","@id":"https:\/\/www.youmeholiday.com\/fr\/#website","url":"https:\/\/www.youmeholiday.com\/fr\/","name":"YouMe Holidays","description":"Visites, activit\u00e9s et informations autour de Koh Samui","publisher":{"@id":"https:\/\/www.youmeholiday.com\/fr\/#organization"},"potentialAction":[{"@type":"SearchAction","target":{"@type":"EntryPoint","urlTemplate":"https:\/\/www.youmeholiday.com\/fr\/?s={search_term_string}"},"query-input":{"@type":"PropertyValueSpecification","valueRequired":true,"valueName":"search_term_string"}}],"inLanguage":"fr-FR"},{"@type":"Organization","@id":"https:\/\/www.youmeholiday.com\/fr\/#organization","name":"YouMe Holidays","url":"https:\/\/www.youmeholiday.com\/fr\/","logo":{"@type":"ImageObject","inLanguage":"fr-FR","@id":"https:\/\/www.youmeholiday.com\/fr\/#\/schema\/logo\/image\/","url":"https:\/\/www.youmeholiday.com\/wp-content\/uploads\/2018\/07\/New_logo_rond_web.png","contentUrl":"https:\/\/www.youmeholiday.com\/wp-content\/uploads\/2018\/07\/New_logo_rond_web.png","width":1587,"height":1099,"caption":"YouMe Holidays"},"image":{"@id":"https:\/\/www.youmeholiday.com\/fr\/#\/schema\/logo\/image\/"},"sameAs":["https:\/\/www.facebook.com\/bluebubbleholiday\/","https:\/\/www.instagram.com\/blue_bubble_holiday_thailand\/"]}]}},"_links":{"self":[{"href":"https:\/\/www.youmeholiday.com\/fr\/wp-json\/wp\/v2\/pages\/7727","targetHints":{"allow":["GET"]}}],"collection":[{"href":"https:\/\/www.youmeholiday.com\/fr\/wp-json\/wp\/v2\/pages"}],"about":[{"href":"https:\/\/www.youmeholiday.com\/fr\/wp-json\/wp\/v2\/types\/page"}],"author":[{"embeddable":true,"href":"https:\/\/www.youmeholiday.com\/fr\/wp-json\/wp\/v2\/users\/1"}],"replies":[{"embeddable":true,"href":"https:\/\/www.youmeholiday.com\/fr\/wp-json\/wp\/v2\/comments?post=7727"}],"version-history":[{"count":2,"href":"https:\/\/www.youmeholiday.com\/fr\/wp-json\/wp\/v2\/pages\/7727\/revisions"}],"predecessor-version":[{"id":8285,"href":"https:\/\/www.youmeholiday.com\/fr\/wp-json\/wp\/v2\/pages\/7727\/revisions\/8285"}],"wp:attachment":[{"href":"https:\/\/www.youmeholiday.com\/fr\/wp-json\/wp\/v2\/media?parent=7727"}],"curies":[{"name":"wp","href":"https:\/\/api.w.org\/{rel}","templated":true}]}}