{"id":7723,"date":"2018-12-04T12:01:04","date_gmt":"2018-12-04T05:01:04","guid":{"rendered":"https:\/\/www.bluebubbleholiday.com\/box-thai\/"},"modified":"2021-11-07T14:31:40","modified_gmt":"2021-11-07T07:31:40","slug":"box-thai","status":"publish","type":"page","link":"https:\/\/www.youmeholiday.com\/fr\/box-thai\/","title":{"rendered":"Box Thai"},"content":{"rendered":"<section class=\"l-section wpb_row height_auto width_full\"><div class=\"l-section-h i-cf\"><div class=\"g-cols vc_row via_flex valign_top type_default stacking_default\"><div class=\"vc_col-sm-12 wpb_column vc_column_container\"><div class=\"vc_column-inner\"><div class=\"wpb_wrapper\">[rev_slider_vc alias=\u00a0\u00bbthai-boxing\u00a0\u00bb]<\/div><\/div><\/div><\/div><\/div><\/section><section class=\"l-section wpb_row height_medium\"><div class=\"l-section-h i-cf\"><div class=\"g-cols vc_row via_flex valign_top type_default stacking_default\"><div class=\"vc_col-sm-6 wpb_column vc_column_container\"><div class=\"vc_column-inner\"><div class=\"wpb_wrapper\"><div class=\"wpb_text_column\"><div class=\"wpb_wrapper\"><h1>Box Thai (Muay Thai)<\/h1>\n<p>Muay Thai reste \u00e0 ce jour le sport le plus populaire du pays.<br \/>\nLa place principale de Koh Samui pour Muay Thai est bien s\u00fbr au Chaweng Stadium.<\/p>\n<p>C&rsquo;est sans doute la boxe la plus spectaculaire, car elle permet \u00e0 deux adversaires d&rsquo;une m\u00eame cat\u00e9gorie de se battre entre eux avec des coups de pied, des poings, des coudes et des genoux.<\/p>\n<p>Les combats se d\u00e9roulent selon un rituel traditionnel. Les boxeurs portent un bandeau autour du front et des bras. Celui sur le front est appel\u00e9 \u00ab\u00a0mongkhol\u00a0\u00bb, il est consid\u00e9r\u00e9 comme chanceux et est retir\u00e9 avant le d\u00e9but du combat.<br \/>\nAvant le combat, les boxeurs s&rsquo;agenouillent trois fois et s&rsquo;inclinent : Wai Kru, signe de respect pour leur entra\u00eeneur. Elle est suivie d&rsquo;une danse autour de l&rsquo;anneau, le Ram Muay, qui sert \u00e9galement d&rsquo;\u00e9chauffement.<\/p>\n<p>Tout le combat se d\u00e9roule avec un fond musical traditionnel jou\u00e9 \u00ab\u00a0live\u00a0\u00bb par des musiciens tha\u00eflandais, avec le rythme de la musique s&rsquo;adaptant \u00e0 l&rsquo;intensit\u00e9 des batailles sur le ring. Le spectacle des parieurs autour du ring est une attraction !<\/p>\n<p>Les combats sont l\u2019une des \u00e9missions t\u00e9l\u00e9vis\u00e9es les plus regard\u00e9es du royaume. Dans les petits villages, les habitants se rassemblent autour des quelques t\u00e9l\u00e9visions pour soutenir leurs combattants pr\u00e9f\u00e9r\u00e9s\u2026 et bien s\u00fbr pour parier!<\/p>\n<p><span style=\"color: #ff0000;\">Temporairement ferm\u00e9 en raison de la situation du COVID.<\/span><\/p>\n<p>Prix pour un combat dans le stade Chaweng 1&rsquo;500. -THB par personne<\/p>\n<\/div><\/div><\/div><\/div><\/div><div class=\"vc_col-sm-6 wpb_column vc_column_container\"><div class=\"vc_column-inner\"><div class=\"wpb_wrapper\"><div class=\"w-slider style_none fit_scaledown nav_none count_2\"><div class=\"w-slider-h\"><div class=\"royalSlider\"><div class=\"rsContent\"><a class=\"rsImg\" data-rsw=\"1200\" data-rsh=\"800\" data-rsBigImg=\"https:\/\/www.youmeholiday.com\/wp-content\/uploads\/2018\/10\/Thai-Boxing-02.jpg\" href=\"https:\/\/www.youmeholiday.com\/wp-content\/uploads\/2018\/10\/Thai-Boxing-02.jpg\"><span data-alt=\"Box Thai\"><\/span><\/a><\/div><div class=\"rsContent\"><a class=\"rsImg\" data-rsw=\"1200\" data-rsh=\"800\" data-rsBigImg=\"https:\/\/www.youmeholiday.com\/wp-content\/uploads\/2018\/10\/Thai-Boxing-01.jpg\" href=\"https:\/\/www.youmeholiday.com\/wp-content\/uploads\/2018\/10\/Thai-Boxing-01.jpg\"><span data-alt=\"Box Thai\"><\/span><\/a><\/div><\/div><img decoding=\"async\" src=\"https:\/\/www.youmeholiday.com\/wp-content\/uploads\/2018\/10\/Thai-Boxing-02.jpg\" width=\"1200\" height=\"800\" alt=\"Box Thai\" loading=\"lazy\"><\/div><div class=\"w-slider-json\" onclick='return {&quot;autoScaleSlider&quot;:true,&quot;addActiveClass&quot;:true,&quot;loop&quot;:true,&quot;fadeInLoadedSlide&quot;:false,&quot;slidesSpacing&quot;:0,&quot;imageScalePadding&quot;:0,&quot;numImagesToPreload&quot;:2,&quot;arrowsNav&quot;:true,&quot;arrowsNavAutoHide&quot;:false,&quot;transitionType&quot;:&quot;move&quot;,&quot;transitionSpeed&quot;:250,&quot;block&quot;:{&quot;moveEffect&quot;:&quot;none&quot;,&quot;speed&quot;:300},&quot;thumbs&quot;:{&quot;fitInViewport&quot;:false,&quot;firstMargin&quot;:false,&quot;spacing&quot;:4},&quot;controlNavigation&quot;:&quot;none&quot;,&quot;autoplay&quot;:{&quot;enabled&quot;:true,&quot;pauseOnHover&quot;:true,&quot;delay&quot;:3000},&quot;fullscreen&quot;:{&quot;enabled&quot;:true},&quot;autoScaleSliderWidth&quot;:1200,&quot;autoScaleSliderHeight&quot;:800}'><\/div><\/div><div class=\"w-separator size_medium\"><\/div><div class=\"wpb_text_column\"><div class=\"wpb_wrapper\"><h3>Aimeriez-vous apprendre le tha\u00ef Box (Muay Thai)?<\/h3>\n<p>Nous recommandons l&rsquo;\u00e9cole \u00ab\u00a0Superpro Samui\u00a0\u00bb bas\u00e9e \u00e0 Chaweng.<br \/>\nIls proposent des cours avec des formateurs professionnels. Convient \u00e9galement aux d\u00e9butants.<\/p>\n<p>Pour de plus amples informations, veuillez contacter l&rsquo;\u00e9cole.<\/p>\n<p>Infos sur:<br \/>\n<a href=\"http:\/\/www.superprosamui.com\" target=\"_blank\" rel=\"noopener noreferrer\">www.superprosamui.com<\/a><br \/>\n<a href=\"mailto:info@superprosamui.com\">info@superprosamui.com<\/a><\/p>\n<\/div><\/div><\/div><\/div><\/div><\/div><\/div><\/section>\n","protected":false},"excerpt":{"rendered":"[rev_slider_vc alias=\"thai-boxing\"]Box Thai (Muay Thai) Muay Thai reste \u00e0 ce jour le sport le plus populaire du pays. La place principale de Koh Samui pour Muay Thai est bien s\u00fbr...","protected":false},"author":1,"featured_media":0,"parent":0,"menu_order":0,"comment_status":"closed","ping_status":"closed","template":"","meta":{"_acf_changed":false,"footnotes":""},"class_list":["post-7723","page","type-page","status-publish","hentry"],"acf":[],"yoast_head":"<!-- This site is optimized with the Yoast SEO plugin v27.5 - https:\/\/yoast.com\/product\/yoast-seo-wordpress\/ -->\n<title>Box Thai | YouMe Holidays<\/title>\n<meta name=\"description\" content=\"Muay Thai reste \u00e0 ce jour le sport le plus populaire du pays.La place principale de Koh Samui pour Muay Thai est bien s\u00fbr au Chaweng Stadium.\" \/>\n<meta name=\"robots\" content=\"index, follow, max-snippet:-1, max-image-preview:large, max-video-preview:-1\" \/>\n<link rel=\"canonical\" href=\"https:\/\/www.youmeholiday.com\/fr\/box-thai\/\" \/>\n<meta property=\"og:locale\" content=\"fr_FR\" \/>\n<meta property=\"og:type\" content=\"article\" \/>\n<meta property=\"og:title\" content=\"Box Thai (Muay Thai)\" \/>\n<meta property=\"og:description\" content=\"Muay Thai reste \u00e0 ce jour le sport le plus populaire du pays. La place principale de Koh Samui pour Muay Thai est bien s\u00fbr au Chaweng Stadium.\" \/>\n<meta property=\"og:url\" content=\"https:\/\/www.youmeholiday.com\/fr\/box-thai\/\" \/>\n<meta property=\"og:site_name\" content=\"YouMe Holidays\" \/>\n<meta property=\"article:publisher\" content=\"https:\/\/www.facebook.com\/bluebubbleholiday\/\" \/>\n<meta property=\"article:modified_time\" content=\"2021-11-07T07:31:40+00:00\" \/>\n<meta property=\"og:image\" content=\"https:\/\/www.youmeholiday.com\/wp-content\/uploads\/2018\/12\/Thai-Boxing.jpg\" \/>\n\t<meta property=\"og:image:width\" content=\"1200\" \/>\n\t<meta property=\"og:image:height\" content=\"630\" \/>\n\t<meta property=\"og:image:type\" content=\"image\/jpeg\" \/>\n<meta name=\"twitter:card\" content=\"summary_large_image\" \/>\n<meta name=\"twitter:label1\" content=\"Dur\u00e9e de lecture estim\u00e9e\" \/>\n\t<meta name=\"twitter:data1\" content=\"2 minutes\" \/>\n<script type=\"application\/ld+json\" class=\"yoast-schema-graph\">{\"@context\":\"https:\\\/\\\/schema.org\",\"@graph\":[{\"@type\":\"WebPage\",\"@id\":\"https:\\\/\\\/www.youmeholiday.com\\\/fr\\\/box-thai\\\/\",\"url\":\"https:\\\/\\\/www.youmeholiday.com\\\/fr\\\/box-thai\\\/\",\"name\":\"Box Thai | YouMe Holidays\",\"isPartOf\":{\"@id\":\"https:\\\/\\\/www.youmeholiday.com\\\/fr\\\/#website\"},\"datePublished\":\"2018-12-04T05:01:04+00:00\",\"dateModified\":\"2021-11-07T07:31:40+00:00\",\"description\":\"Muay Thai reste \u00e0 ce jour le sport le plus populaire du pays.La place principale de Koh Samui pour Muay Thai est bien s\u00fbr au Chaweng Stadium.\",\"breadcrumb\":{\"@id\":\"https:\\\/\\\/www.youmeholiday.com\\\/fr\\\/box-thai\\\/#breadcrumb\"},\"inLanguage\":\"fr-FR\",\"potentialAction\":[{\"@type\":\"ReadAction\",\"target\":[\"https:\\\/\\\/www.youmeholiday.com\\\/fr\\\/box-thai\\\/\"]}]},{\"@type\":\"BreadcrumbList\",\"@id\":\"https:\\\/\\\/www.youmeholiday.com\\\/fr\\\/box-thai\\\/#breadcrumb\",\"itemListElement\":[{\"@type\":\"ListItem\",\"position\":1,\"name\":\"Home\",\"item\":\"https:\\\/\\\/www.youmeholiday.com\\\/fr\\\/\"},{\"@type\":\"ListItem\",\"position\":2,\"name\":\"Box Thai\"}]},{\"@type\":\"WebSite\",\"@id\":\"https:\\\/\\\/www.youmeholiday.com\\\/fr\\\/#website\",\"url\":\"https:\\\/\\\/www.youmeholiday.com\\\/fr\\\/\",\"name\":\"YouMe Holidays\",\"description\":\"Visites, activit\u00e9s et informations autour de Koh Samui\",\"publisher\":{\"@id\":\"https:\\\/\\\/www.youmeholiday.com\\\/fr\\\/#organization\"},\"potentialAction\":[{\"@type\":\"SearchAction\",\"target\":{\"@type\":\"EntryPoint\",\"urlTemplate\":\"https:\\\/\\\/www.youmeholiday.com\\\/fr\\\/?s={search_term_string}\"},\"query-input\":{\"@type\":\"PropertyValueSpecification\",\"valueRequired\":true,\"valueName\":\"search_term_string\"}}],\"inLanguage\":\"fr-FR\"},{\"@type\":\"Organization\",\"@id\":\"https:\\\/\\\/www.youmeholiday.com\\\/fr\\\/#organization\",\"name\":\"YouMe Holidays\",\"url\":\"https:\\\/\\\/www.youmeholiday.com\\\/fr\\\/\",\"logo\":{\"@type\":\"ImageObject\",\"inLanguage\":\"fr-FR\",\"@id\":\"https:\\\/\\\/www.youmeholiday.com\\\/fr\\\/#\\\/schema\\\/logo\\\/image\\\/\",\"url\":\"https:\\\/\\\/www.youmeholiday.com\\\/wp-content\\\/uploads\\\/2018\\\/07\\\/New_logo_rond_web.png\",\"contentUrl\":\"https:\\\/\\\/www.youmeholiday.com\\\/wp-content\\\/uploads\\\/2018\\\/07\\\/New_logo_rond_web.png\",\"width\":1587,\"height\":1099,\"caption\":\"YouMe Holidays\"},\"image\":{\"@id\":\"https:\\\/\\\/www.youmeholiday.com\\\/fr\\\/#\\\/schema\\\/logo\\\/image\\\/\"},\"sameAs\":[\"https:\\\/\\\/www.facebook.com\\\/bluebubbleholiday\\\/\",\"https:\\\/\\\/www.instagram.com\\\/blue_bubble_holiday_thailand\\\/\"]}]}<\/script>\n<!-- \/ Yoast SEO plugin. -->","yoast_head_json":{"title":"Box Thai | YouMe Holidays","description":"Muay Thai reste \u00e0 ce jour le sport le plus populaire du pays.La place principale de Koh Samui pour Muay Thai est bien s\u00fbr au Chaweng Stadium.","robots":{"index":"index","follow":"follow","max-snippet":"max-snippet:-1","max-image-preview":"max-image-preview:large","max-video-preview":"max-video-preview:-1"},"canonical":"https:\/\/www.youmeholiday.com\/fr\/box-thai\/","og_locale":"fr_FR","og_type":"article","og_title":"Box Thai (Muay Thai)","og_description":"Muay Thai reste \u00e0 ce jour le sport le plus populaire du pays. La place principale de Koh Samui pour Muay Thai est bien s\u00fbr au Chaweng Stadium.","og_url":"https:\/\/www.youmeholiday.com\/fr\/box-thai\/","og_site_name":"YouMe Holidays","article_publisher":"https:\/\/www.facebook.com\/bluebubbleholiday\/","article_modified_time":"2021-11-07T07:31:40+00:00","og_image":[{"width":1200,"height":630,"url":"https:\/\/www.youmeholiday.com\/wp-content\/uploads\/2018\/12\/Thai-Boxing.jpg","type":"image\/jpeg"}],"twitter_card":"summary_large_image","twitter_misc":{"Dur\u00e9e de lecture estim\u00e9e":"2 minutes"},"schema":{"@context":"https:\/\/schema.org","@graph":[{"@type":"WebPage","@id":"https:\/\/www.youmeholiday.com\/fr\/box-thai\/","url":"https:\/\/www.youmeholiday.com\/fr\/box-thai\/","name":"Box Thai | YouMe Holidays","isPartOf":{"@id":"https:\/\/www.youmeholiday.com\/fr\/#website"},"datePublished":"2018-12-04T05:01:04+00:00","dateModified":"2021-11-07T07:31:40+00:00","description":"Muay Thai reste \u00e0 ce jour le sport le plus populaire du pays.La place principale de Koh Samui pour Muay Thai est bien s\u00fbr au Chaweng Stadium.","breadcrumb":{"@id":"https:\/\/www.youmeholiday.com\/fr\/box-thai\/#breadcrumb"},"inLanguage":"fr-FR","potentialAction":[{"@type":"ReadAction","target":["https:\/\/www.youmeholiday.com\/fr\/box-thai\/"]}]},{"@type":"BreadcrumbList","@id":"https:\/\/www.youmeholiday.com\/fr\/box-thai\/#breadcrumb","itemListElement":[{"@type":"ListItem","position":1,"name":"Home","item":"https:\/\/www.youmeholiday.com\/fr\/"},{"@type":"ListItem","position":2,"name":"Box Thai"}]},{"@type":"WebSite","@id":"https:\/\/www.youmeholiday.com\/fr\/#website","url":"https:\/\/www.youmeholiday.com\/fr\/","name":"YouMe Holidays","description":"Visites, activit\u00e9s et informations autour de Koh Samui","publisher":{"@id":"https:\/\/www.youmeholiday.com\/fr\/#organization"},"potentialAction":[{"@type":"SearchAction","target":{"@type":"EntryPoint","urlTemplate":"https:\/\/www.youmeholiday.com\/fr\/?s={search_term_string}"},"query-input":{"@type":"PropertyValueSpecification","valueRequired":true,"valueName":"search_term_string"}}],"inLanguage":"fr-FR"},{"@type":"Organization","@id":"https:\/\/www.youmeholiday.com\/fr\/#organization","name":"YouMe Holidays","url":"https:\/\/www.youmeholiday.com\/fr\/","logo":{"@type":"ImageObject","inLanguage":"fr-FR","@id":"https:\/\/www.youmeholiday.com\/fr\/#\/schema\/logo\/image\/","url":"https:\/\/www.youmeholiday.com\/wp-content\/uploads\/2018\/07\/New_logo_rond_web.png","contentUrl":"https:\/\/www.youmeholiday.com\/wp-content\/uploads\/2018\/07\/New_logo_rond_web.png","width":1587,"height":1099,"caption":"YouMe Holidays"},"image":{"@id":"https:\/\/www.youmeholiday.com\/fr\/#\/schema\/logo\/image\/"},"sameAs":["https:\/\/www.facebook.com\/bluebubbleholiday\/","https:\/\/www.instagram.com\/blue_bubble_holiday_thailand\/"]}]}},"_links":{"self":[{"href":"https:\/\/www.youmeholiday.com\/fr\/wp-json\/wp\/v2\/pages\/7723","targetHints":{"allow":["GET"]}}],"collection":[{"href":"https:\/\/www.youmeholiday.com\/fr\/wp-json\/wp\/v2\/pages"}],"about":[{"href":"https:\/\/www.youmeholiday.com\/fr\/wp-json\/wp\/v2\/types\/page"}],"author":[{"embeddable":true,"href":"https:\/\/www.youmeholiday.com\/fr\/wp-json\/wp\/v2\/users\/1"}],"replies":[{"embeddable":true,"href":"https:\/\/www.youmeholiday.com\/fr\/wp-json\/wp\/v2\/comments?post=7723"}],"version-history":[{"count":4,"href":"https:\/\/www.youmeholiday.com\/fr\/wp-json\/wp\/v2\/pages\/7723\/revisions"}],"predecessor-version":[{"id":9451,"href":"https:\/\/www.youmeholiday.com\/fr\/wp-json\/wp\/v2\/pages\/7723\/revisions\/9451"}],"wp:attachment":[{"href":"https:\/\/www.youmeholiday.com\/fr\/wp-json\/wp\/v2\/media?parent=7723"}],"curies":[{"name":"wp","href":"https:\/\/api.w.org\/{rel}","templated":true}]}}