{"id":7721,"date":"2018-12-04T11:55:47","date_gmt":"2018-12-04T04:55:47","guid":{"rendered":"https:\/\/www.bluebubbleholiday.com\/jardin-magique\/"},"modified":"2019-05-06T15:39:18","modified_gmt":"2019-05-06T08:39:18","slug":"jardin-magique","status":"publish","type":"page","link":"https:\/\/www.youmeholiday.com\/fr\/jardin-magique\/","title":{"rendered":"Jardin magique"},"content":{"rendered":"<section class=\"l-section wpb_row height_auto width_full\"><div class=\"l-section-h i-cf\"><div class=\"g-cols vc_row via_flex valign_top type_default stacking_default\"><div class=\"vc_col-sm-12 wpb_column vc_column_container\"><div class=\"vc_column-inner\"><div class=\"wpb_wrapper\">[rev_slider_vc alias=\u00a0\u00bbmagic-garden\u00a0\u00bb]<\/div><\/div><\/div><\/div><\/div><\/section><section class=\"l-section wpb_row height_small\"><div class=\"l-section-h i-cf\"><div class=\"g-cols vc_row via_flex valign_top type_default stacking_default\"><div class=\"vc_col-sm-6 wpb_column vc_column_container\"><div class=\"vc_column-inner\"><div class=\"wpb_wrapper\"><div class=\"wpb_text_column\"><div class=\"wpb_wrapper\"><h1>Jardin magique (Jardin secret de Bouddha)<\/h1>\n<p>Le jardin magique a \u00e9t\u00e9 construit en 1976 par M. Nim Thongsuk, un agriculteur local de Koh Samui. \u00c0 l&rsquo;\u00e2ge de 77 ans, il commence \u00e0 construire ce jardin mystique. Le jardin secret ou jardin de Bouddha est situ\u00e9 en hauteur dans les collines montagnes du c\u00f4t\u00e9 sud de Koh Samui.<br \/>\nLe Jardin Magique avec ses nombreuses statues, cascades, maison des esprits et fleurs tropicales, dans une atmosph\u00e8re mystique particuli\u00e8re \u00e0 ce lieu.<\/p>\n<p>Le jardin secret du Bouddha, aussi connu sous le nom de jardin du ciel ou jardin magique. Les statues repr\u00e9sentent de nombreuses cr\u00e9atures et sculptures de la mythologie bouddhiste, de toutes les formes et tailles qui se sont r\u00e9pandues dans le parc.<\/p>\n<p>Pendant de nombreuses ann\u00e9es, le fondateur du Jardin Khun Nim \u00e9tait connu comme un agriculteur qui cultivait des durianiers. Il a aid\u00e9 Samui \u00e0 devenir c\u00e9l\u00e8bre pour ce fruit tha\u00eflandais \u00e9pic\u00e9 et populaire. Lorsqu&rsquo;il prend sa retraite, il ouvre la propri\u00e9t\u00e9 priv\u00e9e au public et forme une \u00e9quipe pour d\u00e9velopper le jardin. Il a cr\u00e9\u00e9 de nombreuses figures repr\u00e9sentant principalement le folklore bouddhiste. Chaque statue a une histoire \u00e0 raconter, et la plupart des Tha\u00eflandais connaissent le sens et la mythologie de ces \u0153uvres d&rsquo;art impressionnantes.<\/p>\n<\/div><\/div><\/div><\/div><\/div><div class=\"vc_col-sm-6 wpb_column vc_column_container\"><div class=\"vc_column-inner\"><div class=\"wpb_wrapper\"><div class=\"w-slider style_none fit_cover nav_thumbs count_9\" style=\"--thumbs-width:4rem;--thumbs-gap:4px;\"><div class=\"w-slider-h\"><div class=\"royalSlider\"><div class=\"rsContent\"><a class=\"rsImg\" data-rsw=\"1200\" data-rsh=\"800\" data-rsBigImg=\"https:\/\/www.youmeholiday.com\/wp-content\/uploads\/2018\/10\/Magic-Garden-10.jpg\" href=\"https:\/\/www.youmeholiday.com\/wp-content\/uploads\/2018\/10\/Magic-Garden-10.jpg\"><span data-alt=\"Jardin magique\"><\/span><\/a><img loading=\"lazy\" decoding=\"async\" width=\"150\" height=\"150\" src=\"https:\/\/www.youmeholiday.com\/wp-content\/uploads\/2018\/10\/Magic-Garden-10-150x150.jpg\" class=\"rsTmb\" alt=\"Jardin magique\" srcset=\"https:\/\/www.youmeholiday.com\/wp-content\/uploads\/2018\/10\/Magic-Garden-10-150x150.jpg 150w, https:\/\/www.youmeholiday.com\/wp-content\/uploads\/2018\/10\/Magic-Garden-10-350x350.jpg 350w, https:\/\/www.youmeholiday.com\/wp-content\/uploads\/2018\/10\/Magic-Garden-10-600x600.jpg 600w, https:\/\/www.youmeholiday.com\/wp-content\/uploads\/2018\/10\/Magic-Garden-10-300x300.jpg 300w\" sizes=\"auto, (max-width: 150px) 100vw, 150px\" \/><\/div><div class=\"rsContent\"><a class=\"rsImg\" data-rsw=\"1200\" data-rsh=\"800\" data-rsBigImg=\"https:\/\/www.youmeholiday.com\/wp-content\/uploads\/2018\/10\/Magic-Garden-11.jpg\" href=\"https:\/\/www.youmeholiday.com\/wp-content\/uploads\/2018\/10\/Magic-Garden-11.jpg\"><span data-alt=\"Jardin magique\"><\/span><\/a><img loading=\"lazy\" decoding=\"async\" width=\"150\" height=\"150\" src=\"https:\/\/www.youmeholiday.com\/wp-content\/uploads\/2018\/10\/Magic-Garden-11-150x150.jpg\" class=\"rsTmb\" alt=\"Jardin magique\" srcset=\"https:\/\/www.youmeholiday.com\/wp-content\/uploads\/2018\/10\/Magic-Garden-11-150x150.jpg 150w, https:\/\/www.youmeholiday.com\/wp-content\/uploads\/2018\/10\/Magic-Garden-11-350x350.jpg 350w, https:\/\/www.youmeholiday.com\/wp-content\/uploads\/2018\/10\/Magic-Garden-11-600x600.jpg 600w, https:\/\/www.youmeholiday.com\/wp-content\/uploads\/2018\/10\/Magic-Garden-11-300x300.jpg 300w\" sizes=\"auto, (max-width: 150px) 100vw, 150px\" \/><\/div><div class=\"rsContent\"><a class=\"rsImg\" data-rsw=\"1200\" data-rsh=\"800\" data-rsBigImg=\"https:\/\/www.youmeholiday.com\/wp-content\/uploads\/2018\/10\/Magic-Garden-12.jpg\" href=\"https:\/\/www.youmeholiday.com\/wp-content\/uploads\/2018\/10\/Magic-Garden-12.jpg\"><span data-alt=\"Jardin magique\"><\/span><\/a><img loading=\"lazy\" decoding=\"async\" width=\"150\" height=\"150\" src=\"https:\/\/www.youmeholiday.com\/wp-content\/uploads\/2018\/10\/Magic-Garden-12-150x150.jpg\" class=\"rsTmb\" alt=\"Jardin magique\" srcset=\"https:\/\/www.youmeholiday.com\/wp-content\/uploads\/2018\/10\/Magic-Garden-12-150x150.jpg 150w, https:\/\/www.youmeholiday.com\/wp-content\/uploads\/2018\/10\/Magic-Garden-12-350x350.jpg 350w, https:\/\/www.youmeholiday.com\/wp-content\/uploads\/2018\/10\/Magic-Garden-12-600x600.jpg 600w, https:\/\/www.youmeholiday.com\/wp-content\/uploads\/2018\/10\/Magic-Garden-12-300x300.jpg 300w\" sizes=\"auto, (max-width: 150px) 100vw, 150px\" \/><\/div><div class=\"rsContent\"><a class=\"rsImg\" data-rsw=\"1200\" data-rsh=\"800\" data-rsBigImg=\"https:\/\/www.youmeholiday.com\/wp-content\/uploads\/2018\/10\/Magic-Garden-13.jpg\" href=\"https:\/\/www.youmeholiday.com\/wp-content\/uploads\/2018\/10\/Magic-Garden-13.jpg\"><span data-alt=\"Jardin magique\"><\/span><\/a><img loading=\"lazy\" decoding=\"async\" width=\"150\" height=\"150\" src=\"https:\/\/www.youmeholiday.com\/wp-content\/uploads\/2018\/10\/Magic-Garden-13-150x150.jpg\" class=\"rsTmb\" alt=\"Jardin magique\" srcset=\"https:\/\/www.youmeholiday.com\/wp-content\/uploads\/2018\/10\/Magic-Garden-13-150x150.jpg 150w, https:\/\/www.youmeholiday.com\/wp-content\/uploads\/2018\/10\/Magic-Garden-13-350x350.jpg 350w, https:\/\/www.youmeholiday.com\/wp-content\/uploads\/2018\/10\/Magic-Garden-13-600x600.jpg 600w, https:\/\/www.youmeholiday.com\/wp-content\/uploads\/2018\/10\/Magic-Garden-13-300x300.jpg 300w\" sizes=\"auto, (max-width: 150px) 100vw, 150px\" \/><\/div><div class=\"rsContent\"><a class=\"rsImg\" data-rsw=\"1200\" data-rsh=\"800\" data-rsBigImg=\"https:\/\/www.youmeholiday.com\/wp-content\/uploads\/2018\/10\/Magic-Garden-14.jpg\" href=\"https:\/\/www.youmeholiday.com\/wp-content\/uploads\/2018\/10\/Magic-Garden-14.jpg\"><span data-alt=\"Jardin magique\"><\/span><\/a><img loading=\"lazy\" decoding=\"async\" width=\"150\" height=\"150\" src=\"https:\/\/www.youmeholiday.com\/wp-content\/uploads\/2018\/10\/Magic-Garden-14-150x150.jpg\" class=\"rsTmb\" alt=\"Jardin magique\" srcset=\"https:\/\/www.youmeholiday.com\/wp-content\/uploads\/2018\/10\/Magic-Garden-14-150x150.jpg 150w, https:\/\/www.youmeholiday.com\/wp-content\/uploads\/2018\/10\/Magic-Garden-14-350x350.jpg 350w, https:\/\/www.youmeholiday.com\/wp-content\/uploads\/2018\/10\/Magic-Garden-14-600x600.jpg 600w, https:\/\/www.youmeholiday.com\/wp-content\/uploads\/2018\/10\/Magic-Garden-14-300x300.jpg 300w\" sizes=\"auto, (max-width: 150px) 100vw, 150px\" \/><\/div><div class=\"rsContent\"><a class=\"rsImg\" data-rsw=\"1200\" data-rsh=\"800\" data-rsBigImg=\"https:\/\/www.youmeholiday.com\/wp-content\/uploads\/2018\/10\/Magic-Garden-15.jpg\" href=\"https:\/\/www.youmeholiday.com\/wp-content\/uploads\/2018\/10\/Magic-Garden-15.jpg\"><span data-alt=\"Jardin magique\"><\/span><\/a><img loading=\"lazy\" decoding=\"async\" width=\"150\" height=\"150\" src=\"https:\/\/www.youmeholiday.com\/wp-content\/uploads\/2018\/10\/Magic-Garden-15-150x150.jpg\" class=\"rsTmb\" alt=\"Jardin magique\" srcset=\"https:\/\/www.youmeholiday.com\/wp-content\/uploads\/2018\/10\/Magic-Garden-15-150x150.jpg 150w, https:\/\/www.youmeholiday.com\/wp-content\/uploads\/2018\/10\/Magic-Garden-15-350x350.jpg 350w, https:\/\/www.youmeholiday.com\/wp-content\/uploads\/2018\/10\/Magic-Garden-15-600x600.jpg 600w, https:\/\/www.youmeholiday.com\/wp-content\/uploads\/2018\/10\/Magic-Garden-15-300x300.jpg 300w\" sizes=\"auto, (max-width: 150px) 100vw, 150px\" \/><\/div><div class=\"rsContent\"><a class=\"rsImg\" data-rsw=\"1200\" data-rsh=\"800\" data-rsBigImg=\"https:\/\/www.youmeholiday.com\/wp-content\/uploads\/2018\/10\/Magic-Garden-16.jpg\" href=\"https:\/\/www.youmeholiday.com\/wp-content\/uploads\/2018\/10\/Magic-Garden-16.jpg\"><span data-alt=\"Jardin magique\"><\/span><\/a><img loading=\"lazy\" decoding=\"async\" width=\"150\" height=\"150\" src=\"https:\/\/www.youmeholiday.com\/wp-content\/uploads\/2018\/10\/Magic-Garden-16-150x150.jpg\" class=\"rsTmb\" alt=\"Jardin magique\" srcset=\"https:\/\/www.youmeholiday.com\/wp-content\/uploads\/2018\/10\/Magic-Garden-16-150x150.jpg 150w, https:\/\/www.youmeholiday.com\/wp-content\/uploads\/2018\/10\/Magic-Garden-16-350x350.jpg 350w, https:\/\/www.youmeholiday.com\/wp-content\/uploads\/2018\/10\/Magic-Garden-16-600x600.jpg 600w, https:\/\/www.youmeholiday.com\/wp-content\/uploads\/2018\/10\/Magic-Garden-16-300x300.jpg 300w\" sizes=\"auto, (max-width: 150px) 100vw, 150px\" \/><\/div><div class=\"rsContent\"><a class=\"rsImg\" data-rsw=\"1200\" data-rsh=\"800\" data-rsBigImg=\"https:\/\/www.youmeholiday.com\/wp-content\/uploads\/2018\/10\/Magic-Garden-17.jpg\" href=\"https:\/\/www.youmeholiday.com\/wp-content\/uploads\/2018\/10\/Magic-Garden-17.jpg\"><span data-alt=\"Jardin magique\"><\/span><\/a><img loading=\"lazy\" decoding=\"async\" width=\"150\" height=\"150\" src=\"https:\/\/www.youmeholiday.com\/wp-content\/uploads\/2018\/10\/Magic-Garden-17-150x150.jpg\" class=\"rsTmb\" alt=\"Jardin magique\" srcset=\"https:\/\/www.youmeholiday.com\/wp-content\/uploads\/2018\/10\/Magic-Garden-17-150x150.jpg 150w, https:\/\/www.youmeholiday.com\/wp-content\/uploads\/2018\/10\/Magic-Garden-17-350x350.jpg 350w, https:\/\/www.youmeholiday.com\/wp-content\/uploads\/2018\/10\/Magic-Garden-17-600x600.jpg 600w, https:\/\/www.youmeholiday.com\/wp-content\/uploads\/2018\/10\/Magic-Garden-17-300x300.jpg 300w\" sizes=\"auto, (max-width: 150px) 100vw, 150px\" \/><\/div><div class=\"rsContent\"><a class=\"rsImg\" data-rsw=\"1200\" data-rsh=\"800\" data-rsBigImg=\"https:\/\/www.youmeholiday.com\/wp-content\/uploads\/2018\/10\/Magic-Garden-18.jpg\" href=\"https:\/\/www.youmeholiday.com\/wp-content\/uploads\/2018\/10\/Magic-Garden-18.jpg\"><span data-alt=\"Jardin magique\"><\/span><\/a><img loading=\"lazy\" decoding=\"async\" width=\"150\" height=\"150\" src=\"https:\/\/www.youmeholiday.com\/wp-content\/uploads\/2018\/10\/Magic-Garden-18-150x150.jpg\" class=\"rsTmb\" alt=\"Jardin magique\" srcset=\"https:\/\/www.youmeholiday.com\/wp-content\/uploads\/2018\/10\/Magic-Garden-18-150x150.jpg 150w, https:\/\/www.youmeholiday.com\/wp-content\/uploads\/2018\/10\/Magic-Garden-18-350x350.jpg 350w, https:\/\/www.youmeholiday.com\/wp-content\/uploads\/2018\/10\/Magic-Garden-18-600x600.jpg 600w, https:\/\/www.youmeholiday.com\/wp-content\/uploads\/2018\/10\/Magic-Garden-18-300x300.jpg 300w\" sizes=\"auto, (max-width: 150px) 100vw, 150px\" \/><\/div><\/div><img decoding=\"async\" src=\"https:\/\/www.youmeholiday.com\/wp-content\/uploads\/2018\/10\/Magic-Garden-10.jpg\" width=\"1200\" height=\"800\" alt=\"Jardin magique\" loading=\"lazy\"><\/div><div class=\"w-slider-json\" onclick='return {&quot;autoScaleSlider&quot;:true,&quot;addActiveClass&quot;:true,&quot;loop&quot;:true,&quot;fadeInLoadedSlide&quot;:false,&quot;slidesSpacing&quot;:0,&quot;imageScalePadding&quot;:0,&quot;numImagesToPreload&quot;:2,&quot;arrowsNav&quot;:true,&quot;arrowsNavAutoHide&quot;:true,&quot;transitionType&quot;:&quot;move&quot;,&quot;transitionSpeed&quot;:250,&quot;block&quot;:{&quot;moveEffect&quot;:&quot;none&quot;,&quot;speed&quot;:300},&quot;thumbs&quot;:{&quot;fitInViewport&quot;:false,&quot;firstMargin&quot;:false,&quot;spacing&quot;:4},&quot;controlNavigation&quot;:&quot;thumbnails&quot;,&quot;autoplay&quot;:{&quot;enabled&quot;:true,&quot;pauseOnHover&quot;:true,&quot;delay&quot;:3000},&quot;fullscreen&quot;:{&quot;enabled&quot;:true},&quot;autoScaleSliderWidth&quot;:1200,&quot;autoScaleSliderHeight&quot;:800}'><\/div><\/div><div class=\"w-separator size_medium\"><\/div><div class=\"wpb_text_column\"><div class=\"wpb_wrapper\"><p><strong>Prix d&rsquo;entr\u00e9e<\/strong><\/p>\n<p>80 baht par personne.<\/p>\n<p><strong>Comment s\u2019y rendre?<\/strong><\/p>\n<p>La route vers le Jardin Magique est tr\u00e8s raide et exige de bonnes aptitudes de conduite et un 4\u00d74.<br \/>\nIl y a plusieurs points de vue le long de la route du jardin secret de Bouddha qui offre une vue panoramique \u00e0 couper le souffle.<br \/>\nDirectement en face de Wat Khunaram pr\u00e8s de Lamai il y a une nouvelle route qui m\u00e8ne \u00e0 travers les collines tr\u00e8s escarp\u00e9es au jardin secret.<\/p>\n<\/div><\/div><div class=\"w-btn-wrapper align_center\"><a class=\"w-btn us-btn-style_1\" target=\" _blank\" rel=\"nofollow\" href=\"https:\/\/goo.gl\/maps\/WdtQzxTChDz\"><span class=\"w-btn-label\">Jardin magique sur Google Maps<\/span><\/a><\/div><\/div><\/div><\/div><\/div><\/div><\/section>\n","protected":false},"excerpt":{"rendered":"[rev_slider_vc alias=\"magic-garden\"]Jardin magique (Jardin secret de Bouddha) Le jardin magique a \u00e9t\u00e9 construit en 1976 par M. Nim Thongsuk, un agriculteur local de Koh Samui. \u00c0 l&rsquo;\u00e2ge de 77 ans,...","protected":false},"author":1,"featured_media":0,"parent":0,"menu_order":0,"comment_status":"closed","ping_status":"closed","template":"","meta":{"_acf_changed":false,"footnotes":""},"class_list":["post-7721","page","type-page","status-publish","hentry"],"acf":[],"yoast_head":"<!-- This site is optimized with the Yoast SEO plugin v27.5 - https:\/\/yoast.com\/product\/yoast-seo-wordpress\/ -->\n<title>Jardin magique | YouMe Holidays<\/title>\n<meta name=\"description\" content=\"Le jardin magique a \u00e9t\u00e9 construit en 1976 par M. Nim Thongsuk, un agriculteur local de Koh Samui. \u00c0 l\u2019\u00e2ge de 77 ans, il commence \u00e0 construire ce jardin mystique. Le jardin secret ou jardin de Bouddha est situ\u00e9 en hauteur dans les collines\/montagnes du c\u00f4t\u00e9 sud de Koh Samui.\" \/>\n<meta name=\"robots\" content=\"index, follow, max-snippet:-1, max-image-preview:large, max-video-preview:-1\" \/>\n<link rel=\"canonical\" href=\"https:\/\/www.youmeholiday.com\/fr\/jardin-magique\/\" \/>\n<meta property=\"og:locale\" content=\"fr_FR\" \/>\n<meta property=\"og:type\" content=\"article\" \/>\n<meta property=\"og:title\" content=\"Jardin magique (Jardin secret de Bouddha)\" \/>\n<meta property=\"og:description\" content=\"Le jardin magique a \u00e9t\u00e9 construit en 1976 par M. Nim Thongsuk, un agriculteur local de Koh Samui. \u00c0 l\u2019\u00e2ge de 77 ans, il commence \u00e0 construire ce jardin mystique. Le jardin secret ou jardin de Bouddha est situ\u00e9 en hauteur dans les collines\/montagnes du c\u00f4t\u00e9 sud de Koh Samui.\" \/>\n<meta property=\"og:url\" content=\"https:\/\/www.youmeholiday.com\/fr\/jardin-magique\/\" \/>\n<meta property=\"og:site_name\" content=\"YouMe Holidays\" \/>\n<meta property=\"article:publisher\" content=\"https:\/\/www.facebook.com\/bluebubbleholiday\/\" \/>\n<meta property=\"article:modified_time\" content=\"2019-05-06T08:39:18+00:00\" \/>\n<meta property=\"og:image\" content=\"https:\/\/www.youmeholiday.com\/wp-content\/uploads\/2018\/12\/Magic-Garden.jpg\" \/>\n\t<meta property=\"og:image:width\" content=\"1200\" \/>\n\t<meta property=\"og:image:height\" content=\"630\" \/>\n\t<meta property=\"og:image:type\" content=\"image\/jpeg\" \/>\n<meta name=\"twitter:card\" content=\"summary_large_image\" \/>\n<meta name=\"twitter:label1\" content=\"Dur\u00e9e de lecture estim\u00e9e\" \/>\n\t<meta name=\"twitter:data1\" content=\"2 minutes\" \/>\n<script type=\"application\/ld+json\" class=\"yoast-schema-graph\">{\"@context\":\"https:\\\/\\\/schema.org\",\"@graph\":[{\"@type\":\"WebPage\",\"@id\":\"https:\\\/\\\/www.youmeholiday.com\\\/fr\\\/jardin-magique\\\/\",\"url\":\"https:\\\/\\\/www.youmeholiday.com\\\/fr\\\/jardin-magique\\\/\",\"name\":\"Jardin magique | YouMe Holidays\",\"isPartOf\":{\"@id\":\"https:\\\/\\\/www.youmeholiday.com\\\/fr\\\/#website\"},\"datePublished\":\"2018-12-04T04:55:47+00:00\",\"dateModified\":\"2019-05-06T08:39:18+00:00\",\"description\":\"Le jardin magique a \u00e9t\u00e9 construit en 1976 par M. Nim Thongsuk, un agriculteur local de Koh Samui. \u00c0 l\u2019\u00e2ge de 77 ans, il commence \u00e0 construire ce jardin mystique. Le jardin secret ou jardin de Bouddha est situ\u00e9 en hauteur dans les collines\\\/montagnes du c\u00f4t\u00e9 sud de Koh Samui.\",\"breadcrumb\":{\"@id\":\"https:\\\/\\\/www.youmeholiday.com\\\/fr\\\/jardin-magique\\\/#breadcrumb\"},\"inLanguage\":\"fr-FR\",\"potentialAction\":[{\"@type\":\"ReadAction\",\"target\":[\"https:\\\/\\\/www.youmeholiday.com\\\/fr\\\/jardin-magique\\\/\"]}]},{\"@type\":\"BreadcrumbList\",\"@id\":\"https:\\\/\\\/www.youmeholiday.com\\\/fr\\\/jardin-magique\\\/#breadcrumb\",\"itemListElement\":[{\"@type\":\"ListItem\",\"position\":1,\"name\":\"Home\",\"item\":\"https:\\\/\\\/www.youmeholiday.com\\\/fr\\\/\"},{\"@type\":\"ListItem\",\"position\":2,\"name\":\"Jardin magique\"}]},{\"@type\":\"WebSite\",\"@id\":\"https:\\\/\\\/www.youmeholiday.com\\\/fr\\\/#website\",\"url\":\"https:\\\/\\\/www.youmeholiday.com\\\/fr\\\/\",\"name\":\"YouMe Holidays\",\"description\":\"Visites, activit\u00e9s et informations autour de Koh Samui\",\"publisher\":{\"@id\":\"https:\\\/\\\/www.youmeholiday.com\\\/fr\\\/#organization\"},\"potentialAction\":[{\"@type\":\"SearchAction\",\"target\":{\"@type\":\"EntryPoint\",\"urlTemplate\":\"https:\\\/\\\/www.youmeholiday.com\\\/fr\\\/?s={search_term_string}\"},\"query-input\":{\"@type\":\"PropertyValueSpecification\",\"valueRequired\":true,\"valueName\":\"search_term_string\"}}],\"inLanguage\":\"fr-FR\"},{\"@type\":\"Organization\",\"@id\":\"https:\\\/\\\/www.youmeholiday.com\\\/fr\\\/#organization\",\"name\":\"YouMe Holidays\",\"url\":\"https:\\\/\\\/www.youmeholiday.com\\\/fr\\\/\",\"logo\":{\"@type\":\"ImageObject\",\"inLanguage\":\"fr-FR\",\"@id\":\"https:\\\/\\\/www.youmeholiday.com\\\/fr\\\/#\\\/schema\\\/logo\\\/image\\\/\",\"url\":\"https:\\\/\\\/www.youmeholiday.com\\\/wp-content\\\/uploads\\\/2018\\\/07\\\/New_logo_rond_web.png\",\"contentUrl\":\"https:\\\/\\\/www.youmeholiday.com\\\/wp-content\\\/uploads\\\/2018\\\/07\\\/New_logo_rond_web.png\",\"width\":1587,\"height\":1099,\"caption\":\"YouMe Holidays\"},\"image\":{\"@id\":\"https:\\\/\\\/www.youmeholiday.com\\\/fr\\\/#\\\/schema\\\/logo\\\/image\\\/\"},\"sameAs\":[\"https:\\\/\\\/www.facebook.com\\\/bluebubbleholiday\\\/\",\"https:\\\/\\\/www.instagram.com\\\/blue_bubble_holiday_thailand\\\/\"]}]}<\/script>\n<!-- \/ Yoast SEO plugin. -->","yoast_head_json":{"title":"Jardin magique | YouMe Holidays","description":"Le jardin magique a \u00e9t\u00e9 construit en 1976 par M. Nim Thongsuk, un agriculteur local de Koh Samui. \u00c0 l\u2019\u00e2ge de 77 ans, il commence \u00e0 construire ce jardin mystique. Le jardin secret ou jardin de Bouddha est situ\u00e9 en hauteur dans les collines\/montagnes du c\u00f4t\u00e9 sud de Koh Samui.","robots":{"index":"index","follow":"follow","max-snippet":"max-snippet:-1","max-image-preview":"max-image-preview:large","max-video-preview":"max-video-preview:-1"},"canonical":"https:\/\/www.youmeholiday.com\/fr\/jardin-magique\/","og_locale":"fr_FR","og_type":"article","og_title":"Jardin magique (Jardin secret de Bouddha)","og_description":"Le jardin magique a \u00e9t\u00e9 construit en 1976 par M. Nim Thongsuk, un agriculteur local de Koh Samui. \u00c0 l\u2019\u00e2ge de 77 ans, il commence \u00e0 construire ce jardin mystique. Le jardin secret ou jardin de Bouddha est situ\u00e9 en hauteur dans les collines\/montagnes du c\u00f4t\u00e9 sud de Koh Samui.","og_url":"https:\/\/www.youmeholiday.com\/fr\/jardin-magique\/","og_site_name":"YouMe Holidays","article_publisher":"https:\/\/www.facebook.com\/bluebubbleholiday\/","article_modified_time":"2019-05-06T08:39:18+00:00","og_image":[{"width":1200,"height":630,"url":"https:\/\/www.youmeholiday.com\/wp-content\/uploads\/2018\/12\/Magic-Garden.jpg","type":"image\/jpeg"}],"twitter_card":"summary_large_image","twitter_misc":{"Dur\u00e9e de lecture estim\u00e9e":"2 minutes"},"schema":{"@context":"https:\/\/schema.org","@graph":[{"@type":"WebPage","@id":"https:\/\/www.youmeholiday.com\/fr\/jardin-magique\/","url":"https:\/\/www.youmeholiday.com\/fr\/jardin-magique\/","name":"Jardin magique | YouMe Holidays","isPartOf":{"@id":"https:\/\/www.youmeholiday.com\/fr\/#website"},"datePublished":"2018-12-04T04:55:47+00:00","dateModified":"2019-05-06T08:39:18+00:00","description":"Le jardin magique a \u00e9t\u00e9 construit en 1976 par M. Nim Thongsuk, un agriculteur local de Koh Samui. \u00c0 l\u2019\u00e2ge de 77 ans, il commence \u00e0 construire ce jardin mystique. Le jardin secret ou jardin de Bouddha est situ\u00e9 en hauteur dans les collines\/montagnes du c\u00f4t\u00e9 sud de Koh Samui.","breadcrumb":{"@id":"https:\/\/www.youmeholiday.com\/fr\/jardin-magique\/#breadcrumb"},"inLanguage":"fr-FR","potentialAction":[{"@type":"ReadAction","target":["https:\/\/www.youmeholiday.com\/fr\/jardin-magique\/"]}]},{"@type":"BreadcrumbList","@id":"https:\/\/www.youmeholiday.com\/fr\/jardin-magique\/#breadcrumb","itemListElement":[{"@type":"ListItem","position":1,"name":"Home","item":"https:\/\/www.youmeholiday.com\/fr\/"},{"@type":"ListItem","position":2,"name":"Jardin magique"}]},{"@type":"WebSite","@id":"https:\/\/www.youmeholiday.com\/fr\/#website","url":"https:\/\/www.youmeholiday.com\/fr\/","name":"YouMe Holidays","description":"Visites, activit\u00e9s et informations autour de Koh Samui","publisher":{"@id":"https:\/\/www.youmeholiday.com\/fr\/#organization"},"potentialAction":[{"@type":"SearchAction","target":{"@type":"EntryPoint","urlTemplate":"https:\/\/www.youmeholiday.com\/fr\/?s={search_term_string}"},"query-input":{"@type":"PropertyValueSpecification","valueRequired":true,"valueName":"search_term_string"}}],"inLanguage":"fr-FR"},{"@type":"Organization","@id":"https:\/\/www.youmeholiday.com\/fr\/#organization","name":"YouMe Holidays","url":"https:\/\/www.youmeholiday.com\/fr\/","logo":{"@type":"ImageObject","inLanguage":"fr-FR","@id":"https:\/\/www.youmeholiday.com\/fr\/#\/schema\/logo\/image\/","url":"https:\/\/www.youmeholiday.com\/wp-content\/uploads\/2018\/07\/New_logo_rond_web.png","contentUrl":"https:\/\/www.youmeholiday.com\/wp-content\/uploads\/2018\/07\/New_logo_rond_web.png","width":1587,"height":1099,"caption":"YouMe Holidays"},"image":{"@id":"https:\/\/www.youmeholiday.com\/fr\/#\/schema\/logo\/image\/"},"sameAs":["https:\/\/www.facebook.com\/bluebubbleholiday\/","https:\/\/www.instagram.com\/blue_bubble_holiday_thailand\/"]}]}},"_links":{"self":[{"href":"https:\/\/www.youmeholiday.com\/fr\/wp-json\/wp\/v2\/pages\/7721","targetHints":{"allow":["GET"]}}],"collection":[{"href":"https:\/\/www.youmeholiday.com\/fr\/wp-json\/wp\/v2\/pages"}],"about":[{"href":"https:\/\/www.youmeholiday.com\/fr\/wp-json\/wp\/v2\/types\/page"}],"author":[{"embeddable":true,"href":"https:\/\/www.youmeholiday.com\/fr\/wp-json\/wp\/v2\/users\/1"}],"replies":[{"embeddable":true,"href":"https:\/\/www.youmeholiday.com\/fr\/wp-json\/wp\/v2\/comments?post=7721"}],"version-history":[{"count":7,"href":"https:\/\/www.youmeholiday.com\/fr\/wp-json\/wp\/v2\/pages\/7721\/revisions"}],"predecessor-version":[{"id":8346,"href":"https:\/\/www.youmeholiday.com\/fr\/wp-json\/wp\/v2\/pages\/7721\/revisions\/8346"}],"wp:attachment":[{"href":"https:\/\/www.youmeholiday.com\/fr\/wp-json\/wp\/v2\/media?parent=7721"}],"curies":[{"name":"wp","href":"https:\/\/api.w.org\/{rel}","templated":true}]}}