{"id":7716,"date":"2018-12-04T10:04:57","date_gmt":"2018-12-04T03:04:57","guid":{"rendered":"https:\/\/www.bluebubbleholiday.com\/transport\/"},"modified":"2025-09-03T12:06:22","modified_gmt":"2025-09-03T05:06:22","slug":"transport","status":"publish","type":"page","link":"https:\/\/www.youmeholiday.com\/fr\/transport\/","title":{"rendered":"Transport"},"content":{"rendered":"<section class=\"l-section wpb_row height_auto width_full\"><div class=\"l-section-h i-cf\"><div class=\"g-cols vc_row via_flex valign_top type_default stacking_default\"><div class=\"vc_col-sm-12 wpb_column vc_column_container\"><div class=\"vc_column-inner\"><div class=\"wpb_wrapper\">[rev_slider_vc alias=\u00a0\u00bbtransport\u00a0\u00bb]<\/div><\/div><\/div><\/div><\/div><\/section><section class=\"l-section wpb_row height_small\" id=\"AirPortKohSamui\"><div class=\"l-section-h i-cf\"><div class=\"g-cols vc_row via_flex valign_top type_default stacking_default\"><div class=\"vc_col-sm-12 wpb_column vc_column_container\"><div class=\"vc_column-inner\"><div class=\"wpb_wrapper\"><div class=\"wpb_text_column\"><div class=\"wpb_wrapper\"><h2>A\u00e9roport de Koh Samui<\/h2>\n<p>L&rsquo;a\u00e9roport de Koh Samui a \u00e9t\u00e9 inaugur\u00e9 en 1989. Aujourd&rsquo;hui, c&rsquo;est un a\u00e9roport international avec 2 terminaux (1 national et 1 international), il y a des bureaux d&rsquo;immigration pour les vols internationaux, avec des boutiques de souvenirs et des restaurants.<br \/>\nLa compagnie a\u00e9rienne la plus importante est Bangkok Airway, qui d\u00e9tient un monopole et offre le plus grand nombre de vols vers Koh Samui. Avec Thai Airway International, seuls quelques avions atterrissent par jour.<\/p>\n<p><em><strong>Service de transfert disponible de l&rsquo;a\u00e9roport \u00e0 votre h\u00f4tel et inversement.<\/strong><\/em><\/p>\n<\/div><\/div><\/div><\/div><\/div><\/div><\/div><\/section><section class=\"l-section wpb_row height_small\" id=\"AirPortSuratThani\"><div class=\"l-section-h i-cf\"><div class=\"g-cols vc_row via_flex valign_top type_default stacking_default\"><div class=\"vc_col-sm-12 wpb_column vc_column_container\"><div class=\"vc_column-inner\"><div class=\"wpb_wrapper\"><div class=\"wpb_text_column\"><div class=\"wpb_wrapper\"><h2>A\u00e9roport de Surat Thani<\/h2>\n<p>L&rsquo;a\u00e9roport int\u00e9rieur Surat Thani, est situ\u00e9 \u00e0 1h30 de Donsak. Puis un des ferries vous conduira \u00e0 Koh Samui. Le trajet dure g\u00e9n\u00e9ralement 1 heure 30 minutes.<br \/>\nLes compagnies a\u00e9riennes low-cost pour Surat Thani partent de Don Mueang (a\u00e9roport domestique de Bangkok). Air Asia, Nok Air et Lion Air sont des compagnies a\u00e9riennes low-cost desservant cet a\u00e9roport, mais pas Koh Samui.<br \/>\nAir Asia est l&rsquo;une des compagnies a\u00e9riennes les moins ch\u00e8res de Tha\u00eflande et offre des billets d&rsquo;avion + bus + bateau pour voyager de Bangkok \u00e0 Koh Samui.<\/p>\n<p>Nous offrons un service de SuratThani (ville, gare routi\u00e8re, gare ferroviaire et a\u00e9roport) \u00e0 Koh Samui et transfert \u00e0 votre h\u00f4tel.<br \/>\n\u00c9galement disponible SuratThani \u00e0 Koh Phangan (ThongSala pier) et Koh Tao.<br \/>\nInversement \u00e9galement disponible.<\/p>\n<\/div><\/div><\/div><\/div><\/div><\/div><\/div><\/section><section class=\"l-section wpb_row height_small\" id=\"ferry\"><div class=\"l-section-h i-cf\"><div class=\"g-cols vc_row via_flex valign_top type_default stacking_default\"><div class=\"vc_col-sm-12 wpb_column vc_column_container\"><div class=\"vc_column-inner\"><div class=\"wpb_wrapper\"><div class=\"wpb_text_column\"><div class=\"wpb_wrapper\"><hr \/>\n<h2>Ferry<\/h2>\n<p>Les d\u00e9parts sont possibles \u00e0 tout moment de la journ\u00e9e.<br \/>\nEntre <strong>Donsak<\/strong> et <strong>Koh Samui<\/strong> il y a 2 compagnies principales, Seatran, Raja.<br \/>\nD\u00e9part toutes les heures de 05h00 \u00e0 18h00.<\/p>\n<p>De <strong>Donsak<\/strong> \u00e0 <strong>Koh Samui<\/strong> (Nathon)<br \/>\n1h30 de travers\u00e9e.<br \/>\nTarif pour le ferry: 140.- THB\/pers.<\/p>\n<p>De <strong>Donsak<\/strong> \u00e0 <strong>Koh Phangan<\/strong> (Tong Sala Pier)<br \/>\n2 heures de travers\u00e9e.<br \/>\nTarif pour le ferry: 450.- THB\/pers.<\/p>\n<p>De <strong>Koh Samui (Maenam Pralarn Pier)<\/strong> \u00e0 <strong>Koh Phangan (Tong Sala Pier)<\/strong><br \/>\nTarif aller simple: 350.- THB\/pers.<br \/>\nPrix des minibus :150.-THB\/pers. Transfert de l\u2019h\u00f4tel au d\u00e9barcad\u00e8re sur Koh Samui.<\/p>\n<p>De <strong>Koh Samui (Maenam Pralarn Pier)<\/strong> \u00e0 <strong>Koh Tao (Mae Haad Pier)<\/strong><br \/>\nTarif aller simple: 700.- THB\/pers.<br \/>\nPrix des minibus :150.-THB\/pers. Transfert de l\u2019h\u00f4tel au d\u00e9barcad\u00e8re sur Koh Samui.<\/p>\n<p><em><strong>Voir ci-dessous pour les heures et lieux de d\u00e9part et d&rsquo;arriv\u00e9e.<\/strong><\/em><\/p>\n<\/div><\/div><div class=\"g-cols wpb_row via_flex valign_top type_default stacking_default\"><div class=\"vc_col-sm-12 wpb_column vc_column_container\"><div class=\"vc_column-inner\"><div class=\"wpb_wrapper\"><div class=\"wpb_text_column\"><div class=\"wpb_wrapper\"><h2 style=\"text-align: center;\">HORAIRES<\/h2>\n<\/div><\/div><div class=\"w-separator size_medium\"><\/div><\/div><\/div><\/div><\/div><div class=\"g-cols wpb_row via_flex valign_top type_default stacking_default\"><div class=\"vc_col-sm-6 wpb_column vc_column_container\"><div class=\"vc_column-inner\"><div class=\"wpb_wrapper\"><div class=\"w-image us_custom_b570b43b align_center\"><div class=\"w-image-h\"><img decoding=\"async\" width=\"700\" height=\"467\" src=\"https:\/\/www.youmeholiday.com\/wp-content\/uploads\/2018\/10\/Lomprayah-e1756874360476.jpg\" class=\"attachment-full size-full\" alt=\"Lomprayah\" loading=\"lazy\" \/><\/div><\/div><div class=\"wpb_text_column\"><div class=\"wpb_wrapper\"><h3 style=\"text-align: center;\"><strong>LOMPRAYAH (Catamaran)<\/strong><\/h3>\n<\/div><\/div><div class=\"w-btn-wrapper align_center\"><a class=\"w-btn us-btn-style_1\" target=\"_blank\" rel=\"nofollow\" title=\"Seatran Ferry, Koh Samui\" href=\"https:\/\/heyzine.com\/flip-book\/10b893f0aa.html#page\/1\"><span class=\"w-btn-label\">Lomprayah Ferry<\/span><\/a><\/div><div class=\"w-separator size_medium\"><\/div><\/div><\/div><\/div><div class=\"vc_col-sm-6 wpb_column vc_column_container\"><div class=\"vc_column-inner\"><div class=\"wpb_wrapper\"><div class=\"w-image us_custom_b570b43b align_center\"><div class=\"w-image-h\"><img decoding=\"async\" width=\"1920\" height=\"600\" src=\"https:\/\/www.youmeholiday.com\/wp-content\/uploads\/2025\/09\/hero-banner.jpg\" class=\"attachment-full size-full\" alt=\"\" loading=\"lazy\" srcset=\"https:\/\/www.youmeholiday.com\/wp-content\/uploads\/2025\/09\/hero-banner.jpg 1920w, https:\/\/www.youmeholiday.com\/wp-content\/uploads\/2025\/09\/hero-banner-300x94.jpg 300w, https:\/\/www.youmeholiday.com\/wp-content\/uploads\/2025\/09\/hero-banner-1024x320.jpg 1024w, https:\/\/www.youmeholiday.com\/wp-content\/uploads\/2025\/09\/hero-banner-600x188.jpg 600w, https:\/\/www.youmeholiday.com\/wp-content\/uploads\/2025\/09\/hero-banner-768x240.jpg 768w\" sizes=\"auto, (max-width: 1920px) 100vw, 1920px\" \/><\/div><\/div><div class=\"wpb_text_column\"><div class=\"wpb_wrapper\"><h3 style=\"text-align: center;\"><em><strong>LOMLAHKKHIRIN (Speed Boat)<\/strong><\/em><\/h3>\n<\/div><\/div><div class=\"w-btn-wrapper align_center\"><a class=\"w-btn us-btn-style_1\" target=\"_blank\" rel=\"nofollow\" title=\"Seatran Ferry, Koh Samui\" href=\"https:\/\/heyzine.com\/flip-book\/fc0ee38cc3.html\"><span class=\"w-btn-label\">Lomlahkkhirin Speed Boat<\/span><\/a><\/div><div class=\"w-separator size_medium\"><\/div><\/div><\/div><\/div><\/div><div class=\"g-cols wpb_row via_flex valign_top type_default stacking_default\"><div class=\"vc_col-sm-12 wpb_column vc_column_container\"><div class=\"vc_column-inner\"><div class=\"wpb_wrapper\"><div class=\"wpb_text_column\"><div class=\"wpb_wrapper\"><hr \/>\n<h2 style=\"text-align: center;\">Grand Ferry de DongSak (Ferry voiture)<\/h2>\n<\/div><\/div><div class=\"w-separator size_medium\"><\/div><\/div><\/div><\/div><\/div><div class=\"g-cols wpb_row via_flex valign_top type_default stacking_default\"><div class=\"vc_col-sm-6 wpb_column vc_column_container\"><div class=\"vc_column-inner\"><div class=\"wpb_wrapper\"><div class=\"w-image us_custom_b570b43b align_center\"><div class=\"w-image-h\"><img decoding=\"async\" width=\"700\" height=\"467\" src=\"https:\/\/www.youmeholiday.com\/wp-content\/uploads\/2018\/10\/Seatran.jpg\" class=\"attachment-full size-full\" alt=\"Seatran\" loading=\"lazy\" srcset=\"https:\/\/www.youmeholiday.com\/wp-content\/uploads\/2018\/10\/Seatran.jpg 700w, https:\/\/www.youmeholiday.com\/wp-content\/uploads\/2018\/10\/Seatran-576x384.jpg 576w, https:\/\/www.youmeholiday.com\/wp-content\/uploads\/2018\/10\/Seatran-300x200.jpg 300w, https:\/\/www.youmeholiday.com\/wp-content\/uploads\/2018\/10\/Seatran-600x400.jpg 600w\" sizes=\"auto, (max-width: 700px) 100vw, 700px\" \/><\/div><\/div><div class=\"w-btn-wrapper align_center\"><a class=\"w-btn us-btn-style_1\" title=\"Seatran Ferry, Koh Samui\" target=\"_blank\" rel=\"nofollow\" href=\"https:\/\/www.seatranferry.com\/\"><span class=\"w-btn-label\">Seatran Ferry<\/span><\/a><\/div><\/div><\/div><\/div><div class=\"vc_col-sm-6 wpb_column vc_column_container\"><div class=\"vc_column-inner\"><div class=\"wpb_wrapper\"><div class=\"w-image us_custom_b570b43b align_center\"><div class=\"w-image-h\"><img decoding=\"async\" width=\"700\" height=\"466\" src=\"https:\/\/www.youmeholiday.com\/wp-content\/uploads\/2018\/10\/Raja-Ferry.jpg\" class=\"attachment-full size-full\" alt=\"Raja Ferry\" loading=\"lazy\" srcset=\"https:\/\/www.youmeholiday.com\/wp-content\/uploads\/2018\/10\/Raja-Ferry.jpg 700w, https:\/\/www.youmeholiday.com\/wp-content\/uploads\/2018\/10\/Raja-Ferry-576x384.jpg 576w, https:\/\/www.youmeholiday.com\/wp-content\/uploads\/2018\/10\/Raja-Ferry-300x200.jpg 300w, https:\/\/www.youmeholiday.com\/wp-content\/uploads\/2018\/10\/Raja-Ferry-600x399.jpg 600w\" sizes=\"auto, (max-width: 700px) 100vw, 700px\" \/><\/div><\/div><div class=\"w-btn-wrapper align_center\"><a class=\"w-btn us-btn-style_1\" title=\"Raja Ferry, Koh Samui\" target=\"_blank\" rel=\"nofollow\" href=\"https:\/\/www.rajaferryport.com\/\"><span class=\"w-btn-label\">Raja Ferry<\/span><\/a><\/div><\/div><\/div><\/div><\/div><\/div><\/div><\/div><\/div><\/div><\/section><section class=\"l-section wpb_row height_small\" id=\"taxi\"><div class=\"l-section-h i-cf\"><div class=\"g-cols vc_row via_flex valign_top type_default stacking_default\"><div class=\"vc_col-sm-12 wpb_column vc_column_container\"><div class=\"vc_column-inner\"><div class=\"wpb_wrapper\"><div class=\"wpb_text_column\"><div class=\"wpb_wrapper\"><hr \/>\n<h2>Taxi &amp; Pick up rouge (Songtail)<\/h2>\n<p>Les taxis et Songtail (pick up rouge) sont tr\u00e8s r\u00e9pandus sur l&rsquo;\u00eele et sur le continent.<\/p>\n<p>Les Pickup rouge peuvent \u00eatre arr\u00eat\u00e9s au bord de la route en levant la main. Clarifier l&rsquo;itin\u00e9raire et le prix avec le chauffeur. Vous pouvez sortir n&rsquo;importe o\u00f9 &#8211; en appuyant sur la sonnerie.<\/p>\n<p>Les frais de taxi \u00e0 Koh Samui sont un peu plus chers que sur le continent.<br \/>\nLes frais de taxi varient selon la distance. Taxe de base d&rsquo;environ 500 THB (n\u00e9gociable) plus frais de d\u00e9placement.<\/p>\n<p><em><strong>Service de transfert ou taxi disponible \u00e0 tout moment, contactez-nous.<\/strong><\/em><\/p>\n<\/div><\/div><\/div><\/div><\/div><\/div><\/div><\/section><section class=\"l-section wpb_row height_small\" id=\"motorbike\"><div class=\"l-section-h i-cf\"><div class=\"g-cols vc_row via_flex valign_top type_default stacking_default\"><div class=\"vc_col-sm-12 wpb_column vc_column_container\"><div class=\"vc_column-inner\"><div class=\"wpb_wrapper\"><div class=\"wpb_text_column\"><div class=\"wpb_wrapper\"><hr \/>\n<h2>Location de voiture ou scouteur<\/h2>\n<p>La location d&rsquo;une moto varie de 250.- THB\/jour \u00e0 700.- THB\/jour selon le mod\u00e8le. Le non port du casque entra\u00eene une amende de 500.- THB. Pour votre s\u00e9curit\u00e9, il est donc conseill\u00e9 d&rsquo;en porter un.<\/p>\n<p>La location de voiture varie selon le mod\u00e8le et commence \u00e0 1&rsquo;200.- THB\/jour. (Assurance comprise)<\/p>\n<p>La caution pour les scooters est de THB 3&rsquo;000.- pour les petits mod\u00e8les et le passeport original pour les grosses motos. Pour les voitures, la caution pour les petits mod\u00e8les est de THB 10&rsquo;000.- ou 300 USD\/ EURO et pour les grandes voitures de THB 20&rsquo;000.- ou 600 USD\/ EURO.<\/p>\n<p>Pour louer une voiture ou un scooter, vous devrez pr\u00e9senter l&rsquo;original de votre permis de conduire, une copie de votre passeport et une copie de votre permis de conduire.<br \/>\nUne caution est demand\u00e9e, sinon l&rsquo;original du passeport sera conserv\u00e9 (il est recommand\u00e9 d&rsquo;en faire une copie et de l&rsquo;avoir sur soi).<br \/>\nIl est \u00e9galement recommand\u00e9 de souscrire une assurance tous risques.<\/p>\n<p>Ci-dessous une liste de scooters et de voitures \u00e0 louer.<\/p>\n<\/div><\/div><div class=\"w-image us_custom_b570b43b align_center\"><div class=\"w-image-h\"><img decoding=\"async\" width=\"1943\" height=\"2560\" src=\"https:\/\/www.youmeholiday.com\/wp-content\/uploads\/2023\/12\/IMG_3323-scaled.jpg\" class=\"attachment-full size-full\" alt=\"\" loading=\"lazy\" srcset=\"https:\/\/www.youmeholiday.com\/wp-content\/uploads\/2023\/12\/IMG_3323-scaled.jpg 1943w, https:\/\/www.youmeholiday.com\/wp-content\/uploads\/2023\/12\/IMG_3323-228x300.jpg 228w, https:\/\/www.youmeholiday.com\/wp-content\/uploads\/2023\/12\/IMG_3323-777x1024.jpg 777w, https:\/\/www.youmeholiday.com\/wp-content\/uploads\/2023\/12\/IMG_3323-600x790.jpg 600w, https:\/\/www.youmeholiday.com\/wp-content\/uploads\/2023\/12\/IMG_3323-768x1012.jpg 768w\" sizes=\"auto, (max-width: 1943px) 100vw, 1943px\" \/><\/div><\/div><\/div><\/div><\/div><\/div><\/div><\/section>\n","protected":false},"excerpt":{"rendered":"[rev_slider_vc alias=\"transport\"]A\u00e9roport de Koh Samui L&rsquo;a\u00e9roport de Koh Samui a \u00e9t\u00e9 inaugur\u00e9 en 1989. Aujourd&rsquo;hui, c&rsquo;est un a\u00e9roport international avec 2 terminaux (1 national et 1 international), il y a...","protected":false},"author":1,"featured_media":7527,"parent":0,"menu_order":0,"comment_status":"closed","ping_status":"closed","template":"","meta":{"_acf_changed":false,"footnotes":""},"class_list":["post-7716","page","type-page","status-publish","has-post-thumbnail","hentry"],"acf":[],"yoast_head":"<!-- This site is optimized with the Yoast SEO plugin v27.5 - https:\/\/yoast.com\/product\/yoast-seo-wordpress\/ -->\n<title>Transport | YouMe Holidays<\/title>\n<meta name=\"description\" content=\"L\u2019a\u00e9roport de Koh Samui a \u00e9t\u00e9 inaugur\u00e9 en 1989. Aujourd\u2019hui c\u2019est un a\u00e9roport international avec 2 terminaux (1 national et 1 international), il y a des bureaux d\u2019immigration pour les vols internationaux, des boutiques de souvenirs et des restaurants.\" \/>\n<meta name=\"robots\" content=\"index, follow, max-snippet:-1, max-image-preview:large, max-video-preview:-1\" \/>\n<link rel=\"canonical\" href=\"https:\/\/www.youmeholiday.com\/fr\/transport\/\" \/>\n<meta property=\"og:locale\" content=\"fr_FR\" \/>\n<meta property=\"og:type\" content=\"article\" \/>\n<meta property=\"og:title\" content=\"Koh Samui - Transport\" \/>\n<meta property=\"og:description\" content=\"L\u2019a\u00e9roport de Koh Samui a \u00e9t\u00e9 inaugur\u00e9 en 1989. Aujourd\u2019hui c\u2019est un a\u00e9roport international avec 2 terminaux (1 national et 1 international), il y a des bureaux d\u2019immigration pour les vols internationaux, des boutiques de souvenirs et des restaurants.\" \/>\n<meta property=\"og:url\" content=\"https:\/\/www.youmeholiday.com\/fr\/transport\/\" \/>\n<meta property=\"og:site_name\" content=\"YouMe Holidays\" \/>\n<meta property=\"article:publisher\" content=\"https:\/\/www.facebook.com\/bluebubbleholiday\/\" \/>\n<meta property=\"article:modified_time\" content=\"2025-09-03T05:06:22+00:00\" \/>\n<meta property=\"og:image\" content=\"https:\/\/www.youmeholiday.com\/wp-content\/uploads\/2018\/10\/Lomprayah-e1756874360476.jpg\" \/>\n\t<meta property=\"og:image:width\" content=\"700\" \/>\n\t<meta property=\"og:image:height\" content=\"467\" \/>\n\t<meta property=\"og:image:type\" content=\"image\/jpeg\" \/>\n<meta name=\"twitter:card\" content=\"summary_large_image\" \/>\n<meta name=\"twitter:label1\" content=\"Dur\u00e9e de lecture estim\u00e9e\" \/>\n\t<meta name=\"twitter:data1\" content=\"3 minutes\" \/>\n<script type=\"application\/ld+json\" class=\"yoast-schema-graph\">{\"@context\":\"https:\\\/\\\/schema.org\",\"@graph\":[{\"@type\":\"WebPage\",\"@id\":\"https:\\\/\\\/www.youmeholiday.com\\\/fr\\\/transport\\\/\",\"url\":\"https:\\\/\\\/www.youmeholiday.com\\\/fr\\\/transport\\\/\",\"name\":\"Transport | YouMe Holidays\",\"isPartOf\":{\"@id\":\"https:\\\/\\\/www.youmeholiday.com\\\/fr\\\/#website\"},\"primaryImageOfPage\":{\"@id\":\"https:\\\/\\\/www.youmeholiday.com\\\/fr\\\/transport\\\/#primaryimage\"},\"image\":{\"@id\":\"https:\\\/\\\/www.youmeholiday.com\\\/fr\\\/transport\\\/#primaryimage\"},\"thumbnailUrl\":\"https:\\\/\\\/www.youmeholiday.com\\\/wp-content\\\/uploads\\\/2018\\\/10\\\/Lomprayah-e1756874360476.jpg\",\"datePublished\":\"2018-12-04T03:04:57+00:00\",\"dateModified\":\"2025-09-03T05:06:22+00:00\",\"description\":\"L\u2019a\u00e9roport de Koh Samui a \u00e9t\u00e9 inaugur\u00e9 en 1989. Aujourd\u2019hui c\u2019est un a\u00e9roport international avec 2 terminaux (1 national et 1 international), il y a des bureaux d\u2019immigration pour les vols internationaux, des boutiques de souvenirs et des restaurants.\",\"breadcrumb\":{\"@id\":\"https:\\\/\\\/www.youmeholiday.com\\\/fr\\\/transport\\\/#breadcrumb\"},\"inLanguage\":\"fr-FR\",\"potentialAction\":[{\"@type\":\"ReadAction\",\"target\":[\"https:\\\/\\\/www.youmeholiday.com\\\/fr\\\/transport\\\/\"]}]},{\"@type\":\"ImageObject\",\"inLanguage\":\"fr-FR\",\"@id\":\"https:\\\/\\\/www.youmeholiday.com\\\/fr\\\/transport\\\/#primaryimage\",\"url\":\"https:\\\/\\\/www.youmeholiday.com\\\/wp-content\\\/uploads\\\/2018\\\/10\\\/Lomprayah-e1756874360476.jpg\",\"contentUrl\":\"https:\\\/\\\/www.youmeholiday.com\\\/wp-content\\\/uploads\\\/2018\\\/10\\\/Lomprayah-e1756874360476.jpg\",\"width\":700,\"height\":467,\"caption\":\"Lomprayah\"},{\"@type\":\"BreadcrumbList\",\"@id\":\"https:\\\/\\\/www.youmeholiday.com\\\/fr\\\/transport\\\/#breadcrumb\",\"itemListElement\":[{\"@type\":\"ListItem\",\"position\":1,\"name\":\"Home\",\"item\":\"https:\\\/\\\/www.youmeholiday.com\\\/fr\\\/\"},{\"@type\":\"ListItem\",\"position\":2,\"name\":\"Transport\"}]},{\"@type\":\"WebSite\",\"@id\":\"https:\\\/\\\/www.youmeholiday.com\\\/fr\\\/#website\",\"url\":\"https:\\\/\\\/www.youmeholiday.com\\\/fr\\\/\",\"name\":\"YouMe Holidays\",\"description\":\"Visites, activit\u00e9s et informations autour de Koh Samui\",\"publisher\":{\"@id\":\"https:\\\/\\\/www.youmeholiday.com\\\/fr\\\/#organization\"},\"potentialAction\":[{\"@type\":\"SearchAction\",\"target\":{\"@type\":\"EntryPoint\",\"urlTemplate\":\"https:\\\/\\\/www.youmeholiday.com\\\/fr\\\/?s={search_term_string}\"},\"query-input\":{\"@type\":\"PropertyValueSpecification\",\"valueRequired\":true,\"valueName\":\"search_term_string\"}}],\"inLanguage\":\"fr-FR\"},{\"@type\":\"Organization\",\"@id\":\"https:\\\/\\\/www.youmeholiday.com\\\/fr\\\/#organization\",\"name\":\"YouMe Holidays\",\"url\":\"https:\\\/\\\/www.youmeholiday.com\\\/fr\\\/\",\"logo\":{\"@type\":\"ImageObject\",\"inLanguage\":\"fr-FR\",\"@id\":\"https:\\\/\\\/www.youmeholiday.com\\\/fr\\\/#\\\/schema\\\/logo\\\/image\\\/\",\"url\":\"https:\\\/\\\/www.youmeholiday.com\\\/wp-content\\\/uploads\\\/2018\\\/07\\\/New_logo_rond_web.png\",\"contentUrl\":\"https:\\\/\\\/www.youmeholiday.com\\\/wp-content\\\/uploads\\\/2018\\\/07\\\/New_logo_rond_web.png\",\"width\":1587,\"height\":1099,\"caption\":\"YouMe Holidays\"},\"image\":{\"@id\":\"https:\\\/\\\/www.youmeholiday.com\\\/fr\\\/#\\\/schema\\\/logo\\\/image\\\/\"},\"sameAs\":[\"https:\\\/\\\/www.facebook.com\\\/bluebubbleholiday\\\/\",\"https:\\\/\\\/www.instagram.com\\\/blue_bubble_holiday_thailand\\\/\"]}]}<\/script>\n<!-- \/ Yoast SEO plugin. -->","yoast_head_json":{"title":"Transport | YouMe Holidays","description":"L\u2019a\u00e9roport de Koh Samui a \u00e9t\u00e9 inaugur\u00e9 en 1989. Aujourd\u2019hui c\u2019est un a\u00e9roport international avec 2 terminaux (1 national et 1 international), il y a des bureaux d\u2019immigration pour les vols internationaux, des boutiques de souvenirs et des restaurants.","robots":{"index":"index","follow":"follow","max-snippet":"max-snippet:-1","max-image-preview":"max-image-preview:large","max-video-preview":"max-video-preview:-1"},"canonical":"https:\/\/www.youmeholiday.com\/fr\/transport\/","og_locale":"fr_FR","og_type":"article","og_title":"Koh Samui - Transport","og_description":"L\u2019a\u00e9roport de Koh Samui a \u00e9t\u00e9 inaugur\u00e9 en 1989. Aujourd\u2019hui c\u2019est un a\u00e9roport international avec 2 terminaux (1 national et 1 international), il y a des bureaux d\u2019immigration pour les vols internationaux, des boutiques de souvenirs et des restaurants.","og_url":"https:\/\/www.youmeholiday.com\/fr\/transport\/","og_site_name":"YouMe Holidays","article_publisher":"https:\/\/www.facebook.com\/bluebubbleholiday\/","article_modified_time":"2025-09-03T05:06:22+00:00","og_image":[{"width":700,"height":467,"url":"https:\/\/www.youmeholiday.com\/wp-content\/uploads\/2018\/10\/Lomprayah-e1756874360476.jpg","type":"image\/jpeg"}],"twitter_card":"summary_large_image","twitter_misc":{"Dur\u00e9e de lecture estim\u00e9e":"3 minutes"},"schema":{"@context":"https:\/\/schema.org","@graph":[{"@type":"WebPage","@id":"https:\/\/www.youmeholiday.com\/fr\/transport\/","url":"https:\/\/www.youmeholiday.com\/fr\/transport\/","name":"Transport | YouMe Holidays","isPartOf":{"@id":"https:\/\/www.youmeholiday.com\/fr\/#website"},"primaryImageOfPage":{"@id":"https:\/\/www.youmeholiday.com\/fr\/transport\/#primaryimage"},"image":{"@id":"https:\/\/www.youmeholiday.com\/fr\/transport\/#primaryimage"},"thumbnailUrl":"https:\/\/www.youmeholiday.com\/wp-content\/uploads\/2018\/10\/Lomprayah-e1756874360476.jpg","datePublished":"2018-12-04T03:04:57+00:00","dateModified":"2025-09-03T05:06:22+00:00","description":"L\u2019a\u00e9roport de Koh Samui a \u00e9t\u00e9 inaugur\u00e9 en 1989. Aujourd\u2019hui c\u2019est un a\u00e9roport international avec 2 terminaux (1 national et 1 international), il y a des bureaux d\u2019immigration pour les vols internationaux, des boutiques de souvenirs et des restaurants.","breadcrumb":{"@id":"https:\/\/www.youmeholiday.com\/fr\/transport\/#breadcrumb"},"inLanguage":"fr-FR","potentialAction":[{"@type":"ReadAction","target":["https:\/\/www.youmeholiday.com\/fr\/transport\/"]}]},{"@type":"ImageObject","inLanguage":"fr-FR","@id":"https:\/\/www.youmeholiday.com\/fr\/transport\/#primaryimage","url":"https:\/\/www.youmeholiday.com\/wp-content\/uploads\/2018\/10\/Lomprayah-e1756874360476.jpg","contentUrl":"https:\/\/www.youmeholiday.com\/wp-content\/uploads\/2018\/10\/Lomprayah-e1756874360476.jpg","width":700,"height":467,"caption":"Lomprayah"},{"@type":"BreadcrumbList","@id":"https:\/\/www.youmeholiday.com\/fr\/transport\/#breadcrumb","itemListElement":[{"@type":"ListItem","position":1,"name":"Home","item":"https:\/\/www.youmeholiday.com\/fr\/"},{"@type":"ListItem","position":2,"name":"Transport"}]},{"@type":"WebSite","@id":"https:\/\/www.youmeholiday.com\/fr\/#website","url":"https:\/\/www.youmeholiday.com\/fr\/","name":"YouMe Holidays","description":"Visites, activit\u00e9s et informations autour de Koh Samui","publisher":{"@id":"https:\/\/www.youmeholiday.com\/fr\/#organization"},"potentialAction":[{"@type":"SearchAction","target":{"@type":"EntryPoint","urlTemplate":"https:\/\/www.youmeholiday.com\/fr\/?s={search_term_string}"},"query-input":{"@type":"PropertyValueSpecification","valueRequired":true,"valueName":"search_term_string"}}],"inLanguage":"fr-FR"},{"@type":"Organization","@id":"https:\/\/www.youmeholiday.com\/fr\/#organization","name":"YouMe Holidays","url":"https:\/\/www.youmeholiday.com\/fr\/","logo":{"@type":"ImageObject","inLanguage":"fr-FR","@id":"https:\/\/www.youmeholiday.com\/fr\/#\/schema\/logo\/image\/","url":"https:\/\/www.youmeholiday.com\/wp-content\/uploads\/2018\/07\/New_logo_rond_web.png","contentUrl":"https:\/\/www.youmeholiday.com\/wp-content\/uploads\/2018\/07\/New_logo_rond_web.png","width":1587,"height":1099,"caption":"YouMe Holidays"},"image":{"@id":"https:\/\/www.youmeholiday.com\/fr\/#\/schema\/logo\/image\/"},"sameAs":["https:\/\/www.facebook.com\/bluebubbleholiday\/","https:\/\/www.instagram.com\/blue_bubble_holiday_thailand\/"]}]}},"_links":{"self":[{"href":"https:\/\/www.youmeholiday.com\/fr\/wp-json\/wp\/v2\/pages\/7716","targetHints":{"allow":["GET"]}}],"collection":[{"href":"https:\/\/www.youmeholiday.com\/fr\/wp-json\/wp\/v2\/pages"}],"about":[{"href":"https:\/\/www.youmeholiday.com\/fr\/wp-json\/wp\/v2\/types\/page"}],"author":[{"embeddable":true,"href":"https:\/\/www.youmeholiday.com\/fr\/wp-json\/wp\/v2\/users\/1"}],"replies":[{"embeddable":true,"href":"https:\/\/www.youmeholiday.com\/fr\/wp-json\/wp\/v2\/comments?post=7716"}],"version-history":[{"count":26,"href":"https:\/\/www.youmeholiday.com\/fr\/wp-json\/wp\/v2\/pages\/7716\/revisions"}],"predecessor-version":[{"id":12850,"href":"https:\/\/www.youmeholiday.com\/fr\/wp-json\/wp\/v2\/pages\/7716\/revisions\/12850"}],"wp:featuredmedia":[{"embeddable":true,"href":"https:\/\/www.youmeholiday.com\/fr\/wp-json\/wp\/v2\/media\/7527"}],"wp:attachment":[{"href":"https:\/\/www.youmeholiday.com\/fr\/wp-json\/wp\/v2\/media?parent=7716"}],"curies":[{"name":"wp","href":"https:\/\/api.w.org\/{rel}","templated":true}]}}