{"id":7669,"date":"2018-12-04T09:23:42","date_gmt":"2018-12-04T02:23:42","guid":{"rendered":"https:\/\/www.bluebubbleholiday.com\/declaration-de-confidentialite\/"},"modified":"2021-07-08T14:32:42","modified_gmt":"2021-07-08T07:32:42","slug":"declaration-de-confidentialite","status":"publish","type":"page","link":"https:\/\/www.youmeholiday.com\/fr\/declaration-de-confidentialite\/","title":{"rendered":"D\u00c9CLARATION DE CONFIDENTIALIT\u00c9"},"content":{"rendered":"<section class=\"l-section wpb_row height_medium\"><div class=\"l-section-h i-cf\"><div class=\"g-cols vc_row via_flex valign_top type_default stacking_default\"><div class=\"vc_col-sm-12 wpb_column vc_column_container\"><div class=\"vc_column-inner\"><div class=\"wpb_wrapper\"><h1 class=\"w-post-elm post_title us_custom_064d9100 entry-title color_link_inherit\">D\u00c9CLARATION DE CONFIDENTIALIT\u00c9<\/h1><div class=\"wpb_text_column\"><div class=\"wpb_wrapper\"><p><strong>QUE FAISONS-NOUS DE VOS INFORMATIONS?<\/strong><\/p>\n<p>Lorsque vous achetez quelque chose de notre magasin, dans le cadre du processus d&rsquo;achat et de vente, nous recueillons les renseignements personnels que vous nous fournissez tels que votre nom, votre adresse et votre adresse \u00e9lectronique.<br \/>\nLorsque vous naviguez sur notre boutique, nous recevons automatiquement l&rsquo;adresse IP de votre ordinateur afin de nous fournir des informations qui nous aident \u00e0 mieux conna\u00eetre votre navigateur et votre syst\u00e8me d&rsquo;exploitation.<br \/>\nMarketing par courriel (s&rsquo;il y a lieu) : Avec votre permission, nous pouvons vous envoyer des courriels au sujet de notre magasin, de nouveaux produits et d&rsquo;autres mises \u00e0 jour.<\/p>\n<p><strong>CONSENT<\/strong><\/p>\n<p>Comment obtenir mon consentement ?<br \/>\nLorsque vous nous fournissez des renseignements personnels pour effectuer une transaction, v\u00e9rifier votre carte de cr\u00e9dit, passer une commande, prendre des dispositions pour une livraison ou retourner un achat, nous sous-entendons que vous consentez \u00e0 ce que nous les recueillions et les utilisions pour cette raison sp\u00e9cifique seulement.<br \/>\nSi nous vous demandons des renseignements personnels pour une raison secondaire, comme le marketing, nous vous demanderons directement votre consentement explicite ou nous vous donnerons l&rsquo;occasion de dire non.<br \/>\nComment puis-je retirer mon consentement ?<br \/>\nSi, apr\u00e8s votre inscription, vous changez d&rsquo;avis, vous pouvez retirer votre consentement \u00e0 ce que nous communiquions avec vous, pour la collecte, l&rsquo;utilisation ou la divulgation continue de vos renseignements personnels, en tout temps, en communiquant avec nous \u00e0 l&rsquo;adresse info@youmeholiday.com.<\/p>\n<p><strong>SERVICES DE TIERS<\/strong><\/p>\n<p>En g\u00e9n\u00e9ral, les tiers fournisseurs que nous utilisons ne recueillent, n&rsquo;utilisent et ne divulguent vos renseignements personnels que dans la mesure n\u00e9cessaire pour leur permettre de nous fournir les services qu&rsquo;ils nous fournissent.<br \/>\nToutefois, certains fournisseurs de services tiers, tels que les passerelles de paiement et autres processeurs de transactions de paiement, ont leur propre politique de confidentialit\u00e9 en ce qui concerne les informations que nous sommes tenus de leur fournir pour vos transactions d&rsquo;achat.<br \/>\nPour ces fournisseurs, nous vous recommandons de lire leurs politiques de confidentialit\u00e9 afin que vous puissiez comprendre la mani\u00e8re dont vos renseignements personnels seront trait\u00e9s par ces fournisseurs.<br \/>\nEn particulier, n&rsquo;oubliez pas que certains fournisseurs peuvent \u00eatre situ\u00e9s ou avoir des installations situ\u00e9es dans une juridiction diff\u00e9rente de la v\u00f4tre ou de la n\u00f4tre. Ainsi, si vous choisissez de proc\u00e9der \u00e0 une transaction qui implique les services d&rsquo;un tiers fournisseur de services, alors vos renseignements pourraient \u00eatre assujettis aux lois de la juridiction dans laquelle ce fournisseur de services ou ses installations sont situ\u00e9s.<br \/>\nPar exemple, si vous \u00eates situ\u00e9 au Canada et que votre transaction est trait\u00e9e par une passerelle de paiement situ\u00e9e aux \u00c9tats-Unis, les renseignements personnels que vous avez utilis\u00e9s pour effectuer cette transaction peuvent \u00eatre divulgu\u00e9s en vertu de la l\u00e9gislation am\u00e9ricaine, y compris la Patriot Act.<br \/>\nUne fois que vous quittez le site Web ou que vous \u00eates redirig\u00e9 vers un site Web ou une application d&rsquo;un tiers, vous n&rsquo;\u00eates plus r\u00e9gi par la pr\u00e9sente politique de confidentialit\u00e9 ou les conditions d&rsquo;utilisation de notre site Web.<br \/>\nLiens<br \/>\nLorsque vous cliquez sur les liens de notre magasin, ils peuvent vous \u00e9loigner de notre site. Nous ne sommes pas responsables des pratiques de confidentialit\u00e9 des autres sites et nous vous encourageons \u00e0 lire leurs d\u00e9clarations de confidentialit\u00e9.<\/p>\n<p><strong>S\u00c9CURIT\u00c9<\/strong><\/p>\n<p>Pour prot\u00e9ger vos renseignements personnels, nous prenons des pr\u00e9cautions raisonnables et suivons les meilleures pratiques de l&rsquo;industrie pour nous assurer qu&rsquo;ils ne sont pas perdus, mal utilis\u00e9s, acc\u00e9d\u00e9s, divulgu\u00e9s, divulgu\u00e9s, modifi\u00e9s ou d\u00e9truits.<br \/>\nSi vous nous fournissez les informations relatives \u00e0 votre carte de cr\u00e9dit, les informations sont crypt\u00e9es \u00e0 l&rsquo;aide de la technologie SSL (Secure Socket Layer) et stock\u00e9es avec un cryptage AES-256. Bien qu&rsquo;aucune m\u00e9thode de transmission sur Internet ou de stockage \u00e9lectronique n&rsquo;est s\u00e9curis\u00e9e \u00e0 100 %, nous suivons toutes les exigences PCI-DSS et mettons en \u0153uvre d&rsquo;autres normes g\u00e9n\u00e9ralement accept\u00e9es dans l&rsquo;industrie.<\/p>\n<p><strong>AGE DU CONSENTEMENT<\/strong><\/p>\n<p>En utilisant ce site, vous d\u00e9clarez que vous avez au moins l&rsquo;\u00e2ge de la majorit\u00e9 dans votre \u00e9tat ou province de r\u00e9sidence, ou que vous avez l&rsquo;\u00e2ge de la majorit\u00e9 dans votre \u00e9tat ou province de r\u00e9sidence et que vous nous avez donn\u00e9 votre consentement pour permettre \u00e0 l&rsquo;une de vos personnes \u00e0 charge mineures d&rsquo;utiliser ce site.<\/p>\n<p><strong>MODIFICATIONS APPORT\u00c9ES \u00c0 LA PR\u00c9SENTE POLITIQUE DE CONFIDENTIALIT\u00c9<\/strong><\/p>\n<p>Nous nous r\u00e9servons le droit de modifier cette politique de confidentialit\u00e9 \u00e0 tout moment, alors veuillez la consulter fr\u00e9quemment. Les modifications et clarifications entreront en vigueur d\u00e8s leur publication sur le site Web. Si nous apportons des changements importants \u00e0 cette politique, nous vous aviserons ici qu&rsquo;elle a \u00e9t\u00e9 mise \u00e0 jour, afin que vous sachiez quelles informations nous recueillons, comment nous les utilisons et dans quelles circonstances, le cas \u00e9ch\u00e9ant, nous les utilisons et\/ou les divulguons.<br \/>\nSi notre magasin est acquis ou fusionn\u00e9 avec une autre soci\u00e9t\u00e9, vos informations peuvent \u00eatre transf\u00e9r\u00e9es aux nouveaux propri\u00e9taires afin que nous puissions continuer \u00e0 vous vendre des produits.<\/p>\n<\/div><\/div><\/div><\/div><\/div><\/div><\/div><\/section>\n","protected":false},"excerpt":{"rendered":"D\u00c9CLARATION DE CONFIDENTIALIT\u00c9QUE FAISONS-NOUS DE VOS INFORMATIONS? Lorsque vous achetez quelque chose de notre magasin, dans le cadre du processus d&rsquo;achat et de vente, nous recueillons les renseignements personnels que...","protected":false},"author":1,"featured_media":0,"parent":0,"menu_order":0,"comment_status":"closed","ping_status":"closed","template":"","meta":{"_acf_changed":false,"footnotes":""},"class_list":["post-7669","page","type-page","status-publish","hentry"],"acf":[],"yoast_head":"<!-- This site is optimized with the Yoast SEO plugin v27.5 - https:\/\/yoast.com\/product\/yoast-seo-wordpress\/ -->\n<title>D\u00c9CLARATION DE CONFIDENTIALIT\u00c9 | YouMe Holidays<\/title>\n<meta name=\"robots\" content=\"index, follow, max-snippet:-1, max-image-preview:large, max-video-preview:-1\" \/>\n<link rel=\"canonical\" href=\"https:\/\/www.youmeholiday.com\/fr\/declaration-de-confidentialite\/\" \/>\n<meta property=\"og:locale\" content=\"fr_FR\" \/>\n<meta property=\"og:type\" content=\"article\" \/>\n<meta property=\"og:title\" content=\"D\u00c9CLARATION DE CONFIDENTIALIT\u00c9 | YouMe Holidays\" \/>\n<meta property=\"og:url\" content=\"https:\/\/www.youmeholiday.com\/fr\/declaration-de-confidentialite\/\" \/>\n<meta property=\"og:site_name\" content=\"YouMe Holidays\" \/>\n<meta property=\"article:publisher\" content=\"https:\/\/www.facebook.com\/bluebubbleholiday\/\" \/>\n<meta property=\"article:modified_time\" content=\"2021-07-08T07:32:42+00:00\" \/>\n<meta name=\"twitter:card\" content=\"summary_large_image\" \/>\n<meta name=\"twitter:label1\" content=\"Dur\u00e9e de lecture estim\u00e9e\" \/>\n\t<meta name=\"twitter:data1\" content=\"4 minutes\" \/>\n<script type=\"application\/ld+json\" class=\"yoast-schema-graph\">{\"@context\":\"https:\\\/\\\/schema.org\",\"@graph\":[{\"@type\":\"WebPage\",\"@id\":\"https:\\\/\\\/www.youmeholiday.com\\\/fr\\\/declaration-de-confidentialite\\\/\",\"url\":\"https:\\\/\\\/www.youmeholiday.com\\\/fr\\\/declaration-de-confidentialite\\\/\",\"name\":\"D\u00c9CLARATION DE CONFIDENTIALIT\u00c9 | YouMe Holidays\",\"isPartOf\":{\"@id\":\"https:\\\/\\\/www.youmeholiday.com\\\/fr\\\/#website\"},\"datePublished\":\"2018-12-04T02:23:42+00:00\",\"dateModified\":\"2021-07-08T07:32:42+00:00\",\"breadcrumb\":{\"@id\":\"https:\\\/\\\/www.youmeholiday.com\\\/fr\\\/declaration-de-confidentialite\\\/#breadcrumb\"},\"inLanguage\":\"fr-FR\",\"potentialAction\":[{\"@type\":\"ReadAction\",\"target\":[\"https:\\\/\\\/www.youmeholiday.com\\\/fr\\\/declaration-de-confidentialite\\\/\"]}]},{\"@type\":\"BreadcrumbList\",\"@id\":\"https:\\\/\\\/www.youmeholiday.com\\\/fr\\\/declaration-de-confidentialite\\\/#breadcrumb\",\"itemListElement\":[{\"@type\":\"ListItem\",\"position\":1,\"name\":\"Home\",\"item\":\"https:\\\/\\\/www.youmeholiday.com\\\/fr\\\/\"},{\"@type\":\"ListItem\",\"position\":2,\"name\":\"D\u00c9CLARATION DE CONFIDENTIALIT\u00c9\"}]},{\"@type\":\"WebSite\",\"@id\":\"https:\\\/\\\/www.youmeholiday.com\\\/fr\\\/#website\",\"url\":\"https:\\\/\\\/www.youmeholiday.com\\\/fr\\\/\",\"name\":\"YouMe Holidays\",\"description\":\"Visites, activit\u00e9s et informations autour de Koh Samui\",\"publisher\":{\"@id\":\"https:\\\/\\\/www.youmeholiday.com\\\/fr\\\/#organization\"},\"potentialAction\":[{\"@type\":\"SearchAction\",\"target\":{\"@type\":\"EntryPoint\",\"urlTemplate\":\"https:\\\/\\\/www.youmeholiday.com\\\/fr\\\/?s={search_term_string}\"},\"query-input\":{\"@type\":\"PropertyValueSpecification\",\"valueRequired\":true,\"valueName\":\"search_term_string\"}}],\"inLanguage\":\"fr-FR\"},{\"@type\":\"Organization\",\"@id\":\"https:\\\/\\\/www.youmeholiday.com\\\/fr\\\/#organization\",\"name\":\"YouMe Holidays\",\"url\":\"https:\\\/\\\/www.youmeholiday.com\\\/fr\\\/\",\"logo\":{\"@type\":\"ImageObject\",\"inLanguage\":\"fr-FR\",\"@id\":\"https:\\\/\\\/www.youmeholiday.com\\\/fr\\\/#\\\/schema\\\/logo\\\/image\\\/\",\"url\":\"https:\\\/\\\/www.youmeholiday.com\\\/wp-content\\\/uploads\\\/2018\\\/07\\\/New_logo_rond_web.png\",\"contentUrl\":\"https:\\\/\\\/www.youmeholiday.com\\\/wp-content\\\/uploads\\\/2018\\\/07\\\/New_logo_rond_web.png\",\"width\":1587,\"height\":1099,\"caption\":\"YouMe Holidays\"},\"image\":{\"@id\":\"https:\\\/\\\/www.youmeholiday.com\\\/fr\\\/#\\\/schema\\\/logo\\\/image\\\/\"},\"sameAs\":[\"https:\\\/\\\/www.facebook.com\\\/bluebubbleholiday\\\/\",\"https:\\\/\\\/www.instagram.com\\\/blue_bubble_holiday_thailand\\\/\"]}]}<\/script>\n<!-- \/ Yoast SEO plugin. -->","yoast_head_json":{"title":"D\u00c9CLARATION DE CONFIDENTIALIT\u00c9 | YouMe Holidays","robots":{"index":"index","follow":"follow","max-snippet":"max-snippet:-1","max-image-preview":"max-image-preview:large","max-video-preview":"max-video-preview:-1"},"canonical":"https:\/\/www.youmeholiday.com\/fr\/declaration-de-confidentialite\/","og_locale":"fr_FR","og_type":"article","og_title":"D\u00c9CLARATION DE CONFIDENTIALIT\u00c9 | YouMe Holidays","og_url":"https:\/\/www.youmeholiday.com\/fr\/declaration-de-confidentialite\/","og_site_name":"YouMe Holidays","article_publisher":"https:\/\/www.facebook.com\/bluebubbleholiday\/","article_modified_time":"2021-07-08T07:32:42+00:00","twitter_card":"summary_large_image","twitter_misc":{"Dur\u00e9e de lecture estim\u00e9e":"4 minutes"},"schema":{"@context":"https:\/\/schema.org","@graph":[{"@type":"WebPage","@id":"https:\/\/www.youmeholiday.com\/fr\/declaration-de-confidentialite\/","url":"https:\/\/www.youmeholiday.com\/fr\/declaration-de-confidentialite\/","name":"D\u00c9CLARATION DE CONFIDENTIALIT\u00c9 | YouMe Holidays","isPartOf":{"@id":"https:\/\/www.youmeholiday.com\/fr\/#website"},"datePublished":"2018-12-04T02:23:42+00:00","dateModified":"2021-07-08T07:32:42+00:00","breadcrumb":{"@id":"https:\/\/www.youmeholiday.com\/fr\/declaration-de-confidentialite\/#breadcrumb"},"inLanguage":"fr-FR","potentialAction":[{"@type":"ReadAction","target":["https:\/\/www.youmeholiday.com\/fr\/declaration-de-confidentialite\/"]}]},{"@type":"BreadcrumbList","@id":"https:\/\/www.youmeholiday.com\/fr\/declaration-de-confidentialite\/#breadcrumb","itemListElement":[{"@type":"ListItem","position":1,"name":"Home","item":"https:\/\/www.youmeholiday.com\/fr\/"},{"@type":"ListItem","position":2,"name":"D\u00c9CLARATION DE CONFIDENTIALIT\u00c9"}]},{"@type":"WebSite","@id":"https:\/\/www.youmeholiday.com\/fr\/#website","url":"https:\/\/www.youmeholiday.com\/fr\/","name":"YouMe Holidays","description":"Visites, activit\u00e9s et informations autour de Koh Samui","publisher":{"@id":"https:\/\/www.youmeholiday.com\/fr\/#organization"},"potentialAction":[{"@type":"SearchAction","target":{"@type":"EntryPoint","urlTemplate":"https:\/\/www.youmeholiday.com\/fr\/?s={search_term_string}"},"query-input":{"@type":"PropertyValueSpecification","valueRequired":true,"valueName":"search_term_string"}}],"inLanguage":"fr-FR"},{"@type":"Organization","@id":"https:\/\/www.youmeholiday.com\/fr\/#organization","name":"YouMe Holidays","url":"https:\/\/www.youmeholiday.com\/fr\/","logo":{"@type":"ImageObject","inLanguage":"fr-FR","@id":"https:\/\/www.youmeholiday.com\/fr\/#\/schema\/logo\/image\/","url":"https:\/\/www.youmeholiday.com\/wp-content\/uploads\/2018\/07\/New_logo_rond_web.png","contentUrl":"https:\/\/www.youmeholiday.com\/wp-content\/uploads\/2018\/07\/New_logo_rond_web.png","width":1587,"height":1099,"caption":"YouMe Holidays"},"image":{"@id":"https:\/\/www.youmeholiday.com\/fr\/#\/schema\/logo\/image\/"},"sameAs":["https:\/\/www.facebook.com\/bluebubbleholiday\/","https:\/\/www.instagram.com\/blue_bubble_holiday_thailand\/"]}]}},"_links":{"self":[{"href":"https:\/\/www.youmeholiday.com\/fr\/wp-json\/wp\/v2\/pages\/7669","targetHints":{"allow":["GET"]}}],"collection":[{"href":"https:\/\/www.youmeholiday.com\/fr\/wp-json\/wp\/v2\/pages"}],"about":[{"href":"https:\/\/www.youmeholiday.com\/fr\/wp-json\/wp\/v2\/types\/page"}],"author":[{"embeddable":true,"href":"https:\/\/www.youmeholiday.com\/fr\/wp-json\/wp\/v2\/users\/1"}],"replies":[{"embeddable":true,"href":"https:\/\/www.youmeholiday.com\/fr\/wp-json\/wp\/v2\/comments?post=7669"}],"version-history":[{"count":5,"href":"https:\/\/www.youmeholiday.com\/fr\/wp-json\/wp\/v2\/pages\/7669\/revisions"}],"predecessor-version":[{"id":9238,"href":"https:\/\/www.youmeholiday.com\/fr\/wp-json\/wp\/v2\/pages\/7669\/revisions\/9238"}],"wp:attachment":[{"href":"https:\/\/www.youmeholiday.com\/fr\/wp-json\/wp\/v2\/media?parent=7669"}],"curies":[{"name":"wp","href":"https:\/\/api.w.org\/{rel}","templated":true}]}}