{"id":7845,"date":"2018-12-06T15:37:04","date_gmt":"2018-12-06T08:37:04","guid":{"rendered":"https:\/\/www.bluebubbleholiday.com\/magischer-garten\/"},"modified":"2018-12-24T12:56:26","modified_gmt":"2018-12-24T05:56:26","slug":"magischer-garten","status":"publish","type":"page","link":"https:\/\/www.youmeholiday.com\/de\/magischer-garten\/","title":{"rendered":"Magischer Garten"},"content":{"rendered":"<section class=\"l-section wpb_row height_auto width_full\"><div class=\"l-section-h i-cf\"><div class=\"g-cols vc_row via_flex valign_top type_default stacking_default\"><div class=\"vc_col-sm-12 wpb_column vc_column_container\"><div class=\"vc_column-inner\"><div class=\"wpb_wrapper\">[rev_slider_vc alias=&#8220;magic-garden&#8220;]<\/div><\/div><\/div><\/div><\/div><\/section><section class=\"l-section wpb_row height_small\"><div class=\"l-section-h i-cf\"><div class=\"g-cols vc_row via_flex valign_top type_default stacking_default\"><div class=\"vc_col-sm-6 wpb_column vc_column_container\"><div class=\"vc_column-inner\"><div class=\"wpb_wrapper\"><div class=\"wpb_text_column\"><div class=\"wpb_wrapper\"><h1>Magischer Garten (Geheimer Buddha-Garten)<\/h1>\n<p>Der Magic Garden wurde 1976 von Mr. Nim Thongsuk, einem lokalen Bauern aus Koh Samui, erbaut. Mit 77 Jahren begann er mit dem Bau dieses mystischen Gartens. Der geheime Garten oder Buddha Garden liegt hoch oben in den H\u00fcgeln\/Bergen auf der S\u00fcdseite von Koh Samui.<\/p>\n<p>Der Zaubergarten mit seinen vielen Statuen, Wasserf\u00e4llen, spirituellen H\u00e4usern und tropischen Blumen hat eine besondere mystische Atmosph\u00e4re.<\/p>\n<p>Der geheime Garten des Buddha, auch bekannt als Himmelsgarten oder Zaubergarten. Die Statuen stellen viele Kreaturen und Skulpturen der buddhistischen Mythologie dar, von allen Formen und Gr\u00f6\u00dfen, die \u00fcber den Park verteilt.<\/p>\n<p>W\u00e4hrend vieler Jahren war der Gr\u00fcnder des Khun Nim Gartens als Landwirt bekannt, der Durianb\u00e4ume kultivierte.  Er half Samui, f\u00fcr diese w\u00fcrzige und beliebte thail\u00e4ndische Frucht ber\u00fchmt zu werden. Als er in den Ruhestand ging, \u00f6ffnete er das private Anwesen f\u00fcr die \u00d6ffentlichkeit und bildete ein Team, um den Garten zu entwickeln. Er kreierte viele Figuren, die haupts\u00e4chlich buddhistische Folklore repr\u00e4sentieren. Jede Statue hat eine Geschichte zu erz\u00e4hlen, und die meisten Thail\u00e4nder kennen die Bedeutung und Mythologie dieser eindrucksvollen Kunstwerke.<\/p>\n<\/div><\/div><\/div><\/div><\/div><div class=\"vc_col-sm-6 wpb_column vc_column_container\"><div class=\"vc_column-inner\"><div class=\"wpb_wrapper\"><div class=\"w-slider style_none fit_cover nav_thumbs count_9\" style=\"--thumbs-width:4rem;--thumbs-gap:4px;\"><div class=\"w-slider-h\"><div class=\"royalSlider\"><div class=\"rsContent\"><a class=\"rsImg\" data-rsw=\"1200\" data-rsh=\"800\" data-rsBigImg=\"https:\/\/www.youmeholiday.com\/wp-content\/uploads\/2018\/10\/Magic-Garden-10.jpg\" href=\"https:\/\/www.youmeholiday.com\/wp-content\/uploads\/2018\/10\/Magic-Garden-10.jpg\"><span data-alt=\"Magischer Garten\"><\/span><\/a><img loading=\"lazy\" decoding=\"async\" width=\"150\" height=\"150\" src=\"https:\/\/www.youmeholiday.com\/wp-content\/uploads\/2018\/10\/Magic-Garden-10-150x150.jpg\" class=\"rsTmb\" alt=\"Magischer Garten\" srcset=\"https:\/\/www.youmeholiday.com\/wp-content\/uploads\/2018\/10\/Magic-Garden-10-150x150.jpg 150w, https:\/\/www.youmeholiday.com\/wp-content\/uploads\/2018\/10\/Magic-Garden-10-350x350.jpg 350w, https:\/\/www.youmeholiday.com\/wp-content\/uploads\/2018\/10\/Magic-Garden-10-600x600.jpg 600w, https:\/\/www.youmeholiday.com\/wp-content\/uploads\/2018\/10\/Magic-Garden-10-300x300.jpg 300w\" sizes=\"auto, (max-width: 150px) 100vw, 150px\" \/><\/div><div class=\"rsContent\"><a class=\"rsImg\" data-rsw=\"1200\" data-rsh=\"800\" data-rsBigImg=\"https:\/\/www.youmeholiday.com\/wp-content\/uploads\/2018\/10\/Magic-Garden-11.jpg\" href=\"https:\/\/www.youmeholiday.com\/wp-content\/uploads\/2018\/10\/Magic-Garden-11.jpg\"><span data-alt=\"Magischer Garten\"><\/span><\/a><img loading=\"lazy\" decoding=\"async\" width=\"150\" height=\"150\" src=\"https:\/\/www.youmeholiday.com\/wp-content\/uploads\/2018\/10\/Magic-Garden-11-150x150.jpg\" class=\"rsTmb\" alt=\"Magischer Garten\" srcset=\"https:\/\/www.youmeholiday.com\/wp-content\/uploads\/2018\/10\/Magic-Garden-11-150x150.jpg 150w, https:\/\/www.youmeholiday.com\/wp-content\/uploads\/2018\/10\/Magic-Garden-11-350x350.jpg 350w, https:\/\/www.youmeholiday.com\/wp-content\/uploads\/2018\/10\/Magic-Garden-11-600x600.jpg 600w, https:\/\/www.youmeholiday.com\/wp-content\/uploads\/2018\/10\/Magic-Garden-11-300x300.jpg 300w\" sizes=\"auto, (max-width: 150px) 100vw, 150px\" \/><\/div><div class=\"rsContent\"><a class=\"rsImg\" data-rsw=\"1200\" data-rsh=\"800\" data-rsBigImg=\"https:\/\/www.youmeholiday.com\/wp-content\/uploads\/2018\/10\/Magic-Garden-12.jpg\" href=\"https:\/\/www.youmeholiday.com\/wp-content\/uploads\/2018\/10\/Magic-Garden-12.jpg\"><span data-alt=\"Magischer Garten\"><\/span><\/a><img loading=\"lazy\" decoding=\"async\" width=\"150\" height=\"150\" src=\"https:\/\/www.youmeholiday.com\/wp-content\/uploads\/2018\/10\/Magic-Garden-12-150x150.jpg\" class=\"rsTmb\" alt=\"Magischer Garten\" srcset=\"https:\/\/www.youmeholiday.com\/wp-content\/uploads\/2018\/10\/Magic-Garden-12-150x150.jpg 150w, https:\/\/www.youmeholiday.com\/wp-content\/uploads\/2018\/10\/Magic-Garden-12-350x350.jpg 350w, https:\/\/www.youmeholiday.com\/wp-content\/uploads\/2018\/10\/Magic-Garden-12-600x600.jpg 600w, https:\/\/www.youmeholiday.com\/wp-content\/uploads\/2018\/10\/Magic-Garden-12-300x300.jpg 300w\" sizes=\"auto, (max-width: 150px) 100vw, 150px\" \/><\/div><div class=\"rsContent\"><a class=\"rsImg\" data-rsw=\"1200\" data-rsh=\"800\" data-rsBigImg=\"https:\/\/www.youmeholiday.com\/wp-content\/uploads\/2018\/10\/Magic-Garden-13.jpg\" href=\"https:\/\/www.youmeholiday.com\/wp-content\/uploads\/2018\/10\/Magic-Garden-13.jpg\"><span data-alt=\"Magischer Garten\"><\/span><\/a><img loading=\"lazy\" decoding=\"async\" width=\"150\" height=\"150\" src=\"https:\/\/www.youmeholiday.com\/wp-content\/uploads\/2018\/10\/Magic-Garden-13-150x150.jpg\" class=\"rsTmb\" alt=\"Magischer Garten\" srcset=\"https:\/\/www.youmeholiday.com\/wp-content\/uploads\/2018\/10\/Magic-Garden-13-150x150.jpg 150w, https:\/\/www.youmeholiday.com\/wp-content\/uploads\/2018\/10\/Magic-Garden-13-350x350.jpg 350w, https:\/\/www.youmeholiday.com\/wp-content\/uploads\/2018\/10\/Magic-Garden-13-600x600.jpg 600w, https:\/\/www.youmeholiday.com\/wp-content\/uploads\/2018\/10\/Magic-Garden-13-300x300.jpg 300w\" sizes=\"auto, (max-width: 150px) 100vw, 150px\" \/><\/div><div class=\"rsContent\"><a class=\"rsImg\" data-rsw=\"1200\" data-rsh=\"800\" data-rsBigImg=\"https:\/\/www.youmeholiday.com\/wp-content\/uploads\/2018\/10\/Magic-Garden-14.jpg\" href=\"https:\/\/www.youmeholiday.com\/wp-content\/uploads\/2018\/10\/Magic-Garden-14.jpg\"><span data-alt=\"Magischer Garten\"><\/span><\/a><img loading=\"lazy\" decoding=\"async\" width=\"150\" height=\"150\" src=\"https:\/\/www.youmeholiday.com\/wp-content\/uploads\/2018\/10\/Magic-Garden-14-150x150.jpg\" class=\"rsTmb\" alt=\"Magischer Garten\" srcset=\"https:\/\/www.youmeholiday.com\/wp-content\/uploads\/2018\/10\/Magic-Garden-14-150x150.jpg 150w, https:\/\/www.youmeholiday.com\/wp-content\/uploads\/2018\/10\/Magic-Garden-14-350x350.jpg 350w, https:\/\/www.youmeholiday.com\/wp-content\/uploads\/2018\/10\/Magic-Garden-14-600x600.jpg 600w, https:\/\/www.youmeholiday.com\/wp-content\/uploads\/2018\/10\/Magic-Garden-14-300x300.jpg 300w\" sizes=\"auto, (max-width: 150px) 100vw, 150px\" \/><\/div><div class=\"rsContent\"><a class=\"rsImg\" data-rsw=\"1200\" data-rsh=\"800\" data-rsBigImg=\"https:\/\/www.youmeholiday.com\/wp-content\/uploads\/2018\/10\/Magic-Garden-15.jpg\" href=\"https:\/\/www.youmeholiday.com\/wp-content\/uploads\/2018\/10\/Magic-Garden-15.jpg\"><span data-alt=\"Magischer Garten\"><\/span><\/a><img loading=\"lazy\" decoding=\"async\" width=\"150\" height=\"150\" src=\"https:\/\/www.youmeholiday.com\/wp-content\/uploads\/2018\/10\/Magic-Garden-15-150x150.jpg\" class=\"rsTmb\" alt=\"Magischer Garten\" srcset=\"https:\/\/www.youmeholiday.com\/wp-content\/uploads\/2018\/10\/Magic-Garden-15-150x150.jpg 150w, https:\/\/www.youmeholiday.com\/wp-content\/uploads\/2018\/10\/Magic-Garden-15-350x350.jpg 350w, https:\/\/www.youmeholiday.com\/wp-content\/uploads\/2018\/10\/Magic-Garden-15-600x600.jpg 600w, https:\/\/www.youmeholiday.com\/wp-content\/uploads\/2018\/10\/Magic-Garden-15-300x300.jpg 300w\" sizes=\"auto, (max-width: 150px) 100vw, 150px\" \/><\/div><div class=\"rsContent\"><a class=\"rsImg\" data-rsw=\"1200\" data-rsh=\"800\" data-rsBigImg=\"https:\/\/www.youmeholiday.com\/wp-content\/uploads\/2018\/10\/Magic-Garden-16.jpg\" href=\"https:\/\/www.youmeholiday.com\/wp-content\/uploads\/2018\/10\/Magic-Garden-16.jpg\"><span data-alt=\"Magischer Garten\"><\/span><\/a><img loading=\"lazy\" decoding=\"async\" width=\"150\" height=\"150\" src=\"https:\/\/www.youmeholiday.com\/wp-content\/uploads\/2018\/10\/Magic-Garden-16-150x150.jpg\" class=\"rsTmb\" alt=\"Magischer Garten\" srcset=\"https:\/\/www.youmeholiday.com\/wp-content\/uploads\/2018\/10\/Magic-Garden-16-150x150.jpg 150w, https:\/\/www.youmeholiday.com\/wp-content\/uploads\/2018\/10\/Magic-Garden-16-350x350.jpg 350w, https:\/\/www.youmeholiday.com\/wp-content\/uploads\/2018\/10\/Magic-Garden-16-600x600.jpg 600w, https:\/\/www.youmeholiday.com\/wp-content\/uploads\/2018\/10\/Magic-Garden-16-300x300.jpg 300w\" sizes=\"auto, (max-width: 150px) 100vw, 150px\" \/><\/div><div class=\"rsContent\"><a class=\"rsImg\" data-rsw=\"1200\" data-rsh=\"800\" data-rsBigImg=\"https:\/\/www.youmeholiday.com\/wp-content\/uploads\/2018\/10\/Magic-Garden-17.jpg\" href=\"https:\/\/www.youmeholiday.com\/wp-content\/uploads\/2018\/10\/Magic-Garden-17.jpg\"><span data-alt=\"Magischer Garten\"><\/span><\/a><img loading=\"lazy\" decoding=\"async\" width=\"150\" height=\"150\" src=\"https:\/\/www.youmeholiday.com\/wp-content\/uploads\/2018\/10\/Magic-Garden-17-150x150.jpg\" class=\"rsTmb\" alt=\"Magischer Garten\" srcset=\"https:\/\/www.youmeholiday.com\/wp-content\/uploads\/2018\/10\/Magic-Garden-17-150x150.jpg 150w, https:\/\/www.youmeholiday.com\/wp-content\/uploads\/2018\/10\/Magic-Garden-17-350x350.jpg 350w, https:\/\/www.youmeholiday.com\/wp-content\/uploads\/2018\/10\/Magic-Garden-17-600x600.jpg 600w, https:\/\/www.youmeholiday.com\/wp-content\/uploads\/2018\/10\/Magic-Garden-17-300x300.jpg 300w\" sizes=\"auto, (max-width: 150px) 100vw, 150px\" \/><\/div><div class=\"rsContent\"><a class=\"rsImg\" data-rsw=\"1200\" data-rsh=\"800\" data-rsBigImg=\"https:\/\/www.youmeholiday.com\/wp-content\/uploads\/2018\/10\/Magic-Garden-18.jpg\" href=\"https:\/\/www.youmeholiday.com\/wp-content\/uploads\/2018\/10\/Magic-Garden-18.jpg\"><span data-alt=\"Magischer Garten\"><\/span><\/a><img loading=\"lazy\" decoding=\"async\" width=\"150\" height=\"150\" src=\"https:\/\/www.youmeholiday.com\/wp-content\/uploads\/2018\/10\/Magic-Garden-18-150x150.jpg\" class=\"rsTmb\" alt=\"Magischer Garten\" srcset=\"https:\/\/www.youmeholiday.com\/wp-content\/uploads\/2018\/10\/Magic-Garden-18-150x150.jpg 150w, https:\/\/www.youmeholiday.com\/wp-content\/uploads\/2018\/10\/Magic-Garden-18-350x350.jpg 350w, https:\/\/www.youmeholiday.com\/wp-content\/uploads\/2018\/10\/Magic-Garden-18-600x600.jpg 600w, https:\/\/www.youmeholiday.com\/wp-content\/uploads\/2018\/10\/Magic-Garden-18-300x300.jpg 300w\" sizes=\"auto, (max-width: 150px) 100vw, 150px\" \/><\/div><\/div><img decoding=\"async\" src=\"https:\/\/www.youmeholiday.com\/wp-content\/uploads\/2018\/10\/Magic-Garden-10.jpg\" width=\"1200\" height=\"800\" alt=\"Magischer Garten\" loading=\"lazy\"><\/div><div class=\"w-slider-json\" onclick='return {&quot;autoScaleSlider&quot;:true,&quot;addActiveClass&quot;:true,&quot;loop&quot;:true,&quot;fadeInLoadedSlide&quot;:false,&quot;slidesSpacing&quot;:0,&quot;imageScalePadding&quot;:0,&quot;numImagesToPreload&quot;:2,&quot;arrowsNav&quot;:true,&quot;arrowsNavAutoHide&quot;:true,&quot;transitionType&quot;:&quot;move&quot;,&quot;transitionSpeed&quot;:250,&quot;block&quot;:{&quot;moveEffect&quot;:&quot;none&quot;,&quot;speed&quot;:300},&quot;thumbs&quot;:{&quot;fitInViewport&quot;:false,&quot;firstMargin&quot;:false,&quot;spacing&quot;:4},&quot;controlNavigation&quot;:&quot;thumbnails&quot;,&quot;autoplay&quot;:{&quot;enabled&quot;:true,&quot;pauseOnHover&quot;:true,&quot;delay&quot;:3000},&quot;fullscreen&quot;:{&quot;enabled&quot;:true},&quot;autoScaleSliderWidth&quot;:1200,&quot;autoScaleSliderHeight&quot;:800}'><\/div><\/div><div class=\"w-separator size_medium\"><\/div><div class=\"wpb_text_column\"><div class=\"wpb_wrapper\"><p><strong>Eintrittspreise<\/strong><\/p>\n<p>Wenn Sie den Magic Garden alleine besuchen, kostet der Eintritt 80.- THB pro Person.<\/p>\n<p><strong>Wie kommt man dorthin?<\/strong><\/p>\n<p>Die Strasse zum Magic Garden ist sehr steil und erfordert gute Fahrk\u00fcnste und einen 4\u00d74.<br \/>\nEs gibt mehrere Aussichtspunkte entlang der Strasse zum geheimen Garten Buddhas, der einen atemberaubenden Panoramablick bietet.<br \/>\nDirekt gegen\u00fcber dem Wat Khunaram in der N\u00e4he von Lamai befindet sich eine neue Strasse, die durch die sehr steilen H\u00fcgel zum Secret Garden f\u00fchrt, auch bekannt als Magic Garden oder Buddha Garden.<\/p>\n<\/div><\/div><div class=\"w-btn-wrapper align_center\"><a class=\"w-btn us-btn-style_1\" target=\" _blank\" rel=\"nofollow\" href=\"https:\/\/goo.gl\/maps\/WdtQzxTChDz\"><span class=\"w-btn-label\">Magischer Garten auf Google Maps<\/span><\/a><\/div><\/div><\/div><\/div><\/div><\/div><\/section>\n","protected":false},"excerpt":{"rendered":"[rev_slider_vc alias=\"magic-garden\"] Magischer Garten (Geheimer Buddha-Garten) Der Magic Garden wurde 1976 von Mr. Nim Thongsuk, einem lokalen Bauern aus Koh Samui, erbaut. Mit 77 Jahren begann er mit dem Bau...","protected":false},"author":1,"featured_media":0,"parent":0,"menu_order":0,"comment_status":"closed","ping_status":"closed","template":"","meta":{"_acf_changed":false,"footnotes":""},"class_list":["post-7845","page","type-page","status-publish","hentry"],"acf":[],"yoast_head":"<!-- This site is optimized with the Yoast SEO plugin v27.5 - https:\/\/yoast.com\/product\/yoast-seo-wordpress\/ -->\n<title>Magischer Garten | YouMe Holidays<\/title>\n<meta name=\"description\" content=\"Der Magic Garden wurde 1976 von Mr. Nim Thongsuk, einem lokalen Bauern aus Koh Samui, erbaut. Mit 77 Jahren begann er mit dem Bau dieses mystischen Gartens. Der geheime Garten oder Buddha Garden liegt hoch oben in den H\u00fcgeln\/Bergen auf der S\u00fcdseite von Koh Samui.\" \/>\n<meta name=\"robots\" content=\"index, follow, max-snippet:-1, max-image-preview:large, max-video-preview:-1\" \/>\n<link rel=\"canonical\" href=\"https:\/\/www.youmeholiday.com\/de\/magischer-garten\/\" \/>\n<meta property=\"og:locale\" content=\"de_DE\" \/>\n<meta property=\"og:type\" content=\"article\" \/>\n<meta property=\"og:title\" content=\"Magischer Garten (Geheimer Buddha-Garten)\" \/>\n<meta property=\"og:description\" content=\"Der Magic Garden wurde 1976 von Mr. Nim Thongsuk, einem lokalen Bauern aus Koh Samui, erbaut. Mit 77 Jahren begann er mit dem Bau dieses mystischen Gartens. Der geheime Garten oder Buddha Garden liegt hoch oben in den H\u00fcgeln\/Bergen auf der S\u00fcdseite von Koh Samui.\" \/>\n<meta property=\"og:url\" content=\"https:\/\/www.youmeholiday.com\/de\/magischer-garten\/\" \/>\n<meta property=\"og:site_name\" content=\"YouMe Holidays\" \/>\n<meta property=\"article:publisher\" content=\"https:\/\/www.facebook.com\/bluebubbleholiday\/\" \/>\n<meta property=\"article:modified_time\" content=\"2018-12-24T05:56:26+00:00\" \/>\n<meta property=\"og:image\" content=\"https:\/\/www.youmeholiday.com\/wp-content\/uploads\/2018\/12\/Magic-Garden.jpg\" \/>\n\t<meta property=\"og:image:width\" content=\"1200\" \/>\n\t<meta property=\"og:image:height\" content=\"630\" \/>\n\t<meta property=\"og:image:type\" content=\"image\/jpeg\" \/>\n<meta name=\"twitter:card\" content=\"summary_large_image\" \/>\n<meta name=\"twitter:label1\" content=\"Gesch\u00e4tzte Lesezeit\" \/>\n\t<meta name=\"twitter:data1\" content=\"2\u00a0Minuten\" \/>\n<script type=\"application\/ld+json\" class=\"yoast-schema-graph\">{\"@context\":\"https:\\\/\\\/schema.org\",\"@graph\":[{\"@type\":\"WebPage\",\"@id\":\"https:\\\/\\\/www.youmeholiday.com\\\/de\\\/magischer-garten\\\/\",\"url\":\"https:\\\/\\\/www.youmeholiday.com\\\/de\\\/magischer-garten\\\/\",\"name\":\"Magischer Garten | YouMe Holidays\",\"isPartOf\":{\"@id\":\"https:\\\/\\\/www.youmeholiday.com\\\/de\\\/#website\"},\"datePublished\":\"2018-12-06T08:37:04+00:00\",\"dateModified\":\"2018-12-24T05:56:26+00:00\",\"description\":\"Der Magic Garden wurde 1976 von Mr. Nim Thongsuk, einem lokalen Bauern aus Koh Samui, erbaut. Mit 77 Jahren begann er mit dem Bau dieses mystischen Gartens. Der geheime Garten oder Buddha Garden liegt hoch oben in den H\u00fcgeln\\\/Bergen auf der S\u00fcdseite von Koh Samui.\",\"breadcrumb\":{\"@id\":\"https:\\\/\\\/www.youmeholiday.com\\\/de\\\/magischer-garten\\\/#breadcrumb\"},\"inLanguage\":\"de\",\"potentialAction\":[{\"@type\":\"ReadAction\",\"target\":[\"https:\\\/\\\/www.youmeholiday.com\\\/de\\\/magischer-garten\\\/\"]}]},{\"@type\":\"BreadcrumbList\",\"@id\":\"https:\\\/\\\/www.youmeholiday.com\\\/de\\\/magischer-garten\\\/#breadcrumb\",\"itemListElement\":[{\"@type\":\"ListItem\",\"position\":1,\"name\":\"Home\",\"item\":\"https:\\\/\\\/www.youmeholiday.com\\\/de\\\/\"},{\"@type\":\"ListItem\",\"position\":2,\"name\":\"Magischer Garten\"}]},{\"@type\":\"WebSite\",\"@id\":\"https:\\\/\\\/www.youmeholiday.com\\\/de\\\/#website\",\"url\":\"https:\\\/\\\/www.youmeholiday.com\\\/de\\\/\",\"name\":\"YouMe Holidays\",\"description\":\"Touren, Aktivit\u00e4ten und Informationen rund um Koh Samui\",\"publisher\":{\"@id\":\"https:\\\/\\\/www.youmeholiday.com\\\/de\\\/#organization\"},\"potentialAction\":[{\"@type\":\"SearchAction\",\"target\":{\"@type\":\"EntryPoint\",\"urlTemplate\":\"https:\\\/\\\/www.youmeholiday.com\\\/de\\\/?s={search_term_string}\"},\"query-input\":{\"@type\":\"PropertyValueSpecification\",\"valueRequired\":true,\"valueName\":\"search_term_string\"}}],\"inLanguage\":\"de\"},{\"@type\":\"Organization\",\"@id\":\"https:\\\/\\\/www.youmeholiday.com\\\/de\\\/#organization\",\"name\":\"YouMe Holidays\",\"url\":\"https:\\\/\\\/www.youmeholiday.com\\\/de\\\/\",\"logo\":{\"@type\":\"ImageObject\",\"inLanguage\":\"de\",\"@id\":\"https:\\\/\\\/www.youmeholiday.com\\\/de\\\/#\\\/schema\\\/logo\\\/image\\\/\",\"url\":\"https:\\\/\\\/www.youmeholiday.com\\\/wp-content\\\/uploads\\\/2018\\\/07\\\/New_logo_rond_web.png\",\"contentUrl\":\"https:\\\/\\\/www.youmeholiday.com\\\/wp-content\\\/uploads\\\/2018\\\/07\\\/New_logo_rond_web.png\",\"width\":1587,\"height\":1099,\"caption\":\"YouMe Holidays\"},\"image\":{\"@id\":\"https:\\\/\\\/www.youmeholiday.com\\\/de\\\/#\\\/schema\\\/logo\\\/image\\\/\"},\"sameAs\":[\"https:\\\/\\\/www.facebook.com\\\/bluebubbleholiday\\\/\",\"https:\\\/\\\/www.instagram.com\\\/blue_bubble_holiday_thailand\\\/\"]}]}<\/script>\n<!-- \/ Yoast SEO plugin. -->","yoast_head_json":{"title":"Magischer Garten | YouMe Holidays","description":"Der Magic Garden wurde 1976 von Mr. Nim Thongsuk, einem lokalen Bauern aus Koh Samui, erbaut. Mit 77 Jahren begann er mit dem Bau dieses mystischen Gartens. Der geheime Garten oder Buddha Garden liegt hoch oben in den H\u00fcgeln\/Bergen auf der S\u00fcdseite von Koh Samui.","robots":{"index":"index","follow":"follow","max-snippet":"max-snippet:-1","max-image-preview":"max-image-preview:large","max-video-preview":"max-video-preview:-1"},"canonical":"https:\/\/www.youmeholiday.com\/de\/magischer-garten\/","og_locale":"de_DE","og_type":"article","og_title":"Magischer Garten (Geheimer Buddha-Garten)","og_description":"Der Magic Garden wurde 1976 von Mr. Nim Thongsuk, einem lokalen Bauern aus Koh Samui, erbaut. Mit 77 Jahren begann er mit dem Bau dieses mystischen Gartens. Der geheime Garten oder Buddha Garden liegt hoch oben in den H\u00fcgeln\/Bergen auf der S\u00fcdseite von Koh Samui.","og_url":"https:\/\/www.youmeholiday.com\/de\/magischer-garten\/","og_site_name":"YouMe Holidays","article_publisher":"https:\/\/www.facebook.com\/bluebubbleholiday\/","article_modified_time":"2018-12-24T05:56:26+00:00","og_image":[{"width":1200,"height":630,"url":"https:\/\/www.youmeholiday.com\/wp-content\/uploads\/2018\/12\/Magic-Garden.jpg","type":"image\/jpeg"}],"twitter_card":"summary_large_image","twitter_misc":{"Gesch\u00e4tzte Lesezeit":"2\u00a0Minuten"},"schema":{"@context":"https:\/\/schema.org","@graph":[{"@type":"WebPage","@id":"https:\/\/www.youmeholiday.com\/de\/magischer-garten\/","url":"https:\/\/www.youmeholiday.com\/de\/magischer-garten\/","name":"Magischer Garten | YouMe Holidays","isPartOf":{"@id":"https:\/\/www.youmeholiday.com\/de\/#website"},"datePublished":"2018-12-06T08:37:04+00:00","dateModified":"2018-12-24T05:56:26+00:00","description":"Der Magic Garden wurde 1976 von Mr. Nim Thongsuk, einem lokalen Bauern aus Koh Samui, erbaut. Mit 77 Jahren begann er mit dem Bau dieses mystischen Gartens. Der geheime Garten oder Buddha Garden liegt hoch oben in den H\u00fcgeln\/Bergen auf der S\u00fcdseite von Koh Samui.","breadcrumb":{"@id":"https:\/\/www.youmeholiday.com\/de\/magischer-garten\/#breadcrumb"},"inLanguage":"de","potentialAction":[{"@type":"ReadAction","target":["https:\/\/www.youmeholiday.com\/de\/magischer-garten\/"]}]},{"@type":"BreadcrumbList","@id":"https:\/\/www.youmeholiday.com\/de\/magischer-garten\/#breadcrumb","itemListElement":[{"@type":"ListItem","position":1,"name":"Home","item":"https:\/\/www.youmeholiday.com\/de\/"},{"@type":"ListItem","position":2,"name":"Magischer Garten"}]},{"@type":"WebSite","@id":"https:\/\/www.youmeholiday.com\/de\/#website","url":"https:\/\/www.youmeholiday.com\/de\/","name":"YouMe Holidays","description":"Touren, Aktivit\u00e4ten und Informationen rund um Koh Samui","publisher":{"@id":"https:\/\/www.youmeholiday.com\/de\/#organization"},"potentialAction":[{"@type":"SearchAction","target":{"@type":"EntryPoint","urlTemplate":"https:\/\/www.youmeholiday.com\/de\/?s={search_term_string}"},"query-input":{"@type":"PropertyValueSpecification","valueRequired":true,"valueName":"search_term_string"}}],"inLanguage":"de"},{"@type":"Organization","@id":"https:\/\/www.youmeholiday.com\/de\/#organization","name":"YouMe Holidays","url":"https:\/\/www.youmeholiday.com\/de\/","logo":{"@type":"ImageObject","inLanguage":"de","@id":"https:\/\/www.youmeholiday.com\/de\/#\/schema\/logo\/image\/","url":"https:\/\/www.youmeholiday.com\/wp-content\/uploads\/2018\/07\/New_logo_rond_web.png","contentUrl":"https:\/\/www.youmeholiday.com\/wp-content\/uploads\/2018\/07\/New_logo_rond_web.png","width":1587,"height":1099,"caption":"YouMe Holidays"},"image":{"@id":"https:\/\/www.youmeholiday.com\/de\/#\/schema\/logo\/image\/"},"sameAs":["https:\/\/www.facebook.com\/bluebubbleholiday\/","https:\/\/www.instagram.com\/blue_bubble_holiday_thailand\/"]}]}},"_links":{"self":[{"href":"https:\/\/www.youmeholiday.com\/de\/wp-json\/wp\/v2\/pages\/7845","targetHints":{"allow":["GET"]}}],"collection":[{"href":"https:\/\/www.youmeholiday.com\/de\/wp-json\/wp\/v2\/pages"}],"about":[{"href":"https:\/\/www.youmeholiday.com\/de\/wp-json\/wp\/v2\/types\/page"}],"author":[{"embeddable":true,"href":"https:\/\/www.youmeholiday.com\/de\/wp-json\/wp\/v2\/users\/1"}],"replies":[{"embeddable":true,"href":"https:\/\/www.youmeholiday.com\/de\/wp-json\/wp\/v2\/comments?post=7845"}],"version-history":[{"count":2,"href":"https:\/\/www.youmeholiday.com\/de\/wp-json\/wp\/v2\/pages\/7845\/revisions"}],"predecessor-version":[{"id":8086,"href":"https:\/\/www.youmeholiday.com\/de\/wp-json\/wp\/v2\/pages\/7845\/revisions\/8086"}],"wp:attachment":[{"href":"https:\/\/www.youmeholiday.com\/de\/wp-json\/wp\/v2\/media?parent=7845"}],"curies":[{"name":"wp","href":"https:\/\/api.w.org\/{rel}","templated":true}]}}