{"id":7839,"date":"2018-12-06T14:08:07","date_gmt":"2018-12-06T07:08:07","guid":{"rendered":"https:\/\/www.bluebubbleholiday.com\/thai-boxen\/"},"modified":"2021-11-07T14:32:28","modified_gmt":"2021-11-07T07:32:28","slug":"thai-boxen","status":"publish","type":"page","link":"https:\/\/www.youmeholiday.com\/de\/thai-boxen\/","title":{"rendered":"Thai-Boxen"},"content":{"rendered":"<section class=\"l-section wpb_row height_auto width_full\"><div class=\"l-section-h i-cf\"><div class=\"g-cols vc_row via_flex valign_top type_default stacking_default\"><div class=\"vc_col-sm-12 wpb_column vc_column_container\"><div class=\"vc_column-inner\"><div class=\"wpb_wrapper\">[rev_slider_vc alias=&#8220;thai-boxing&#8220;]<\/div><\/div><\/div><\/div><\/div><\/section><section class=\"l-section wpb_row height_medium\"><div class=\"l-section-h i-cf\"><div class=\"g-cols vc_row via_flex valign_top type_default stacking_default\"><div class=\"vc_col-sm-6 wpb_column vc_column_container\"><div class=\"vc_column-inner\"><div class=\"wpb_wrapper\"><div class=\"wpb_text_column\"><div class=\"wpb_wrapper\"><h1>Thai-Boxen (Muay Thai)<\/h1>\n<p>Muay Thai ist bis heute die beliebteste Sportart des Landes.<br \/>\nDie K\u00e4mpfe finden im Chaweng Stadion statt.<\/p>\n<p>Es ist zweifellos das spektakul\u00e4rste Fu\u00df-und-Hand-Boxen, weil es zwei Gegnern der gleichen Kategorie erlaubt, mit Tritten, F\u00e4usten, Ellbogen und Knien gegeneinander zu k\u00e4mpfen.<\/p>\n<p>Die K\u00e4mpfe werden nach einem traditionellen Ritual durchgef\u00fchrt. Boxer tragen B\u00e4nder um Stirn und Arme. Das Stirnband wird &#8222;mongkhol&#8220; genannt, er gilt als Gl\u00fccksbringer und wird vor Beginn des Kampfes entfernt.<br \/>\nVor dem Kampf knien die Boxer dreimal nieder und verbeugen sich: Wai Kru, ein Zeichen des Respekts gegen\u00fcber ihrem Trainer. Danach folgt ein Tanz um den Ring, der Ram Muay, der auch als Warm-up dient.<\/p>\n<p>Der ganze Kampf findet mit einem traditionellen musikalischen Hintergrund statt, der von thail\u00e4ndischen Musikern &#8222;live&#8220; gespielt wird, wobei sich der Rhythmus der Musik an die Intensit\u00e4t der K\u00e4mpfe im Ring anpasst. Das Spektakel der Wettenden rund um den Ring ist eine Attraktion!<\/p>\n<p>Die K\u00e4mpfe sind eine der meistgesehenen Fernsehshows im K\u00f6nigreich. In den kleineren D\u00f6rfern versammeln sich die Bewohner um die wenigen Fernsehger\u00e4te, um ihre Lieblingsk\u00e4mpfer zu unterst\u00fctzen&#8230; und nat\u00fcrlich auch um zu wetten!<\/p>\n<p><span style=\"color: #ff0000;\">Aufgrund der COVID-Situation vor\u00fcbergehend geschlossen.<\/span><\/p>\n<p>Preis f\u00fcr ein Kampf im Chaweng-Stadion 1&#8217;500.-THB pro Person<\/p>\n<\/div><\/div><\/div><\/div><\/div><div class=\"vc_col-sm-6 wpb_column vc_column_container\"><div class=\"vc_column-inner\"><div class=\"wpb_wrapper\"><div class=\"w-slider style_none fit_scaledown nav_none count_2\"><div class=\"w-slider-h\"><div class=\"royalSlider\"><div class=\"rsContent\"><a class=\"rsImg\" data-rsw=\"1200\" data-rsh=\"800\" data-rsBigImg=\"https:\/\/www.youmeholiday.com\/wp-content\/uploads\/2018\/10\/Thai-Boxing-02.jpg\" href=\"https:\/\/www.youmeholiday.com\/wp-content\/uploads\/2018\/10\/Thai-Boxing-02.jpg\"><span data-alt=\"Thai-Boxen\"><\/span><\/a><\/div><div class=\"rsContent\"><a class=\"rsImg\" data-rsw=\"1200\" data-rsh=\"800\" data-rsBigImg=\"https:\/\/www.youmeholiday.com\/wp-content\/uploads\/2018\/10\/Thai-Boxing-01.jpg\" href=\"https:\/\/www.youmeholiday.com\/wp-content\/uploads\/2018\/10\/Thai-Boxing-01.jpg\"><span data-alt=\"Thai-Boxen\"><\/span><\/a><\/div><\/div><img decoding=\"async\" src=\"https:\/\/www.youmeholiday.com\/wp-content\/uploads\/2018\/10\/Thai-Boxing-02.jpg\" width=\"1200\" height=\"800\" alt=\"Thai-Boxen\" loading=\"lazy\"><\/div><div class=\"w-slider-json\" onclick='return {&quot;autoScaleSlider&quot;:true,&quot;addActiveClass&quot;:true,&quot;loop&quot;:true,&quot;fadeInLoadedSlide&quot;:false,&quot;slidesSpacing&quot;:0,&quot;imageScalePadding&quot;:0,&quot;numImagesToPreload&quot;:2,&quot;arrowsNav&quot;:true,&quot;arrowsNavAutoHide&quot;:false,&quot;transitionType&quot;:&quot;move&quot;,&quot;transitionSpeed&quot;:250,&quot;block&quot;:{&quot;moveEffect&quot;:&quot;none&quot;,&quot;speed&quot;:300},&quot;thumbs&quot;:{&quot;fitInViewport&quot;:false,&quot;firstMargin&quot;:false,&quot;spacing&quot;:4},&quot;controlNavigation&quot;:&quot;none&quot;,&quot;autoplay&quot;:{&quot;enabled&quot;:true,&quot;pauseOnHover&quot;:true,&quot;delay&quot;:3000},&quot;fullscreen&quot;:{&quot;enabled&quot;:true},&quot;autoScaleSliderWidth&quot;:1200,&quot;autoScaleSliderHeight&quot;:800}'><\/div><\/div><div class=\"w-separator size_medium\"><\/div><div class=\"wpb_text_column\"><div class=\"wpb_wrapper\"><h3>M\u00f6chten Sie Box Thai (Muay Thai) lernen?<\/h3>\n<p>Wir empfehlen die Schule &#8222;Superpro Samui&#8220; mit Sitz in Chaweng.<br \/>\nSie bieten Kurse mit professionellen Trainern an. Auch f\u00fcr Anf\u00e4nger geeigent.<\/p>\n<p>F\u00fcr weitere Informationen wenden sie sich bitte an die Schule.<\/p>\n<p>Infos \u00fcber:<br \/>\n<a href=\"http:\/\/www.superprosamui.com\" target=\"_blank\" rel=\"noopener\">www.superprosamui.com<\/a><br \/>\n<a href=\"mailto:info@superprosamui.com\">info@superprosamui.com<\/a><\/p>\n<\/div><\/div><\/div><\/div><\/div><\/div><\/div><\/section>\n","protected":false},"excerpt":{"rendered":"[rev_slider_vc alias=\"thai-boxing\"]Thai-Boxen (Muay Thai) Muay Thai ist bis heute die beliebteste Sportart des Landes. Die K\u00e4mpfe finden im Chaweng Stadion statt. Es ist zweifellos das spektakul\u00e4rste Fu\u00df-und-Hand-Boxen, weil es zwei...","protected":false},"author":1,"featured_media":0,"parent":0,"menu_order":0,"comment_status":"closed","ping_status":"closed","template":"","meta":{"_acf_changed":false,"footnotes":""},"class_list":["post-7839","page","type-page","status-publish","hentry"],"acf":[],"yoast_head":"<!-- This site is optimized with the Yoast SEO plugin v27.5 - https:\/\/yoast.com\/product\/yoast-seo-wordpress\/ -->\n<title>Thai-Boxen | YouMe Holidays<\/title>\n<meta name=\"description\" content=\"Muay Thai ist bis heute die beliebteste Sportart des Landes.Die K\u00e4mpfe finden im Chaweng Stadion statt.\" \/>\n<meta name=\"robots\" content=\"index, follow, max-snippet:-1, max-image-preview:large, max-video-preview:-1\" \/>\n<link rel=\"canonical\" href=\"https:\/\/www.youmeholiday.com\/de\/thai-boxen\/\" \/>\n<meta property=\"og:locale\" content=\"de_DE\" \/>\n<meta property=\"og:type\" content=\"article\" \/>\n<meta property=\"og:title\" content=\"Thai-Boxen (Muay Thai)\" \/>\n<meta property=\"og:description\" content=\"Muay Thai ist bis heute die beliebteste Sportart des Landes. Die K\u00e4mpfe finden im Chaweng Stadion statt.\" \/>\n<meta property=\"og:url\" content=\"https:\/\/www.youmeholiday.com\/de\/thai-boxen\/\" \/>\n<meta property=\"og:site_name\" content=\"YouMe Holidays\" \/>\n<meta property=\"article:publisher\" content=\"https:\/\/www.facebook.com\/bluebubbleholiday\/\" \/>\n<meta property=\"article:modified_time\" content=\"2021-11-07T07:32:28+00:00\" \/>\n<meta property=\"og:image\" content=\"https:\/\/www.youmeholiday.com\/wp-content\/uploads\/2018\/12\/Thai-Boxing.jpg\" \/>\n\t<meta property=\"og:image:width\" content=\"1200\" \/>\n\t<meta property=\"og:image:height\" content=\"630\" \/>\n\t<meta property=\"og:image:type\" content=\"image\/jpeg\" \/>\n<meta name=\"twitter:card\" content=\"summary_large_image\" \/>\n<meta name=\"twitter:label1\" content=\"Gesch\u00e4tzte Lesezeit\" \/>\n\t<meta name=\"twitter:data1\" content=\"2\u00a0Minuten\" \/>\n<script type=\"application\/ld+json\" class=\"yoast-schema-graph\">{\"@context\":\"https:\\\/\\\/schema.org\",\"@graph\":[{\"@type\":\"WebPage\",\"@id\":\"https:\\\/\\\/www.youmeholiday.com\\\/de\\\/thai-boxen\\\/\",\"url\":\"https:\\\/\\\/www.youmeholiday.com\\\/de\\\/thai-boxen\\\/\",\"name\":\"Thai-Boxen | YouMe Holidays\",\"isPartOf\":{\"@id\":\"https:\\\/\\\/www.youmeholiday.com\\\/de\\\/#website\"},\"datePublished\":\"2018-12-06T07:08:07+00:00\",\"dateModified\":\"2021-11-07T07:32:28+00:00\",\"description\":\"Muay Thai ist bis heute die beliebteste Sportart des Landes.Die K\u00e4mpfe finden im Chaweng Stadion statt.\",\"breadcrumb\":{\"@id\":\"https:\\\/\\\/www.youmeholiday.com\\\/de\\\/thai-boxen\\\/#breadcrumb\"},\"inLanguage\":\"de\",\"potentialAction\":[{\"@type\":\"ReadAction\",\"target\":[\"https:\\\/\\\/www.youmeholiday.com\\\/de\\\/thai-boxen\\\/\"]}]},{\"@type\":\"BreadcrumbList\",\"@id\":\"https:\\\/\\\/www.youmeholiday.com\\\/de\\\/thai-boxen\\\/#breadcrumb\",\"itemListElement\":[{\"@type\":\"ListItem\",\"position\":1,\"name\":\"Home\",\"item\":\"https:\\\/\\\/www.youmeholiday.com\\\/de\\\/\"},{\"@type\":\"ListItem\",\"position\":2,\"name\":\"Thai-Boxen\"}]},{\"@type\":\"WebSite\",\"@id\":\"https:\\\/\\\/www.youmeholiday.com\\\/de\\\/#website\",\"url\":\"https:\\\/\\\/www.youmeholiday.com\\\/de\\\/\",\"name\":\"YouMe Holidays\",\"description\":\"Touren, Aktivit\u00e4ten und Informationen rund um Koh Samui\",\"publisher\":{\"@id\":\"https:\\\/\\\/www.youmeholiday.com\\\/de\\\/#organization\"},\"potentialAction\":[{\"@type\":\"SearchAction\",\"target\":{\"@type\":\"EntryPoint\",\"urlTemplate\":\"https:\\\/\\\/www.youmeholiday.com\\\/de\\\/?s={search_term_string}\"},\"query-input\":{\"@type\":\"PropertyValueSpecification\",\"valueRequired\":true,\"valueName\":\"search_term_string\"}}],\"inLanguage\":\"de\"},{\"@type\":\"Organization\",\"@id\":\"https:\\\/\\\/www.youmeholiday.com\\\/de\\\/#organization\",\"name\":\"YouMe Holidays\",\"url\":\"https:\\\/\\\/www.youmeholiday.com\\\/de\\\/\",\"logo\":{\"@type\":\"ImageObject\",\"inLanguage\":\"de\",\"@id\":\"https:\\\/\\\/www.youmeholiday.com\\\/de\\\/#\\\/schema\\\/logo\\\/image\\\/\",\"url\":\"https:\\\/\\\/www.youmeholiday.com\\\/wp-content\\\/uploads\\\/2018\\\/07\\\/New_logo_rond_web.png\",\"contentUrl\":\"https:\\\/\\\/www.youmeholiday.com\\\/wp-content\\\/uploads\\\/2018\\\/07\\\/New_logo_rond_web.png\",\"width\":1587,\"height\":1099,\"caption\":\"YouMe Holidays\"},\"image\":{\"@id\":\"https:\\\/\\\/www.youmeholiday.com\\\/de\\\/#\\\/schema\\\/logo\\\/image\\\/\"},\"sameAs\":[\"https:\\\/\\\/www.facebook.com\\\/bluebubbleholiday\\\/\",\"https:\\\/\\\/www.instagram.com\\\/blue_bubble_holiday_thailand\\\/\"]}]}<\/script>\n<!-- \/ Yoast SEO plugin. -->","yoast_head_json":{"title":"Thai-Boxen | YouMe Holidays","description":"Muay Thai ist bis heute die beliebteste Sportart des Landes.Die K\u00e4mpfe finden im Chaweng Stadion statt.","robots":{"index":"index","follow":"follow","max-snippet":"max-snippet:-1","max-image-preview":"max-image-preview:large","max-video-preview":"max-video-preview:-1"},"canonical":"https:\/\/www.youmeholiday.com\/de\/thai-boxen\/","og_locale":"de_DE","og_type":"article","og_title":"Thai-Boxen (Muay Thai)","og_description":"Muay Thai ist bis heute die beliebteste Sportart des Landes. Die K\u00e4mpfe finden im Chaweng Stadion statt.","og_url":"https:\/\/www.youmeholiday.com\/de\/thai-boxen\/","og_site_name":"YouMe Holidays","article_publisher":"https:\/\/www.facebook.com\/bluebubbleholiday\/","article_modified_time":"2021-11-07T07:32:28+00:00","og_image":[{"width":1200,"height":630,"url":"https:\/\/www.youmeholiday.com\/wp-content\/uploads\/2018\/12\/Thai-Boxing.jpg","type":"image\/jpeg"}],"twitter_card":"summary_large_image","twitter_misc":{"Gesch\u00e4tzte Lesezeit":"2\u00a0Minuten"},"schema":{"@context":"https:\/\/schema.org","@graph":[{"@type":"WebPage","@id":"https:\/\/www.youmeholiday.com\/de\/thai-boxen\/","url":"https:\/\/www.youmeholiday.com\/de\/thai-boxen\/","name":"Thai-Boxen | YouMe Holidays","isPartOf":{"@id":"https:\/\/www.youmeholiday.com\/de\/#website"},"datePublished":"2018-12-06T07:08:07+00:00","dateModified":"2021-11-07T07:32:28+00:00","description":"Muay Thai ist bis heute die beliebteste Sportart des Landes.Die K\u00e4mpfe finden im Chaweng Stadion statt.","breadcrumb":{"@id":"https:\/\/www.youmeholiday.com\/de\/thai-boxen\/#breadcrumb"},"inLanguage":"de","potentialAction":[{"@type":"ReadAction","target":["https:\/\/www.youmeholiday.com\/de\/thai-boxen\/"]}]},{"@type":"BreadcrumbList","@id":"https:\/\/www.youmeholiday.com\/de\/thai-boxen\/#breadcrumb","itemListElement":[{"@type":"ListItem","position":1,"name":"Home","item":"https:\/\/www.youmeholiday.com\/de\/"},{"@type":"ListItem","position":2,"name":"Thai-Boxen"}]},{"@type":"WebSite","@id":"https:\/\/www.youmeholiday.com\/de\/#website","url":"https:\/\/www.youmeholiday.com\/de\/","name":"YouMe Holidays","description":"Touren, Aktivit\u00e4ten und Informationen rund um Koh Samui","publisher":{"@id":"https:\/\/www.youmeholiday.com\/de\/#organization"},"potentialAction":[{"@type":"SearchAction","target":{"@type":"EntryPoint","urlTemplate":"https:\/\/www.youmeholiday.com\/de\/?s={search_term_string}"},"query-input":{"@type":"PropertyValueSpecification","valueRequired":true,"valueName":"search_term_string"}}],"inLanguage":"de"},{"@type":"Organization","@id":"https:\/\/www.youmeholiday.com\/de\/#organization","name":"YouMe Holidays","url":"https:\/\/www.youmeholiday.com\/de\/","logo":{"@type":"ImageObject","inLanguage":"de","@id":"https:\/\/www.youmeholiday.com\/de\/#\/schema\/logo\/image\/","url":"https:\/\/www.youmeholiday.com\/wp-content\/uploads\/2018\/07\/New_logo_rond_web.png","contentUrl":"https:\/\/www.youmeholiday.com\/wp-content\/uploads\/2018\/07\/New_logo_rond_web.png","width":1587,"height":1099,"caption":"YouMe Holidays"},"image":{"@id":"https:\/\/www.youmeholiday.com\/de\/#\/schema\/logo\/image\/"},"sameAs":["https:\/\/www.facebook.com\/bluebubbleholiday\/","https:\/\/www.instagram.com\/blue_bubble_holiday_thailand\/"]}]}},"_links":{"self":[{"href":"https:\/\/www.youmeholiday.com\/de\/wp-json\/wp\/v2\/pages\/7839","targetHints":{"allow":["GET"]}}],"collection":[{"href":"https:\/\/www.youmeholiday.com\/de\/wp-json\/wp\/v2\/pages"}],"about":[{"href":"https:\/\/www.youmeholiday.com\/de\/wp-json\/wp\/v2\/types\/page"}],"author":[{"embeddable":true,"href":"https:\/\/www.youmeholiday.com\/de\/wp-json\/wp\/v2\/users\/1"}],"replies":[{"embeddable":true,"href":"https:\/\/www.youmeholiday.com\/de\/wp-json\/wp\/v2\/comments?post=7839"}],"version-history":[{"count":2,"href":"https:\/\/www.youmeholiday.com\/de\/wp-json\/wp\/v2\/pages\/7839\/revisions"}],"predecessor-version":[{"id":9452,"href":"https:\/\/www.youmeholiday.com\/de\/wp-json\/wp\/v2\/pages\/7839\/revisions\/9452"}],"wp:attachment":[{"href":"https:\/\/www.youmeholiday.com\/de\/wp-json\/wp\/v2\/media?parent=7839"}],"curies":[{"name":"wp","href":"https:\/\/api.w.org\/{rel}","templated":true}]}}