{"id":7822,"date":"2018-12-06T12:05:30","date_gmt":"2018-12-06T05:05:30","guid":{"rendered":"https:\/\/www.bluebubbleholiday.com\/koh-samui-einheimische-markte\/"},"modified":"2022-06-01T16:36:13","modified_gmt":"2022-06-01T09:36:13","slug":"koh-samui-einheimische-markte-restaurants","status":"publish","type":"page","link":"https:\/\/www.youmeholiday.com\/de\/koh-samui-einheimische-markte-restaurants\/","title":{"rendered":"Koh Samui &#8211; Einheimische M\u00e4rkte, Restaurants"},"content":{"rendered":"<section class=\"l-section wpb_row height_auto width_full\"><div class=\"l-section-h i-cf\"><div class=\"g-cols vc_row via_flex valign_top type_default stacking_default\"><div class=\"vc_col-sm-12 wpb_column vc_column_container\"><div class=\"vc_column-inner\"><div class=\"wpb_wrapper\">[rev_slider_vc alias=&#8220;koh-samui-local-markets&#8220;]<\/div><\/div><\/div><\/div><\/div><\/section><section class=\"l-section wpb_row height_small\"><div class=\"l-section-h i-cf\"><div class=\"g-cols vc_row via_flex valign_top type_default stacking_default\"><div class=\"vc_col-sm-12 wpb_column vc_column_container\"><div class=\"vc_column-inner\"><div class=\"wpb_wrapper\"><div class=\"wpb_text_column\"><div class=\"wpb_wrapper\"><h1>Koh Samui<\/h1>\n<\/div><\/div><\/div><\/div><\/div><\/div><\/div><\/section><section class=\"l-section wpb_row height_small\"><div class=\"l-section-h i-cf\"><div class=\"g-cols vc_row via_flex valign_top type_default stacking_default\"><div class=\"vc_col-sm-6 wpb_column vc_column_container\"><div class=\"vc_column-inner\"><div class=\"wpb_wrapper\"><div class=\"wpb_text_column\"><div class=\"wpb_wrapper\"><p>Koh Samui ist die wichtigste Insel im Golf von Thailand. Mit leicht zug\u00e4nglichen, wundersch\u00f6nen Str\u00e4nden und einer Vielzahl von Aktivit\u00e4ten f\u00fcr jeden Geldbeutel. Koh Samui ist ein &#8222;w\u00e4hlen Sie Ihren eigenen Abenteuerort&#8220;, der danach strebt, jedem Besucher den ultimativen Wunsch zu erf\u00fcllen.<br \/>\nKoh Samui ist Thailands zweitbeliebtestes Inselziel und liegt im Golf von Thailand, etwa 700 km s\u00fcdlich von Bangkok. Koh Samui ist die drittgr\u00f6\u00dfte Insel Thailands und liegt in einem Archipel von mehr als 80 Inseln, zu dem auch der Angthong National Marine Park geh\u00f6rt.<\/p>\n<p>Chaweng ist ein K\u00fcstendorf mit fabelhaften Strandresorts, international renommierten Restaurants und weltklasse Nachtclubs. Zu den Aktivit\u00e4ten rund um Koh Samui geh\u00f6ren Kochkurse, Muay Thai, Tauchen und sogar Golf.<br \/>\nEs gibt abgelegene, ruhige Str\u00e4nde, die ideal zum Entspannen sind, einige der besten 5-Sterne-Resorts der Welt und einige D\u00f6rfer wie Bophut oder Maenam, die den Charme der alten Welt ausstrahlen.<\/p>\n<\/div><\/div><\/div><\/div><\/div><div class=\"vc_col-sm-6 wpb_column vc_column_container\"><div class=\"vc_column-inner\"><div class=\"wpb_wrapper\"><div class=\"wpb_text_column\"><div class=\"wpb_wrapper\"><p>Dies war jedoch nicht immer der Fall. Bis zum Ende des 20. Jahrhunderts war Koh Samui die Heimat einer kleinen Gemeinschaft, die sich haupts\u00e4chlich mit dem Fischfang und der Ernte von Kokosn\u00fcssen besch\u00e4ftigte.<\/p>\n<p>Bis Anfang der 70er Jahre gab es auf der Insel &#8211; \u00fcppig mit tropischen W\u00e4ldern, von Palmen ums\u00e4umte Sandstr\u00e4nde, umgeben von aquamarinfarbenen und tropischwarmen Gew\u00e4ssern &#8211; nicht einmal Stra\u00dfen. Doch sobald ausl\u00e4ndische Besucher dieses Inseljuwel entdeckten, folgte schnell die Entwicklung.<\/p>\n<p>Heute hat sich Koh Samui zu einem eigenen Insel-Stil entwickelt, der viel von seiner nat\u00fcrlichen Sch\u00f6nheit und Einsamkeit bewahrt und fast jede erdenkliche Aktivit\u00e4t oder Dienstleistung f\u00fcr den ultimativen tropischen Urlaub bietet.<\/p>\n<\/div><\/div><\/div><\/div><\/div><\/div><\/div><\/section><section class=\"l-section wpb_row height_small\"><div class=\"l-section-h i-cf\"><div class=\"g-cols vc_row via_flex valign_top type_default stacking_default\"><div class=\"vc_col-sm-12 wpb_column vc_column_container\"><div class=\"vc_column-inner\"><div class=\"wpb_wrapper\"><div class=\"wpb_text_column\"><div class=\"wpb_wrapper\"><h2>Einheimische M\u00e4rkte<\/h2>\n<\/div><\/div><\/div><\/div><\/div><\/div><\/div><\/section><section class=\"l-section wpb_row height_small\"><div class=\"l-section-h i-cf\"><div class=\"g-cols vc_row via_flex valign_top type_default stacking_default\"><div class=\"vc_col-sm-6 wpb_column vc_column_container\"><div class=\"vc_column-inner\"><div class=\"wpb_wrapper\"><div class=\"wpb_text_column\"><div class=\"wpb_wrapper\"><p>Rund um Kho Samui finden sie fantastische M\u00e4rkte. Kaufen Sie Souveniers von ihrem Urlaub, welche sie ihrer Familie oder ihren Freunden mitbringen k\u00f6nnen. Die Preise sind \u00fcberall verhandelbar.<\/p>\n<p>An den M\u00e4rkten finden sie auch thail\u00e4ndische Speisen und Spezialit\u00e4ten, welche frisch zubereitet werden. M\u00f6chten sie lieber in einem Restaurant essen ? Diese finden sie \u00fcberall entlang vom Strand.<\/p>\n<\/div><\/div><\/div><\/div><\/div><div class=\"vc_col-sm-6 wpb_column vc_column_container\"><div class=\"vc_column-inner\"><div class=\"wpb_wrapper\"><div class=\"wpb_text_column\"><div class=\"wpb_wrapper\"><ul>\n<li><strong>Montag und Freitag:<\/strong>: Bophut &#8211; Im \u00ab Fisherman\u2019s village \u00bb<\/li>\n<li><strong>Mittwoch und Samstag:<\/strong> Chaweng &#8211; Unweit des Sees gelegen<\/li>\n<li><strong>Donnerstag:<\/strong> Maenam &#8211; In der N\u00e4he des chinesischen Tempels <span style=\"color: #ff0000;\"><em><strong>Aufgrund der COVID-Situation vor\u00fcbergehend geschlossen<\/strong><\/em><\/span><\/li>\n<li><strong>Sonntag:<\/strong> Lamai &#8211; Im Stadtzentrum \u00ab Lamai Beach Road \u00bb<\/li>\n<\/ul>\n<p>Die M\u00e4rkte finden jeweils von 18:00 h bis 22:00 h statt.<\/p>\n<\/div><\/div><\/div><\/div><\/div><\/div><\/div><\/section><section class=\"l-section wpb_row height_small\"><div class=\"l-section-h i-cf\"><div class=\"g-cols vc_row via_flex valign_top type_default stacking_default\"><div class=\"vc_col-sm-12 wpb_column vc_column_container\"><div class=\"vc_column-inner\"><div class=\"wpb_wrapper\"><div class=\"wpb_text_column\"><div class=\"wpb_wrapper\"><h2>Einige gute Restaurants zu empfehlen<\/h2>\n<\/div><\/div><\/div><\/div><\/div><\/div><\/div><\/section><section class=\"l-section wpb_row height_small\"><div class=\"l-section-h i-cf\"><div class=\"g-cols vc_row via_flex valign_top type_default stacking_default\"><div class=\"vc_col-sm-6 wpb_column vc_column_container\"><div class=\"vc_column-inner\"><div class=\"wpb_wrapper\"><div class=\"wpb_text_column\"><div class=\"wpb_wrapper\"><h3>Maenam:<\/h3>\n<p><strong>&#8211; Orrawan&#8217;s Nudeln und thail\u00e4ndisches Essen<\/strong><br \/>\nThail\u00e4ndisches Essen<br \/>\nTel: 093 619 2493<br \/>\nMontags geschlossen<\/p>\n<p><strong>&#8211; Restaurant mit Meerblick \/ Sea View On The Beach<\/strong><br \/>\nThail\u00e4ndisches und europ\u00e4isches Essen<br \/>\nTel: 095 417 8222<br \/>\nT\u00e4glich ge\u00f6ffnet<\/p>\n<p><strong>&#8211; Jano-Restaurant<\/strong><br \/>\nThail\u00e4ndische und europ\u00e4ische K\u00fcche<br \/>\nTel: 089 515 8646<br \/>\nT\u00e4glich ge\u00f6ffnet<\/p>\n<h3>Lamai:<\/h3>\n<p><strong>&#8211; Blumenparadies &amp; R\u00f6stiland (Schweizer Besitzer)<\/strong><br \/>\nThail\u00e4ndische und europ\u00e4ische K\u00fcche<br \/>\nTel: 089 908 7683<br \/>\nSonntag geschlossen<\/p>\n<\/div><\/div><\/div><\/div><\/div><div class=\"vc_col-sm-6 wpb_column vc_column_container\"><div class=\"vc_column-inner\"><div class=\"wpb_wrapper\"><div class=\"wpb_text_column\"><div class=\"wpb_wrapper\"><h3>Bophut:<\/h3>\n<p><strong>&#8211; AroyDee Bophut (Fisherman&#8217;s Village)<\/strong><br \/>\nThail\u00e4ndisches Essen<br \/>\nTel: 095 268 1172<\/p>\n<p><strong>&#8211; The Nature Samui<\/strong><br \/>\nThail\u00e4ndisches Essen und auf Pflanzen und Blumen basierende K\u00fcche<br \/>\nTel: 081 564 84 89<br \/>\nMittwochs geschlossen<\/p>\n<h3>BangRak:<\/h3>\n<p><strong>&#8211; The Sunset Samui (Schweizer Besitzer)<\/strong><br \/>\nThail\u00e4ndische und europ\u00e4ische K\u00fcche<br \/>\nTel: 061 248 7875<br \/>\nAm Samstag geschlossen<\/p>\n<p><strong>&#8211; Seafah (Belgische Besitzer)<\/strong><br \/>\nEurop\u00e4ische K\u00fcche und belgische Spezialit\u00e4ten<br \/>\nTel: 096 186 1170<br \/>\nDienstag geschlossen<\/p>\n<\/div><\/div><\/div><\/div><\/div><\/div><\/div><\/section>\n","protected":false},"excerpt":{"rendered":"[rev_slider_vc alias=\"koh-samui-local-markets\"]Koh Samui Koh Samui ist die wichtigste Insel im Golf von Thailand. Mit leicht zug\u00e4nglichen, wundersch\u00f6nen Str\u00e4nden und einer Vielzahl von Aktivit\u00e4ten f\u00fcr jeden Geldbeutel. Koh Samui ist ein...","protected":false},"author":1,"featured_media":0,"parent":0,"menu_order":0,"comment_status":"closed","ping_status":"closed","template":"","meta":{"_acf_changed":false,"footnotes":""},"class_list":["post-7822","page","type-page","status-publish","hentry"],"acf":[],"yoast_head":"<!-- This site is optimized with the Yoast SEO plugin v27.5 - https:\/\/yoast.com\/product\/yoast-seo-wordpress\/ -->\n<title>Koh Samui - Einheimische M\u00e4rkte, Restaurants | YouMe Holidays<\/title>\n<meta name=\"description\" content=\"Rund um Kho Samui finden sie fantastische M\u00e4rkte. Kaufen Sie Souveniers von ihrem Urlaub, welche sie ihrer Familie oder ihren Freunden mitbringen k\u00f6nnen. Die Preise sind \u00fcberall verhandelbar.\" \/>\n<meta name=\"robots\" content=\"index, follow, max-snippet:-1, max-image-preview:large, max-video-preview:-1\" \/>\n<link rel=\"canonical\" href=\"https:\/\/www.youmeholiday.com\/de\/koh-samui-einheimische-markte-restaurants\/\" \/>\n<meta property=\"og:locale\" content=\"de_DE\" \/>\n<meta property=\"og:type\" content=\"article\" \/>\n<meta property=\"og:title\" content=\"Koh Samui \/ Einheimische M\u00e4rkte\" \/>\n<meta property=\"og:description\" content=\"Rund um Kho Samui finden sie fantastische M\u00e4rkte. Kaufen Sie Souveniers von ihrem Urlaub, welche sie ihrer Familie oder ihren Freunden mitbringen k\u00f6nnen. Die Preise sind \u00fcberall verhandelbar.\" \/>\n<meta property=\"og:url\" content=\"https:\/\/www.youmeholiday.com\/de\/koh-samui-einheimische-markte-restaurants\/\" \/>\n<meta property=\"og:site_name\" content=\"YouMe Holidays\" \/>\n<meta property=\"article:publisher\" content=\"https:\/\/www.facebook.com\/bluebubbleholiday\/\" \/>\n<meta property=\"article:modified_time\" content=\"2022-06-01T09:36:13+00:00\" \/>\n<meta property=\"og:image\" content=\"https:\/\/www.youmeholiday.com\/wp-content\/uploads\/2018\/12\/Local-Markets.jpg\" \/>\n\t<meta property=\"og:image:width\" content=\"1200\" \/>\n\t<meta property=\"og:image:height\" content=\"630\" \/>\n\t<meta property=\"og:image:type\" content=\"image\/jpeg\" \/>\n<meta name=\"twitter:card\" content=\"summary_large_image\" \/>\n<meta name=\"twitter:label1\" content=\"Gesch\u00e4tzte Lesezeit\" \/>\n\t<meta name=\"twitter:data1\" content=\"3\u00a0Minuten\" \/>\n<script type=\"application\/ld+json\" class=\"yoast-schema-graph\">{\"@context\":\"https:\\\/\\\/schema.org\",\"@graph\":[{\"@type\":\"WebPage\",\"@id\":\"https:\\\/\\\/www.youmeholiday.com\\\/de\\\/koh-samui-einheimische-markte-restaurants\\\/\",\"url\":\"https:\\\/\\\/www.youmeholiday.com\\\/de\\\/koh-samui-einheimische-markte-restaurants\\\/\",\"name\":\"Koh Samui - Einheimische M\u00e4rkte, Restaurants | YouMe Holidays\",\"isPartOf\":{\"@id\":\"https:\\\/\\\/www.youmeholiday.com\\\/de\\\/#website\"},\"datePublished\":\"2018-12-06T05:05:30+00:00\",\"dateModified\":\"2022-06-01T09:36:13+00:00\",\"description\":\"Rund um Kho Samui finden sie fantastische M\u00e4rkte. Kaufen Sie Souveniers von ihrem Urlaub, welche sie ihrer Familie oder ihren Freunden mitbringen k\u00f6nnen. Die Preise sind \u00fcberall verhandelbar.\",\"breadcrumb\":{\"@id\":\"https:\\\/\\\/www.youmeholiday.com\\\/de\\\/koh-samui-einheimische-markte-restaurants\\\/#breadcrumb\"},\"inLanguage\":\"de\",\"potentialAction\":[{\"@type\":\"ReadAction\",\"target\":[\"https:\\\/\\\/www.youmeholiday.com\\\/de\\\/koh-samui-einheimische-markte-restaurants\\\/\"]}]},{\"@type\":\"BreadcrumbList\",\"@id\":\"https:\\\/\\\/www.youmeholiday.com\\\/de\\\/koh-samui-einheimische-markte-restaurants\\\/#breadcrumb\",\"itemListElement\":[{\"@type\":\"ListItem\",\"position\":1,\"name\":\"Home\",\"item\":\"https:\\\/\\\/www.youmeholiday.com\\\/de\\\/\"},{\"@type\":\"ListItem\",\"position\":2,\"name\":\"Koh Samui &#8211; Einheimische M\u00e4rkte, Restaurants\"}]},{\"@type\":\"WebSite\",\"@id\":\"https:\\\/\\\/www.youmeholiday.com\\\/de\\\/#website\",\"url\":\"https:\\\/\\\/www.youmeholiday.com\\\/de\\\/\",\"name\":\"YouMe Holidays\",\"description\":\"Touren, Aktivit\u00e4ten und Informationen rund um Koh Samui\",\"publisher\":{\"@id\":\"https:\\\/\\\/www.youmeholiday.com\\\/de\\\/#organization\"},\"potentialAction\":[{\"@type\":\"SearchAction\",\"target\":{\"@type\":\"EntryPoint\",\"urlTemplate\":\"https:\\\/\\\/www.youmeholiday.com\\\/de\\\/?s={search_term_string}\"},\"query-input\":{\"@type\":\"PropertyValueSpecification\",\"valueRequired\":true,\"valueName\":\"search_term_string\"}}],\"inLanguage\":\"de\"},{\"@type\":\"Organization\",\"@id\":\"https:\\\/\\\/www.youmeholiday.com\\\/de\\\/#organization\",\"name\":\"YouMe Holidays\",\"url\":\"https:\\\/\\\/www.youmeholiday.com\\\/de\\\/\",\"logo\":{\"@type\":\"ImageObject\",\"inLanguage\":\"de\",\"@id\":\"https:\\\/\\\/www.youmeholiday.com\\\/de\\\/#\\\/schema\\\/logo\\\/image\\\/\",\"url\":\"https:\\\/\\\/www.youmeholiday.com\\\/wp-content\\\/uploads\\\/2018\\\/07\\\/New_logo_rond_web.png\",\"contentUrl\":\"https:\\\/\\\/www.youmeholiday.com\\\/wp-content\\\/uploads\\\/2018\\\/07\\\/New_logo_rond_web.png\",\"width\":1587,\"height\":1099,\"caption\":\"YouMe Holidays\"},\"image\":{\"@id\":\"https:\\\/\\\/www.youmeholiday.com\\\/de\\\/#\\\/schema\\\/logo\\\/image\\\/\"},\"sameAs\":[\"https:\\\/\\\/www.facebook.com\\\/bluebubbleholiday\\\/\",\"https:\\\/\\\/www.instagram.com\\\/blue_bubble_holiday_thailand\\\/\"]}]}<\/script>\n<!-- \/ Yoast SEO plugin. -->","yoast_head_json":{"title":"Koh Samui - Einheimische M\u00e4rkte, Restaurants | YouMe Holidays","description":"Rund um Kho Samui finden sie fantastische M\u00e4rkte. Kaufen Sie Souveniers von ihrem Urlaub, welche sie ihrer Familie oder ihren Freunden mitbringen k\u00f6nnen. Die Preise sind \u00fcberall verhandelbar.","robots":{"index":"index","follow":"follow","max-snippet":"max-snippet:-1","max-image-preview":"max-image-preview:large","max-video-preview":"max-video-preview:-1"},"canonical":"https:\/\/www.youmeholiday.com\/de\/koh-samui-einheimische-markte-restaurants\/","og_locale":"de_DE","og_type":"article","og_title":"Koh Samui \/ Einheimische M\u00e4rkte","og_description":"Rund um Kho Samui finden sie fantastische M\u00e4rkte. Kaufen Sie Souveniers von ihrem Urlaub, welche sie ihrer Familie oder ihren Freunden mitbringen k\u00f6nnen. Die Preise sind \u00fcberall verhandelbar.","og_url":"https:\/\/www.youmeholiday.com\/de\/koh-samui-einheimische-markte-restaurants\/","og_site_name":"YouMe Holidays","article_publisher":"https:\/\/www.facebook.com\/bluebubbleholiday\/","article_modified_time":"2022-06-01T09:36:13+00:00","og_image":[{"width":1200,"height":630,"url":"https:\/\/www.youmeholiday.com\/wp-content\/uploads\/2018\/12\/Local-Markets.jpg","type":"image\/jpeg"}],"twitter_card":"summary_large_image","twitter_misc":{"Gesch\u00e4tzte Lesezeit":"3\u00a0Minuten"},"schema":{"@context":"https:\/\/schema.org","@graph":[{"@type":"WebPage","@id":"https:\/\/www.youmeholiday.com\/de\/koh-samui-einheimische-markte-restaurants\/","url":"https:\/\/www.youmeholiday.com\/de\/koh-samui-einheimische-markte-restaurants\/","name":"Koh Samui - Einheimische M\u00e4rkte, Restaurants | YouMe Holidays","isPartOf":{"@id":"https:\/\/www.youmeholiday.com\/de\/#website"},"datePublished":"2018-12-06T05:05:30+00:00","dateModified":"2022-06-01T09:36:13+00:00","description":"Rund um Kho Samui finden sie fantastische M\u00e4rkte. Kaufen Sie Souveniers von ihrem Urlaub, welche sie ihrer Familie oder ihren Freunden mitbringen k\u00f6nnen. Die Preise sind \u00fcberall verhandelbar.","breadcrumb":{"@id":"https:\/\/www.youmeholiday.com\/de\/koh-samui-einheimische-markte-restaurants\/#breadcrumb"},"inLanguage":"de","potentialAction":[{"@type":"ReadAction","target":["https:\/\/www.youmeholiday.com\/de\/koh-samui-einheimische-markte-restaurants\/"]}]},{"@type":"BreadcrumbList","@id":"https:\/\/www.youmeholiday.com\/de\/koh-samui-einheimische-markte-restaurants\/#breadcrumb","itemListElement":[{"@type":"ListItem","position":1,"name":"Home","item":"https:\/\/www.youmeholiday.com\/de\/"},{"@type":"ListItem","position":2,"name":"Koh Samui &#8211; Einheimische M\u00e4rkte, Restaurants"}]},{"@type":"WebSite","@id":"https:\/\/www.youmeholiday.com\/de\/#website","url":"https:\/\/www.youmeholiday.com\/de\/","name":"YouMe Holidays","description":"Touren, Aktivit\u00e4ten und Informationen rund um Koh Samui","publisher":{"@id":"https:\/\/www.youmeholiday.com\/de\/#organization"},"potentialAction":[{"@type":"SearchAction","target":{"@type":"EntryPoint","urlTemplate":"https:\/\/www.youmeholiday.com\/de\/?s={search_term_string}"},"query-input":{"@type":"PropertyValueSpecification","valueRequired":true,"valueName":"search_term_string"}}],"inLanguage":"de"},{"@type":"Organization","@id":"https:\/\/www.youmeholiday.com\/de\/#organization","name":"YouMe Holidays","url":"https:\/\/www.youmeholiday.com\/de\/","logo":{"@type":"ImageObject","inLanguage":"de","@id":"https:\/\/www.youmeholiday.com\/de\/#\/schema\/logo\/image\/","url":"https:\/\/www.youmeholiday.com\/wp-content\/uploads\/2018\/07\/New_logo_rond_web.png","contentUrl":"https:\/\/www.youmeholiday.com\/wp-content\/uploads\/2018\/07\/New_logo_rond_web.png","width":1587,"height":1099,"caption":"YouMe Holidays"},"image":{"@id":"https:\/\/www.youmeholiday.com\/de\/#\/schema\/logo\/image\/"},"sameAs":["https:\/\/www.facebook.com\/bluebubbleholiday\/","https:\/\/www.instagram.com\/blue_bubble_holiday_thailand\/"]}]}},"_links":{"self":[{"href":"https:\/\/www.youmeholiday.com\/de\/wp-json\/wp\/v2\/pages\/7822","targetHints":{"allow":["GET"]}}],"collection":[{"href":"https:\/\/www.youmeholiday.com\/de\/wp-json\/wp\/v2\/pages"}],"about":[{"href":"https:\/\/www.youmeholiday.com\/de\/wp-json\/wp\/v2\/types\/page"}],"author":[{"embeddable":true,"href":"https:\/\/www.youmeholiday.com\/de\/wp-json\/wp\/v2\/users\/1"}],"replies":[{"embeddable":true,"href":"https:\/\/www.youmeholiday.com\/de\/wp-json\/wp\/v2\/comments?post=7822"}],"version-history":[{"count":8,"href":"https:\/\/www.youmeholiday.com\/de\/wp-json\/wp\/v2\/pages\/7822\/revisions"}],"predecessor-version":[{"id":10333,"href":"https:\/\/www.youmeholiday.com\/de\/wp-json\/wp\/v2\/pages\/7822\/revisions\/10333"}],"wp:attachment":[{"href":"https:\/\/www.youmeholiday.com\/de\/wp-json\/wp\/v2\/media?parent=7822"}],"curies":[{"name":"wp","href":"https:\/\/api.w.org\/{rel}","templated":true}]}}