{"id":7818,"date":"2018-12-06T11:57:42","date_gmt":"2018-12-06T04:57:42","guid":{"rendered":"https:\/\/www.bluebubbleholiday.com\/buffalo-fights\/"},"modified":"2018-12-24T11:40:02","modified_gmt":"2018-12-24T04:40:02","slug":"buffalo-fights","status":"publish","type":"page","link":"https:\/\/www.youmeholiday.com\/de\/buffalo-fights\/","title":{"rendered":"Buffalo Fights"},"content":{"rendered":"<section class=\"l-section wpb_row height_auto width_full\"><div class=\"l-section-h i-cf\"><div class=\"g-cols vc_row via_flex valign_top type_default stacking_default\"><div class=\"vc_col-sm-12 wpb_column vc_column_container\"><div class=\"vc_column-inner\"><div class=\"wpb_wrapper\">[rev_slider_vc alias=&#8220;buffalo&#8220;]<\/div><\/div><\/div><\/div><\/div><\/section><section class=\"l-section wpb_row height_medium\"><div class=\"l-section-h i-cf\"><div class=\"g-cols vc_row via_flex valign_top type_default stacking_default\"><div class=\"vc_col-sm-6 wpb_column vc_column_container\"><div class=\"vc_column-inner\"><div class=\"wpb_wrapper\"><div class=\"wpb_text_column\"><div class=\"wpb_wrapper\"><h1>B\u00fcffelkampf<\/h1>\n<p>Verboten im Rest des thail\u00e4ndischen K\u00f6nigreichs, bleiben sie in Kho Samui sehr beliebt.<br \/>\nEs ist eine der beliebtesten Sportarten in S\u00fcdthailand. Die 10 Kampf-Arenen der Insel sind an den Bambusw\u00e4nden und Zweigen von Kokospalmen zu erkennen. Sie verhindern den Einblick f\u00fcr diejenigen, welche keinen Eintritt bezahlt haben.<\/p>\n<p>Der Kampf endet, wenn sich einer der beiden B\u00fcffel abwendet, meist lange bevor es zu gro\u00dfen Verletzungen kommt. Manchmal kann ein Kampf auch nur ein paar Sekunden dauern.<\/p>\n<p>Die K\u00e4mpfe finden nicht oft statt, aber wenn Sie Stra\u00dfenschilder sehen, die die Veranstaltungen ank\u00fcndigen, empfehlen wir Ihnen einen Besuch.<\/p>\n<p>Interessant ist, dass die Einheimischen diese Veranstaltungen nicht wegen der Show besuchen, sondern wegen der Wetten. Sehr gro\u00dfe Geldsummen stehen auf dem Spiel.<\/p>\n<p>Eintritt ca. 100.- bis 150.-THB f\u00fcr M\u00e4nner. Frauen bezahlen keinen Eintritt.<\/p>\n<\/div><\/div><\/div><\/div><\/div><div class=\"vc_col-sm-6 wpb_column vc_column_container\"><div class=\"vc_column-inner\"><div class=\"wpb_wrapper\"><div class=\"w-slider style_none fit_scaledown nav_thumbs count_5\" style=\"--thumbs-width:4rem;--thumbs-gap:4px;\"><div class=\"w-slider-h\"><div class=\"royalSlider\"><div class=\"rsContent\"><a class=\"rsImg\" data-rsw=\"1200\" data-rsh=\"800\" data-rsBigImg=\"https:\/\/www.youmeholiday.com\/wp-content\/uploads\/2018\/10\/Buffalo-Fights-01.jpg\" href=\"https:\/\/www.youmeholiday.com\/wp-content\/uploads\/2018\/10\/Buffalo-Fights-01.jpg\"><span data-alt=\"Buffalo Fights\"><\/span><\/a><img loading=\"lazy\" decoding=\"async\" width=\"150\" height=\"150\" src=\"https:\/\/www.youmeholiday.com\/wp-content\/uploads\/2018\/10\/Buffalo-Fights-01-150x150.jpg\" class=\"rsTmb\" alt=\"Buffalo Fights\" srcset=\"https:\/\/www.youmeholiday.com\/wp-content\/uploads\/2018\/10\/Buffalo-Fights-01-150x150.jpg 150w, https:\/\/www.youmeholiday.com\/wp-content\/uploads\/2018\/10\/Buffalo-Fights-01-350x350.jpg 350w, https:\/\/www.youmeholiday.com\/wp-content\/uploads\/2018\/10\/Buffalo-Fights-01-600x600.jpg 600w, https:\/\/www.youmeholiday.com\/wp-content\/uploads\/2018\/10\/Buffalo-Fights-01-300x300.jpg 300w\" sizes=\"auto, (max-width: 150px) 100vw, 150px\" \/><\/div><div class=\"rsContent\"><a class=\"rsImg\" data-rsw=\"1200\" data-rsh=\"800\" data-rsBigImg=\"https:\/\/www.youmeholiday.com\/wp-content\/uploads\/2018\/10\/Buffalo-Fights-02.jpg\" href=\"https:\/\/www.youmeholiday.com\/wp-content\/uploads\/2018\/10\/Buffalo-Fights-02.jpg\"><span data-alt=\"Buffalo Fights\"><\/span><\/a><img loading=\"lazy\" decoding=\"async\" width=\"150\" height=\"150\" src=\"https:\/\/www.youmeholiday.com\/wp-content\/uploads\/2018\/10\/Buffalo-Fights-02-150x150.jpg\" class=\"rsTmb\" alt=\"Buffalo Fights\" srcset=\"https:\/\/www.youmeholiday.com\/wp-content\/uploads\/2018\/10\/Buffalo-Fights-02-150x150.jpg 150w, https:\/\/www.youmeholiday.com\/wp-content\/uploads\/2018\/10\/Buffalo-Fights-02-350x350.jpg 350w, https:\/\/www.youmeholiday.com\/wp-content\/uploads\/2018\/10\/Buffalo-Fights-02-600x600.jpg 600w, https:\/\/www.youmeholiday.com\/wp-content\/uploads\/2018\/10\/Buffalo-Fights-02-300x300.jpg 300w\" sizes=\"auto, (max-width: 150px) 100vw, 150px\" \/><\/div><div class=\"rsContent\"><a class=\"rsImg\" data-rsw=\"1200\" data-rsh=\"800\" data-rsBigImg=\"https:\/\/www.youmeholiday.com\/wp-content\/uploads\/2018\/10\/Buffalo-Fights-03.jpg\" href=\"https:\/\/www.youmeholiday.com\/wp-content\/uploads\/2018\/10\/Buffalo-Fights-03.jpg\"><span data-alt=\"Buffalo Fights\"><\/span><\/a><img loading=\"lazy\" decoding=\"async\" width=\"150\" height=\"150\" src=\"https:\/\/www.youmeholiday.com\/wp-content\/uploads\/2018\/10\/Buffalo-Fights-03-150x150.jpg\" class=\"rsTmb\" alt=\"Buffalo Fights\" srcset=\"https:\/\/www.youmeholiday.com\/wp-content\/uploads\/2018\/10\/Buffalo-Fights-03-150x150.jpg 150w, https:\/\/www.youmeholiday.com\/wp-content\/uploads\/2018\/10\/Buffalo-Fights-03-350x350.jpg 350w, https:\/\/www.youmeholiday.com\/wp-content\/uploads\/2018\/10\/Buffalo-Fights-03-600x600.jpg 600w, https:\/\/www.youmeholiday.com\/wp-content\/uploads\/2018\/10\/Buffalo-Fights-03-300x300.jpg 300w\" sizes=\"auto, (max-width: 150px) 100vw, 150px\" \/><\/div><div class=\"rsContent\"><a class=\"rsImg\" data-rsw=\"1200\" data-rsh=\"800\" data-rsBigImg=\"https:\/\/www.youmeholiday.com\/wp-content\/uploads\/2018\/10\/Buffalo-Fights-04.jpg\" href=\"https:\/\/www.youmeholiday.com\/wp-content\/uploads\/2018\/10\/Buffalo-Fights-04.jpg\"><span data-alt=\"Buffalo Fights\"><\/span><\/a><img loading=\"lazy\" decoding=\"async\" width=\"150\" height=\"150\" src=\"https:\/\/www.youmeholiday.com\/wp-content\/uploads\/2018\/10\/Buffalo-Fights-04-150x150.jpg\" class=\"rsTmb\" alt=\"Buffalo Fights\" srcset=\"https:\/\/www.youmeholiday.com\/wp-content\/uploads\/2018\/10\/Buffalo-Fights-04-150x150.jpg 150w, https:\/\/www.youmeholiday.com\/wp-content\/uploads\/2018\/10\/Buffalo-Fights-04-350x350.jpg 350w, https:\/\/www.youmeholiday.com\/wp-content\/uploads\/2018\/10\/Buffalo-Fights-04-600x600.jpg 600w, https:\/\/www.youmeholiday.com\/wp-content\/uploads\/2018\/10\/Buffalo-Fights-04-300x300.jpg 300w\" sizes=\"auto, (max-width: 150px) 100vw, 150px\" \/><\/div><div class=\"rsContent\"><a class=\"rsImg\" data-rsw=\"1200\" data-rsh=\"800\" data-rsBigImg=\"https:\/\/www.youmeholiday.com\/wp-content\/uploads\/2018\/10\/Buffalo-Fights-05.jpg\" href=\"https:\/\/www.youmeholiday.com\/wp-content\/uploads\/2018\/10\/Buffalo-Fights-05.jpg\"><span data-alt=\"Buffalo Fights\"><\/span><\/a><img loading=\"lazy\" decoding=\"async\" width=\"150\" height=\"150\" src=\"https:\/\/www.youmeholiday.com\/wp-content\/uploads\/2018\/10\/Buffalo-Fights-05-150x150.jpg\" class=\"rsTmb\" alt=\"Buffalo Fights\" srcset=\"https:\/\/www.youmeholiday.com\/wp-content\/uploads\/2018\/10\/Buffalo-Fights-05-150x150.jpg 150w, https:\/\/www.youmeholiday.com\/wp-content\/uploads\/2018\/10\/Buffalo-Fights-05-350x350.jpg 350w, https:\/\/www.youmeholiday.com\/wp-content\/uploads\/2018\/10\/Buffalo-Fights-05-600x600.jpg 600w, https:\/\/www.youmeholiday.com\/wp-content\/uploads\/2018\/10\/Buffalo-Fights-05-300x300.jpg 300w\" sizes=\"auto, (max-width: 150px) 100vw, 150px\" \/><\/div><\/div><img decoding=\"async\" src=\"https:\/\/www.youmeholiday.com\/wp-content\/uploads\/2018\/10\/Buffalo-Fights-01.jpg\" width=\"1200\" height=\"800\" alt=\"Buffalo Fights\" loading=\"lazy\"><\/div><div class=\"w-slider-json\" onclick='return {&quot;autoScaleSlider&quot;:true,&quot;addActiveClass&quot;:true,&quot;loop&quot;:true,&quot;fadeInLoadedSlide&quot;:false,&quot;slidesSpacing&quot;:0,&quot;imageScalePadding&quot;:0,&quot;numImagesToPreload&quot;:2,&quot;arrowsNav&quot;:true,&quot;arrowsNavAutoHide&quot;:true,&quot;transitionType&quot;:&quot;move&quot;,&quot;transitionSpeed&quot;:250,&quot;block&quot;:{&quot;moveEffect&quot;:&quot;none&quot;,&quot;speed&quot;:300},&quot;thumbs&quot;:{&quot;fitInViewport&quot;:false,&quot;firstMargin&quot;:false,&quot;spacing&quot;:4},&quot;controlNavigation&quot;:&quot;thumbnails&quot;,&quot;autoplay&quot;:{&quot;enabled&quot;:true,&quot;pauseOnHover&quot;:true,&quot;delay&quot;:3000},&quot;fullscreen&quot;:{&quot;enabled&quot;:true},&quot;autoScaleSliderWidth&quot;:1200,&quot;autoScaleSliderHeight&quot;:800}'><\/div><\/div><\/div><\/div><\/div><\/div><\/div><\/section>\n","protected":false},"excerpt":{"rendered":"[rev_slider_vc alias=\"buffalo\"] B\u00fcffelkampf Verboten im Rest des thail\u00e4ndischen K\u00f6nigreichs, bleiben sie in Kho Samui sehr beliebt. Es ist eine der beliebtesten Sportarten in S\u00fcdthailand. Die 10 Kampf-Arenen der Insel sind...","protected":false},"author":1,"featured_media":0,"parent":0,"menu_order":0,"comment_status":"closed","ping_status":"closed","template":"","meta":{"_acf_changed":false,"footnotes":""},"class_list":["post-7818","page","type-page","status-publish","hentry"],"acf":[],"yoast_head":"<!-- This site is optimized with the Yoast SEO plugin v27.5 - https:\/\/yoast.com\/product\/yoast-seo-wordpress\/ -->\n<title>Buffalo Fights | YouMe Holidays<\/title>\n<meta name=\"description\" content=\"Es ist eine der beliebtesten Sportarten in S\u00fcdthailand. Die 10 Kampf-Arenen der Insel sind an den Bambusw\u00e4nden und Zweigen von Kokospalmen zu erkennen. Sie verhindern den Einblick f\u00fcr diejenigen, welche keinen Eintritt bezahlt haben.\" \/>\n<meta name=\"robots\" content=\"index, follow, max-snippet:-1, max-image-preview:large, max-video-preview:-1\" \/>\n<link rel=\"canonical\" href=\"https:\/\/www.youmeholiday.com\/de\/buffalo-fights\/\" \/>\n<meta property=\"og:locale\" content=\"de_DE\" \/>\n<meta property=\"og:type\" content=\"article\" \/>\n<meta property=\"og:title\" content=\"B\u00fcffelkampf\" \/>\n<meta property=\"og:description\" content=\"Es ist eine der beliebtesten Sportarten in S\u00fcdthailand. Die 10 Kampf-Arenen der Insel sind an den Bambusw\u00e4nden und Zweigen von Kokospalmen zu erkennen. Sie verhindern den Einblick f\u00fcr diejenigen, welche keinen Eintritt bezahlt haben.\" \/>\n<meta property=\"og:url\" content=\"https:\/\/www.youmeholiday.com\/de\/buffalo-fights\/\" \/>\n<meta property=\"og:site_name\" content=\"YouMe Holidays\" \/>\n<meta property=\"article:publisher\" content=\"https:\/\/www.facebook.com\/bluebubbleholiday\/\" \/>\n<meta property=\"article:modified_time\" content=\"2018-12-24T04:40:02+00:00\" \/>\n<meta property=\"og:image\" content=\"https:\/\/www.youmeholiday.com\/wp-content\/uploads\/2018\/12\/Buffalo.jpg\" \/>\n\t<meta property=\"og:image:width\" content=\"1200\" \/>\n\t<meta property=\"og:image:height\" content=\"630\" \/>\n\t<meta property=\"og:image:type\" content=\"image\/jpeg\" \/>\n<meta name=\"twitter:card\" content=\"summary_large_image\" \/>\n<meta name=\"twitter:label1\" content=\"Gesch\u00e4tzte Lesezeit\" \/>\n\t<meta name=\"twitter:data1\" content=\"1\u00a0Minute\" \/>\n<script type=\"application\/ld+json\" class=\"yoast-schema-graph\">{\"@context\":\"https:\\\/\\\/schema.org\",\"@graph\":[{\"@type\":\"WebPage\",\"@id\":\"https:\\\/\\\/www.youmeholiday.com\\\/de\\\/buffalo-fights\\\/\",\"url\":\"https:\\\/\\\/www.youmeholiday.com\\\/de\\\/buffalo-fights\\\/\",\"name\":\"Buffalo Fights | YouMe Holidays\",\"isPartOf\":{\"@id\":\"https:\\\/\\\/www.youmeholiday.com\\\/de\\\/#website\"},\"datePublished\":\"2018-12-06T04:57:42+00:00\",\"dateModified\":\"2018-12-24T04:40:02+00:00\",\"description\":\"Es ist eine der beliebtesten Sportarten in S\u00fcdthailand. Die 10 Kampf-Arenen der Insel sind an den Bambusw\u00e4nden und Zweigen von Kokospalmen zu erkennen. Sie verhindern den Einblick f\u00fcr diejenigen, welche keinen Eintritt bezahlt haben.\",\"breadcrumb\":{\"@id\":\"https:\\\/\\\/www.youmeholiday.com\\\/de\\\/buffalo-fights\\\/#breadcrumb\"},\"inLanguage\":\"de\",\"potentialAction\":[{\"@type\":\"ReadAction\",\"target\":[\"https:\\\/\\\/www.youmeholiday.com\\\/de\\\/buffalo-fights\\\/\"]}]},{\"@type\":\"BreadcrumbList\",\"@id\":\"https:\\\/\\\/www.youmeholiday.com\\\/de\\\/buffalo-fights\\\/#breadcrumb\",\"itemListElement\":[{\"@type\":\"ListItem\",\"position\":1,\"name\":\"Home\",\"item\":\"https:\\\/\\\/www.youmeholiday.com\\\/de\\\/\"},{\"@type\":\"ListItem\",\"position\":2,\"name\":\"Buffalo Fights\"}]},{\"@type\":\"WebSite\",\"@id\":\"https:\\\/\\\/www.youmeholiday.com\\\/de\\\/#website\",\"url\":\"https:\\\/\\\/www.youmeholiday.com\\\/de\\\/\",\"name\":\"YouMe Holidays\",\"description\":\"Touren, Aktivit\u00e4ten und Informationen rund um Koh Samui\",\"publisher\":{\"@id\":\"https:\\\/\\\/www.youmeholiday.com\\\/de\\\/#organization\"},\"potentialAction\":[{\"@type\":\"SearchAction\",\"target\":{\"@type\":\"EntryPoint\",\"urlTemplate\":\"https:\\\/\\\/www.youmeholiday.com\\\/de\\\/?s={search_term_string}\"},\"query-input\":{\"@type\":\"PropertyValueSpecification\",\"valueRequired\":true,\"valueName\":\"search_term_string\"}}],\"inLanguage\":\"de\"},{\"@type\":\"Organization\",\"@id\":\"https:\\\/\\\/www.youmeholiday.com\\\/de\\\/#organization\",\"name\":\"YouMe Holidays\",\"url\":\"https:\\\/\\\/www.youmeholiday.com\\\/de\\\/\",\"logo\":{\"@type\":\"ImageObject\",\"inLanguage\":\"de\",\"@id\":\"https:\\\/\\\/www.youmeholiday.com\\\/de\\\/#\\\/schema\\\/logo\\\/image\\\/\",\"url\":\"https:\\\/\\\/www.youmeholiday.com\\\/wp-content\\\/uploads\\\/2018\\\/07\\\/New_logo_rond_web.png\",\"contentUrl\":\"https:\\\/\\\/www.youmeholiday.com\\\/wp-content\\\/uploads\\\/2018\\\/07\\\/New_logo_rond_web.png\",\"width\":1587,\"height\":1099,\"caption\":\"YouMe Holidays\"},\"image\":{\"@id\":\"https:\\\/\\\/www.youmeholiday.com\\\/de\\\/#\\\/schema\\\/logo\\\/image\\\/\"},\"sameAs\":[\"https:\\\/\\\/www.facebook.com\\\/bluebubbleholiday\\\/\",\"https:\\\/\\\/www.instagram.com\\\/blue_bubble_holiday_thailand\\\/\"]}]}<\/script>\n<!-- \/ Yoast SEO plugin. -->","yoast_head_json":{"title":"Buffalo Fights | YouMe Holidays","description":"Es ist eine der beliebtesten Sportarten in S\u00fcdthailand. Die 10 Kampf-Arenen der Insel sind an den Bambusw\u00e4nden und Zweigen von Kokospalmen zu erkennen. Sie verhindern den Einblick f\u00fcr diejenigen, welche keinen Eintritt bezahlt haben.","robots":{"index":"index","follow":"follow","max-snippet":"max-snippet:-1","max-image-preview":"max-image-preview:large","max-video-preview":"max-video-preview:-1"},"canonical":"https:\/\/www.youmeholiday.com\/de\/buffalo-fights\/","og_locale":"de_DE","og_type":"article","og_title":"B\u00fcffelkampf","og_description":"Es ist eine der beliebtesten Sportarten in S\u00fcdthailand. Die 10 Kampf-Arenen der Insel sind an den Bambusw\u00e4nden und Zweigen von Kokospalmen zu erkennen. Sie verhindern den Einblick f\u00fcr diejenigen, welche keinen Eintritt bezahlt haben.","og_url":"https:\/\/www.youmeholiday.com\/de\/buffalo-fights\/","og_site_name":"YouMe Holidays","article_publisher":"https:\/\/www.facebook.com\/bluebubbleholiday\/","article_modified_time":"2018-12-24T04:40:02+00:00","og_image":[{"width":1200,"height":630,"url":"https:\/\/www.youmeholiday.com\/wp-content\/uploads\/2018\/12\/Buffalo.jpg","type":"image\/jpeg"}],"twitter_card":"summary_large_image","twitter_misc":{"Gesch\u00e4tzte Lesezeit":"1\u00a0Minute"},"schema":{"@context":"https:\/\/schema.org","@graph":[{"@type":"WebPage","@id":"https:\/\/www.youmeholiday.com\/de\/buffalo-fights\/","url":"https:\/\/www.youmeholiday.com\/de\/buffalo-fights\/","name":"Buffalo Fights | YouMe Holidays","isPartOf":{"@id":"https:\/\/www.youmeholiday.com\/de\/#website"},"datePublished":"2018-12-06T04:57:42+00:00","dateModified":"2018-12-24T04:40:02+00:00","description":"Es ist eine der beliebtesten Sportarten in S\u00fcdthailand. Die 10 Kampf-Arenen der Insel sind an den Bambusw\u00e4nden und Zweigen von Kokospalmen zu erkennen. Sie verhindern den Einblick f\u00fcr diejenigen, welche keinen Eintritt bezahlt haben.","breadcrumb":{"@id":"https:\/\/www.youmeholiday.com\/de\/buffalo-fights\/#breadcrumb"},"inLanguage":"de","potentialAction":[{"@type":"ReadAction","target":["https:\/\/www.youmeholiday.com\/de\/buffalo-fights\/"]}]},{"@type":"BreadcrumbList","@id":"https:\/\/www.youmeholiday.com\/de\/buffalo-fights\/#breadcrumb","itemListElement":[{"@type":"ListItem","position":1,"name":"Home","item":"https:\/\/www.youmeholiday.com\/de\/"},{"@type":"ListItem","position":2,"name":"Buffalo Fights"}]},{"@type":"WebSite","@id":"https:\/\/www.youmeholiday.com\/de\/#website","url":"https:\/\/www.youmeholiday.com\/de\/","name":"YouMe Holidays","description":"Touren, Aktivit\u00e4ten und Informationen rund um Koh Samui","publisher":{"@id":"https:\/\/www.youmeholiday.com\/de\/#organization"},"potentialAction":[{"@type":"SearchAction","target":{"@type":"EntryPoint","urlTemplate":"https:\/\/www.youmeholiday.com\/de\/?s={search_term_string}"},"query-input":{"@type":"PropertyValueSpecification","valueRequired":true,"valueName":"search_term_string"}}],"inLanguage":"de"},{"@type":"Organization","@id":"https:\/\/www.youmeholiday.com\/de\/#organization","name":"YouMe Holidays","url":"https:\/\/www.youmeholiday.com\/de\/","logo":{"@type":"ImageObject","inLanguage":"de","@id":"https:\/\/www.youmeholiday.com\/de\/#\/schema\/logo\/image\/","url":"https:\/\/www.youmeholiday.com\/wp-content\/uploads\/2018\/07\/New_logo_rond_web.png","contentUrl":"https:\/\/www.youmeholiday.com\/wp-content\/uploads\/2018\/07\/New_logo_rond_web.png","width":1587,"height":1099,"caption":"YouMe Holidays"},"image":{"@id":"https:\/\/www.youmeholiday.com\/de\/#\/schema\/logo\/image\/"},"sameAs":["https:\/\/www.facebook.com\/bluebubbleholiday\/","https:\/\/www.instagram.com\/blue_bubble_holiday_thailand\/"]}]}},"_links":{"self":[{"href":"https:\/\/www.youmeholiday.com\/de\/wp-json\/wp\/v2\/pages\/7818","targetHints":{"allow":["GET"]}}],"collection":[{"href":"https:\/\/www.youmeholiday.com\/de\/wp-json\/wp\/v2\/pages"}],"about":[{"href":"https:\/\/www.youmeholiday.com\/de\/wp-json\/wp\/v2\/types\/page"}],"author":[{"embeddable":true,"href":"https:\/\/www.youmeholiday.com\/de\/wp-json\/wp\/v2\/users\/1"}],"replies":[{"embeddable":true,"href":"https:\/\/www.youmeholiday.com\/de\/wp-json\/wp\/v2\/comments?post=7818"}],"version-history":[{"count":2,"href":"https:\/\/www.youmeholiday.com\/de\/wp-json\/wp\/v2\/pages\/7818\/revisions"}],"predecessor-version":[{"id":8191,"href":"https:\/\/www.youmeholiday.com\/de\/wp-json\/wp\/v2\/pages\/7818\/revisions\/8191"}],"wp:attachment":[{"href":"https:\/\/www.youmeholiday.com\/de\/wp-json\/wp\/v2\/media?parent=7818"}],"curies":[{"name":"wp","href":"https:\/\/api.w.org\/{rel}","templated":true}]}}