{"id":7714,"date":"2018-12-04T10:00:28","date_gmt":"2018-12-04T03:00:28","guid":{"rendered":"https:\/\/www.bluebubbleholiday.com\/transport\/"},"modified":"2025-09-03T14:02:00","modified_gmt":"2025-09-03T07:02:00","slug":"transport","status":"publish","type":"page","link":"https:\/\/www.youmeholiday.com\/de\/transport\/","title":{"rendered":"Transport"},"content":{"rendered":"<section class=\"l-section wpb_row height_auto width_full\"><div class=\"l-section-h i-cf\"><div class=\"g-cols vc_row via_flex valign_top type_default stacking_default\"><div class=\"vc_col-sm-12 wpb_column vc_column_container\"><div class=\"vc_column-inner\"><div class=\"wpb_wrapper\">[rev_slider_vc alias=&#8220;transport&#8220;]<\/div><\/div><\/div><\/div><\/div><\/section><section class=\"l-section wpb_row height_small\" id=\"AirPortKohSamui\"><div class=\"l-section-h i-cf\"><div class=\"g-cols vc_row via_flex valign_top type_default stacking_default\"><div class=\"vc_col-sm-12 wpb_column vc_column_container\"><div class=\"vc_column-inner\"><div class=\"wpb_wrapper\"><div class=\"wpb_text_column\"><div class=\"wpb_wrapper\"><h2>Koh Samui Flughafen<\/h2>\n<p>Der Koh Samui Airport wurde 1989 eingeweiht. Heute ist es ein internationaler Flughafen mit 2 Terminals (1 inl\u00e4ndischer und 1 internationaler), es gibt Einwanderungsb\u00fcros f\u00fcr internationale Fl\u00fcge, Souvenirl\u00e4den und Restaurants.<br \/>\nDie wichtigste Fluggesellschaft ist Bangkok Airway, die \u00fcber ein Monopol verf\u00fcgt und die meisten Fl\u00fcge nach Koh Samui anbietet. Mit Thai Airway International landen nur wenige Flugzeuge pro Tag.<\/p>\n<p><em><strong>Transferservice vom Flughafen zu Ihrem Hotel und zur\u00fcck verf\u00fcgbar.<\/strong><\/em><\/p>\n<\/div><\/div><\/div><\/div><\/div><\/div><\/div><\/section><section class=\"l-section wpb_row height_small\" id=\"AirPortSuratThani\"><div class=\"l-section-h i-cf\"><div class=\"g-cols vc_row via_flex valign_top type_default stacking_default\"><div class=\"vc_col-sm-12 wpb_column vc_column_container\"><div class=\"vc_column-inner\"><div class=\"wpb_wrapper\"><div class=\"wpb_text_column\"><div class=\"wpb_wrapper\"><h2>Surat Thani Flughafen<\/h2>\n<p>Der inl\u00e4ndische Flughafen Surat Thani, befindet sich 1 Std.30 min. von Donsak entfernt. Dann bringt Sie eine der F\u00e4hren nach Koh Samui. Die Fahrt dauert auch 1Std. 30min.<br \/>\nDie Low-Cost-Airlines f\u00fcr Surat Thani starten von Don Mueang (Bangkok Inlandsflughafen). Air Asia, Nok Air und Lion Air sind Low-Cost-Airlines, die diesen Flughafen anfliegen, aber nicht Koh Samui.<br \/>\nAir Asia ist eine der preiswerten Fluggesellschaften Thailands und bietet kombinierte Flug-, Bus- und Bootstickets f\u00fcr Fl\u00fcge von Bangkok nach Koh Samui an.<\/p>\n<p>Wir bieten einen Service von SuratThani (Stadt, Busbahnhof, Bahnhof und Flughafen) nach Koh Samui und Transfer zu Ihrem Hotel. Auch verf\u00fcgbar von SuratThani nach Koh Phangan (ThongSala Pier) und Koh Tao.<br \/>\nUmgekehrt auch verf\u00fcgbar.<\/p>\n<\/div><\/div><\/div><\/div><\/div><\/div><\/div><\/section><section class=\"l-section wpb_row height_small\" id=\"ferry\"><div class=\"l-section-h i-cf\"><div class=\"g-cols vc_row via_flex valign_top type_default stacking_default\"><div class=\"vc_col-sm-12 wpb_column vc_column_container\"><div class=\"vc_column-inner\"><div class=\"wpb_wrapper\"><div class=\"wpb_text_column\"><div class=\"wpb_wrapper\"><hr \/>\n<h2>F\u00e4hre<\/h2>\n<p>Abfahrten sind zu jeder Tageszeit m\u00f6glich.<br \/>\nZwischen <strong>Donsak<\/strong> und <strong>Koh Samui<\/strong> gibt es 2 Hauptgesellschaften, die Seatran F\u00e4hre, Raja F\u00e4hre.<br \/>\nAbfahrt st\u00fcndlich von 05:00 bis 18:00 Uhr.<\/p>\n<p>Von <strong>Donsak<\/strong> nach <strong>Koh Samui<\/strong> (Nathon) mit einer Fahrtdauer von 1Std. 30 min.<br \/>\nFahrpreis f\u00fcr die F\u00e4hre: 140.-THB\/Pers.<\/p>\n<p>Von <strong>Donsak<\/strong> nach <strong>Koh Phangan<\/strong> (Tong Sala Pier) mit einer Fahrtdauer von 2 Std.<br \/>\nFahrpreis f\u00fcr die F\u00e4hre: 450.- THB\/Pers.<\/p>\n<p>Von <strong>Koh Samui (Maenam Pralarn Pier)<\/strong> bis <strong>Koh Phangan (Tong Sala Pier)<\/strong><br \/>\nEinwegfahrpreis: 350.- THB\/Pers.<br \/>\nPreis f\u00fcr Kleinbusse: 150.- THB\/Pers. Transfer vom Hotel in Koh Samui zum Pier.<\/p>\n<p>Von <strong>Koh Samui (Maenam Pralarn Pier)<\/strong> bis <strong>Koh Tao (Mae Haad Pier)<\/strong><br \/>\nEinwegfahrpreis: 700.-THB\/Pers.<br \/>\nPreis f\u00fcr Kleinbusse : 150.- THB\/Pers. Transfer vom Hotel in Koh Samui zum Pier.<\/p>\n<p><em><strong>Siehe unten f\u00fcr Abfahrts- und Ankunftszeiten und -orte.<\/strong><\/em><\/p>\n<\/div><\/div><div class=\"g-cols wpb_row via_flex valign_top type_default stacking_default\"><div class=\"vc_col-sm-12 wpb_column vc_column_container\"><div class=\"vc_column-inner\"><div class=\"wpb_wrapper\"><div class=\"wpb_text_column\"><div class=\"wpb_wrapper\"><h2 style=\"text-align: center;\">FAHRPLAN<\/h2>\n<\/div><\/div><div class=\"w-separator size_medium\"><\/div><\/div><\/div><\/div><\/div><div class=\"g-cols wpb_row via_flex valign_top type_default stacking_default\"><div class=\"vc_col-sm-6 wpb_column vc_column_container\"><div class=\"vc_column-inner\"><div class=\"wpb_wrapper\"><div class=\"w-image us_custom_b570b43b align_center\"><div class=\"w-image-h\"><img decoding=\"async\" width=\"700\" height=\"467\" src=\"https:\/\/www.youmeholiday.com\/wp-content\/uploads\/2018\/10\/Lomprayah-e1756874360476.jpg\" class=\"attachment-full size-full\" alt=\"Lomprayah\" loading=\"lazy\" \/><\/div><\/div><div class=\"wpb_text_column\"><div class=\"wpb_wrapper\"><h3 style=\"text-align: center;\">Lomprayah Catamaran<\/h3>\n<\/div><\/div><div class=\"w-btn-wrapper align_center\"><a class=\"w-btn us-btn-style_1\" target=\"_blank\" rel=\"nofollow\" title=\"Seatran Ferry, Koh Samui\" href=\"https:\/\/heyzine.com\/flip-book\/10b893f0aa.html#page\/1\"><span class=\"w-btn-label\">Lomparayah Ferry<\/span><\/a><\/div><\/div><\/div><\/div><div class=\"vc_col-sm-6 wpb_column vc_column_container\"><div class=\"vc_column-inner\"><div class=\"wpb_wrapper\"><div class=\"w-image us_custom_b570b43b align_center\"><div class=\"w-image-h\"><img decoding=\"async\" width=\"1920\" height=\"600\" src=\"https:\/\/www.youmeholiday.com\/wp-content\/uploads\/2025\/09\/hero-banner.jpg\" class=\"attachment-full size-full\" alt=\"\" loading=\"lazy\" srcset=\"https:\/\/www.youmeholiday.com\/wp-content\/uploads\/2025\/09\/hero-banner.jpg 1920w, https:\/\/www.youmeholiday.com\/wp-content\/uploads\/2025\/09\/hero-banner-300x94.jpg 300w, https:\/\/www.youmeholiday.com\/wp-content\/uploads\/2025\/09\/hero-banner-1024x320.jpg 1024w, https:\/\/www.youmeholiday.com\/wp-content\/uploads\/2025\/09\/hero-banner-600x188.jpg 600w, https:\/\/www.youmeholiday.com\/wp-content\/uploads\/2025\/09\/hero-banner-768x240.jpg 768w\" sizes=\"auto, (max-width: 1920px) 100vw, 1920px\" \/><\/div><\/div><div class=\"wpb_text_column\"><div class=\"wpb_wrapper\"><h3 style=\"text-align: center;\">Lomlahkkhirin Speed Boat<\/h3>\n<\/div><\/div><div class=\"w-btn-wrapper align_center\"><a class=\"w-btn us-btn-style_1\" target=\"_blank\" rel=\"nofollow\" title=\"Seatran Ferry, Koh Samui\" href=\"https:\/\/heyzine.com\/flip-book\/fc0ee38cc3.html\"><span class=\"w-btn-label\">Lomlahkkirin Speed Boat<\/span><\/a><\/div><\/div><\/div><\/div><\/div><div class=\"g-cols wpb_row via_flex valign_top type_default stacking_default\"><div class=\"vc_col-sm-12 wpb_column vc_column_container\"><div class=\"vc_column-inner\"><div class=\"wpb_wrapper\"><div class=\"wpb_text_column\"><div class=\"wpb_wrapper\"><hr \/>\n<h2 style=\"text-align: center;\">Big Boat von DonSak (Autof\u00e4hre)<\/h2>\n<\/div><\/div><div class=\"w-separator size_medium\"><\/div><\/div><\/div><\/div><\/div><div class=\"g-cols wpb_row via_flex valign_top type_default stacking_default\"><div class=\"vc_col-sm-6 wpb_column vc_column_container\"><div class=\"vc_column-inner\"><div class=\"wpb_wrapper\"><div class=\"w-image us_custom_b570b43b align_center\"><div class=\"w-image-h\"><img decoding=\"async\" width=\"700\" height=\"467\" src=\"https:\/\/www.youmeholiday.com\/wp-content\/uploads\/2018\/10\/Seatran.jpg\" class=\"attachment-full size-full\" alt=\"Seatran\" loading=\"lazy\" srcset=\"https:\/\/www.youmeholiday.com\/wp-content\/uploads\/2018\/10\/Seatran.jpg 700w, https:\/\/www.youmeholiday.com\/wp-content\/uploads\/2018\/10\/Seatran-576x384.jpg 576w, https:\/\/www.youmeholiday.com\/wp-content\/uploads\/2018\/10\/Seatran-300x200.jpg 300w, https:\/\/www.youmeholiday.com\/wp-content\/uploads\/2018\/10\/Seatran-600x400.jpg 600w\" sizes=\"auto, (max-width: 700px) 100vw, 700px\" \/><\/div><\/div><div class=\"w-btn-wrapper align_center\"><a class=\"w-btn us-btn-style_1\" title=\"Seatran Ferry, Koh Samui\" target=\"_blank\" rel=\"nofollow\" href=\"https:\/\/www.seatranferry.com\/\"><span class=\"w-btn-label\">Seatran Ferry<\/span><\/a><\/div><\/div><\/div><\/div><div class=\"vc_col-sm-6 wpb_column vc_column_container\"><div class=\"vc_column-inner\"><div class=\"wpb_wrapper\"><div class=\"w-image us_custom_b570b43b align_center\"><div class=\"w-image-h\"><img decoding=\"async\" width=\"700\" height=\"466\" src=\"https:\/\/www.youmeholiday.com\/wp-content\/uploads\/2018\/10\/Raja-Ferry.jpg\" class=\"attachment-full size-full\" alt=\"Raja Ferry\" loading=\"lazy\" srcset=\"https:\/\/www.youmeholiday.com\/wp-content\/uploads\/2018\/10\/Raja-Ferry.jpg 700w, https:\/\/www.youmeholiday.com\/wp-content\/uploads\/2018\/10\/Raja-Ferry-576x384.jpg 576w, https:\/\/www.youmeholiday.com\/wp-content\/uploads\/2018\/10\/Raja-Ferry-300x200.jpg 300w, https:\/\/www.youmeholiday.com\/wp-content\/uploads\/2018\/10\/Raja-Ferry-600x399.jpg 600w\" sizes=\"auto, (max-width: 700px) 100vw, 700px\" \/><\/div><\/div><div class=\"w-btn-wrapper align_center\"><a class=\"w-btn us-btn-style_1\" title=\"Raja Ferry, Koh Samui\" target=\"_blank\" rel=\"nofollow\" href=\"https:\/\/www.rajaferryport.com\/\"><span class=\"w-btn-label\">Raja Ferry<\/span><\/a><\/div><\/div><\/div><\/div><\/div><\/div><\/div><\/div><\/div><\/div><\/section><section class=\"l-section wpb_row height_small\" id=\"taxi\"><div class=\"l-section-h i-cf\"><div class=\"g-cols vc_row via_flex valign_top type_default stacking_default\"><div class=\"vc_col-sm-12 wpb_column vc_column_container\"><div class=\"vc_column-inner\"><div class=\"wpb_wrapper\"><div class=\"wpb_text_column\"><div class=\"wpb_wrapper\"><hr \/>\n<h2>Taxi &amp; Red Pick up (Songtail)<\/h2>\n<p>Taxis und Songtail (roter Pick-up) sind auf der Insel und dem Festland weit verbreitet.<\/p>\n<p>Pick-ups k\u00f6nnen am Strassenrand durch Handheben gestoppt werden. Kl\u00e4ren Sie mit dem Fahrer die Route und den Preis. Sie k\u00f6nnten an jedem beliebigen Ort &#8211; durch dr\u00fccken einer Hupe- wieder aussteigen.<\/p>\n<p>Taxipreise sind in Koh Samui etwas teurer als auf dem Festland.<br \/>\nDie Fahrpreise der Taxis variieren je nach Entfernung. Grundtaxe von ca. 500.- THB ( verhandelbar) plus die Fahrtkosten.<\/p>\n<p><em><strong>Transfer-Service oder Taxi jederzeit verf\u00fcgbar, kontaktieren Sie uns.<\/strong><\/em><\/p>\n<\/div><\/div><\/div><\/div><\/div><\/div><\/div><\/section><section class=\"l-section wpb_row height_small\" id=\"motorbike\"><div class=\"l-section-h i-cf\"><div class=\"g-cols vc_row via_flex valign_top type_default stacking_default\"><div class=\"vc_col-sm-12 wpb_column vc_column_container\"><div class=\"vc_column-inner\"><div class=\"wpb_wrapper\"><div class=\"wpb_text_column\"><div class=\"wpb_wrapper\"><hr \/>\n<h2>Motorrad oder Autovermietung<\/h2>\n<p>Die Motorradmiete variiert je nach Modell von 250,- THB\/Tag bis 700,- THB\/Tag. Es kostet Sie eine Geldstrafe von 500,- THB, wenn Sie keinen Helm tragen. Zu Ihrer Sicherheit ist es also ratsam, einen Helm zu tragen.<\/p>\n<p>Autovermietung variiert je nach Modell und beginnt bei 1&#8217;200.- THB\/Tag. (Inklusive Versicherung)<\/p>\n<p>Kaution f\u00fcr Motorr\u00e4der betr\u00e4gt THB 3&#8217;000.- f\u00fcr kleine Modelle und Originalpass f\u00fcr gro\u00dfe Motorr\u00e4der. F\u00fcr Autos, kleine Modelle Kaution von THB 10&#8217;000.- oder 300 USD \/ EURO und f\u00fcr gro\u00dfe Autos THB 20&#8217;000.- oder 600 USD \/ EURO.<\/p>\n<p>Um ein Auto oder einen Motorroller zu mieten, m\u00fcssen Sie Ihren Original-F\u00fchrerschein, eine Kopie Ihres Reisepasses und eine Kopie Ihres F\u00fchrerscheins vorlegen.<br \/>\nSie m\u00fcssen eine Kaution hinterlegen, sonst wird das Original des Reisepasses einbehalten (es wird empfohlen, eine Kopie anzufertigen und bei sich zu haben).<br \/>\nEs wird auch empfohlen, eine Vollkaskoversicherung abzuschlie\u00dfen.<\/p>\n<p>Unten finden Sie eine Liste von Motorrollern und Autos, die Sie mieten k\u00f6nnen.<\/p>\n<\/div><\/div><div class=\"w-image us_custom_b570b43b align_center\"><div class=\"w-image-h\"><img decoding=\"async\" width=\"1943\" height=\"2560\" src=\"https:\/\/www.youmeholiday.com\/wp-content\/uploads\/2023\/12\/IMG_3323-scaled.jpg\" class=\"attachment-full size-full\" alt=\"\" loading=\"lazy\" srcset=\"https:\/\/www.youmeholiday.com\/wp-content\/uploads\/2023\/12\/IMG_3323-scaled.jpg 1943w, https:\/\/www.youmeholiday.com\/wp-content\/uploads\/2023\/12\/IMG_3323-228x300.jpg 228w, https:\/\/www.youmeholiday.com\/wp-content\/uploads\/2023\/12\/IMG_3323-777x1024.jpg 777w, https:\/\/www.youmeholiday.com\/wp-content\/uploads\/2023\/12\/IMG_3323-600x790.jpg 600w, https:\/\/www.youmeholiday.com\/wp-content\/uploads\/2023\/12\/IMG_3323-768x1012.jpg 768w\" sizes=\"auto, (max-width: 1943px) 100vw, 1943px\" \/><\/div><\/div><\/div><\/div><\/div><\/div><\/div><\/section>\n","protected":false},"excerpt":{"rendered":"[rev_slider_vc alias=\"transport\"]Koh Samui Flughafen Der Koh Samui Airport wurde 1989 eingeweiht. Heute ist es ein internationaler Flughafen mit 2 Terminals (1 inl\u00e4ndischer und 1 internationaler), es gibt Einwanderungsb\u00fcros f\u00fcr internationale...","protected":false},"author":1,"featured_media":7528,"parent":0,"menu_order":0,"comment_status":"closed","ping_status":"closed","template":"","meta":{"_acf_changed":false,"footnotes":""},"class_list":["post-7714","page","type-page","status-publish","has-post-thumbnail","hentry"],"acf":[],"yoast_head":"<!-- This site is optimized with the Yoast SEO plugin v27.5 - https:\/\/yoast.com\/product\/yoast-seo-wordpress\/ -->\n<title>Transport | YouMe Holidays<\/title>\n<meta name=\"description\" content=\"Der Koh Samui Airport wurde 1989 eingeweiht. Heute ist es ein internationaler Flughafen mit 2 Terminals (1 inl\u00e4ndischer und 1 internationaler), es gibt Einwanderungsb\u00fcros f\u00fcr internationale Fl\u00fcge, Souvenirl\u00e4den und Restaurants.\" \/>\n<meta name=\"robots\" content=\"index, follow, max-snippet:-1, max-image-preview:large, max-video-preview:-1\" \/>\n<link rel=\"canonical\" href=\"https:\/\/www.youmeholiday.com\/de\/transport\/\" \/>\n<meta property=\"og:locale\" content=\"de_DE\" \/>\n<meta property=\"og:type\" content=\"article\" \/>\n<meta property=\"og:title\" content=\"Koh Samui - Transport\" \/>\n<meta property=\"og:description\" content=\"Der Koh Samui Airport wurde 1989 eingeweiht. Heute ist es ein internationaler Flughafen mit 2 Terminals (1 inl\u00e4ndischer und 1 internationaler), es gibt Einwanderungsb\u00fcros f\u00fcr internationale Fl\u00fcge, Souvenirl\u00e4den und Restaurants.\" \/>\n<meta property=\"og:url\" content=\"https:\/\/www.youmeholiday.com\/de\/transport\/\" \/>\n<meta property=\"og:site_name\" content=\"YouMe Holidays\" \/>\n<meta property=\"article:publisher\" content=\"https:\/\/www.facebook.com\/bluebubbleholiday\/\" \/>\n<meta property=\"article:modified_time\" content=\"2025-09-03T07:02:00+00:00\" \/>\n<meta property=\"og:image\" content=\"https:\/\/www.youmeholiday.com\/wp-content\/uploads\/2018\/10\/Lomprayah-e1756874360476.jpg\" \/>\n\t<meta property=\"og:image:width\" content=\"700\" \/>\n\t<meta property=\"og:image:height\" content=\"467\" \/>\n\t<meta property=\"og:image:type\" content=\"image\/jpeg\" \/>\n<meta name=\"twitter:card\" content=\"summary_large_image\" \/>\n<meta name=\"twitter:label1\" content=\"Gesch\u00e4tzte Lesezeit\" \/>\n\t<meta name=\"twitter:data1\" content=\"3\u00a0Minuten\" \/>\n<script type=\"application\/ld+json\" class=\"yoast-schema-graph\">{\"@context\":\"https:\\\/\\\/schema.org\",\"@graph\":[{\"@type\":\"WebPage\",\"@id\":\"https:\\\/\\\/www.youmeholiday.com\\\/de\\\/transport\\\/\",\"url\":\"https:\\\/\\\/www.youmeholiday.com\\\/de\\\/transport\\\/\",\"name\":\"Transport | YouMe Holidays\",\"isPartOf\":{\"@id\":\"https:\\\/\\\/www.youmeholiday.com\\\/de\\\/#website\"},\"primaryImageOfPage\":{\"@id\":\"https:\\\/\\\/www.youmeholiday.com\\\/de\\\/transport\\\/#primaryimage\"},\"image\":{\"@id\":\"https:\\\/\\\/www.youmeholiday.com\\\/de\\\/transport\\\/#primaryimage\"},\"thumbnailUrl\":\"https:\\\/\\\/www.youmeholiday.com\\\/wp-content\\\/uploads\\\/2018\\\/10\\\/Lomprayah-e1756874360476.jpg\",\"datePublished\":\"2018-12-04T03:00:28+00:00\",\"dateModified\":\"2025-09-03T07:02:00+00:00\",\"description\":\"Der Koh Samui Airport wurde 1989 eingeweiht. Heute ist es ein internationaler Flughafen mit 2 Terminals (1 inl\u00e4ndischer und 1 internationaler), es gibt Einwanderungsb\u00fcros f\u00fcr internationale Fl\u00fcge, Souvenirl\u00e4den und Restaurants.\",\"breadcrumb\":{\"@id\":\"https:\\\/\\\/www.youmeholiday.com\\\/de\\\/transport\\\/#breadcrumb\"},\"inLanguage\":\"de\",\"potentialAction\":[{\"@type\":\"ReadAction\",\"target\":[\"https:\\\/\\\/www.youmeholiday.com\\\/de\\\/transport\\\/\"]}]},{\"@type\":\"ImageObject\",\"inLanguage\":\"de\",\"@id\":\"https:\\\/\\\/www.youmeholiday.com\\\/de\\\/transport\\\/#primaryimage\",\"url\":\"https:\\\/\\\/www.youmeholiday.com\\\/wp-content\\\/uploads\\\/2018\\\/10\\\/Lomprayah-e1756874360476.jpg\",\"contentUrl\":\"https:\\\/\\\/www.youmeholiday.com\\\/wp-content\\\/uploads\\\/2018\\\/10\\\/Lomprayah-e1756874360476.jpg\",\"width\":700,\"height\":467,\"caption\":\"Lomprayah\"},{\"@type\":\"BreadcrumbList\",\"@id\":\"https:\\\/\\\/www.youmeholiday.com\\\/de\\\/transport\\\/#breadcrumb\",\"itemListElement\":[{\"@type\":\"ListItem\",\"position\":1,\"name\":\"Home\",\"item\":\"https:\\\/\\\/www.youmeholiday.com\\\/de\\\/\"},{\"@type\":\"ListItem\",\"position\":2,\"name\":\"Transport\"}]},{\"@type\":\"WebSite\",\"@id\":\"https:\\\/\\\/www.youmeholiday.com\\\/de\\\/#website\",\"url\":\"https:\\\/\\\/www.youmeholiday.com\\\/de\\\/\",\"name\":\"YouMe Holidays\",\"description\":\"Touren, Aktivit\u00e4ten und Informationen rund um Koh Samui\",\"publisher\":{\"@id\":\"https:\\\/\\\/www.youmeholiday.com\\\/de\\\/#organization\"},\"potentialAction\":[{\"@type\":\"SearchAction\",\"target\":{\"@type\":\"EntryPoint\",\"urlTemplate\":\"https:\\\/\\\/www.youmeholiday.com\\\/de\\\/?s={search_term_string}\"},\"query-input\":{\"@type\":\"PropertyValueSpecification\",\"valueRequired\":true,\"valueName\":\"search_term_string\"}}],\"inLanguage\":\"de\"},{\"@type\":\"Organization\",\"@id\":\"https:\\\/\\\/www.youmeholiday.com\\\/de\\\/#organization\",\"name\":\"YouMe Holidays\",\"url\":\"https:\\\/\\\/www.youmeholiday.com\\\/de\\\/\",\"logo\":{\"@type\":\"ImageObject\",\"inLanguage\":\"de\",\"@id\":\"https:\\\/\\\/www.youmeholiday.com\\\/de\\\/#\\\/schema\\\/logo\\\/image\\\/\",\"url\":\"https:\\\/\\\/www.youmeholiday.com\\\/wp-content\\\/uploads\\\/2018\\\/07\\\/New_logo_rond_web.png\",\"contentUrl\":\"https:\\\/\\\/www.youmeholiday.com\\\/wp-content\\\/uploads\\\/2018\\\/07\\\/New_logo_rond_web.png\",\"width\":1587,\"height\":1099,\"caption\":\"YouMe Holidays\"},\"image\":{\"@id\":\"https:\\\/\\\/www.youmeholiday.com\\\/de\\\/#\\\/schema\\\/logo\\\/image\\\/\"},\"sameAs\":[\"https:\\\/\\\/www.facebook.com\\\/bluebubbleholiday\\\/\",\"https:\\\/\\\/www.instagram.com\\\/blue_bubble_holiday_thailand\\\/\"]}]}<\/script>\n<!-- \/ Yoast SEO plugin. -->","yoast_head_json":{"title":"Transport | YouMe Holidays","description":"Der Koh Samui Airport wurde 1989 eingeweiht. Heute ist es ein internationaler Flughafen mit 2 Terminals (1 inl\u00e4ndischer und 1 internationaler), es gibt Einwanderungsb\u00fcros f\u00fcr internationale Fl\u00fcge, Souvenirl\u00e4den und Restaurants.","robots":{"index":"index","follow":"follow","max-snippet":"max-snippet:-1","max-image-preview":"max-image-preview:large","max-video-preview":"max-video-preview:-1"},"canonical":"https:\/\/www.youmeholiday.com\/de\/transport\/","og_locale":"de_DE","og_type":"article","og_title":"Koh Samui - Transport","og_description":"Der Koh Samui Airport wurde 1989 eingeweiht. Heute ist es ein internationaler Flughafen mit 2 Terminals (1 inl\u00e4ndischer und 1 internationaler), es gibt Einwanderungsb\u00fcros f\u00fcr internationale Fl\u00fcge, Souvenirl\u00e4den und Restaurants.","og_url":"https:\/\/www.youmeholiday.com\/de\/transport\/","og_site_name":"YouMe Holidays","article_publisher":"https:\/\/www.facebook.com\/bluebubbleholiday\/","article_modified_time":"2025-09-03T07:02:00+00:00","og_image":[{"width":700,"height":467,"url":"https:\/\/www.youmeholiday.com\/wp-content\/uploads\/2018\/10\/Lomprayah-e1756874360476.jpg","type":"image\/jpeg"}],"twitter_card":"summary_large_image","twitter_misc":{"Gesch\u00e4tzte Lesezeit":"3\u00a0Minuten"},"schema":{"@context":"https:\/\/schema.org","@graph":[{"@type":"WebPage","@id":"https:\/\/www.youmeholiday.com\/de\/transport\/","url":"https:\/\/www.youmeholiday.com\/de\/transport\/","name":"Transport | YouMe Holidays","isPartOf":{"@id":"https:\/\/www.youmeholiday.com\/de\/#website"},"primaryImageOfPage":{"@id":"https:\/\/www.youmeholiday.com\/de\/transport\/#primaryimage"},"image":{"@id":"https:\/\/www.youmeholiday.com\/de\/transport\/#primaryimage"},"thumbnailUrl":"https:\/\/www.youmeholiday.com\/wp-content\/uploads\/2018\/10\/Lomprayah-e1756874360476.jpg","datePublished":"2018-12-04T03:00:28+00:00","dateModified":"2025-09-03T07:02:00+00:00","description":"Der Koh Samui Airport wurde 1989 eingeweiht. Heute ist es ein internationaler Flughafen mit 2 Terminals (1 inl\u00e4ndischer und 1 internationaler), es gibt Einwanderungsb\u00fcros f\u00fcr internationale Fl\u00fcge, Souvenirl\u00e4den und Restaurants.","breadcrumb":{"@id":"https:\/\/www.youmeholiday.com\/de\/transport\/#breadcrumb"},"inLanguage":"de","potentialAction":[{"@type":"ReadAction","target":["https:\/\/www.youmeholiday.com\/de\/transport\/"]}]},{"@type":"ImageObject","inLanguage":"de","@id":"https:\/\/www.youmeholiday.com\/de\/transport\/#primaryimage","url":"https:\/\/www.youmeholiday.com\/wp-content\/uploads\/2018\/10\/Lomprayah-e1756874360476.jpg","contentUrl":"https:\/\/www.youmeholiday.com\/wp-content\/uploads\/2018\/10\/Lomprayah-e1756874360476.jpg","width":700,"height":467,"caption":"Lomprayah"},{"@type":"BreadcrumbList","@id":"https:\/\/www.youmeholiday.com\/de\/transport\/#breadcrumb","itemListElement":[{"@type":"ListItem","position":1,"name":"Home","item":"https:\/\/www.youmeholiday.com\/de\/"},{"@type":"ListItem","position":2,"name":"Transport"}]},{"@type":"WebSite","@id":"https:\/\/www.youmeholiday.com\/de\/#website","url":"https:\/\/www.youmeholiday.com\/de\/","name":"YouMe Holidays","description":"Touren, Aktivit\u00e4ten und Informationen rund um Koh Samui","publisher":{"@id":"https:\/\/www.youmeholiday.com\/de\/#organization"},"potentialAction":[{"@type":"SearchAction","target":{"@type":"EntryPoint","urlTemplate":"https:\/\/www.youmeholiday.com\/de\/?s={search_term_string}"},"query-input":{"@type":"PropertyValueSpecification","valueRequired":true,"valueName":"search_term_string"}}],"inLanguage":"de"},{"@type":"Organization","@id":"https:\/\/www.youmeholiday.com\/de\/#organization","name":"YouMe Holidays","url":"https:\/\/www.youmeholiday.com\/de\/","logo":{"@type":"ImageObject","inLanguage":"de","@id":"https:\/\/www.youmeholiday.com\/de\/#\/schema\/logo\/image\/","url":"https:\/\/www.youmeholiday.com\/wp-content\/uploads\/2018\/07\/New_logo_rond_web.png","contentUrl":"https:\/\/www.youmeholiday.com\/wp-content\/uploads\/2018\/07\/New_logo_rond_web.png","width":1587,"height":1099,"caption":"YouMe Holidays"},"image":{"@id":"https:\/\/www.youmeholiday.com\/de\/#\/schema\/logo\/image\/"},"sameAs":["https:\/\/www.facebook.com\/bluebubbleholiday\/","https:\/\/www.instagram.com\/blue_bubble_holiday_thailand\/"]}]}},"_links":{"self":[{"href":"https:\/\/www.youmeholiday.com\/de\/wp-json\/wp\/v2\/pages\/7714","targetHints":{"allow":["GET"]}}],"collection":[{"href":"https:\/\/www.youmeholiday.com\/de\/wp-json\/wp\/v2\/pages"}],"about":[{"href":"https:\/\/www.youmeholiday.com\/de\/wp-json\/wp\/v2\/types\/page"}],"author":[{"embeddable":true,"href":"https:\/\/www.youmeholiday.com\/de\/wp-json\/wp\/v2\/users\/1"}],"replies":[{"embeddable":true,"href":"https:\/\/www.youmeholiday.com\/de\/wp-json\/wp\/v2\/comments?post=7714"}],"version-history":[{"count":11,"href":"https:\/\/www.youmeholiday.com\/de\/wp-json\/wp\/v2\/pages\/7714\/revisions"}],"predecessor-version":[{"id":12851,"href":"https:\/\/www.youmeholiday.com\/de\/wp-json\/wp\/v2\/pages\/7714\/revisions\/12851"}],"wp:featuredmedia":[{"embeddable":true,"href":"https:\/\/www.youmeholiday.com\/de\/wp-json\/wp\/v2\/media\/7528"}],"wp:attachment":[{"href":"https:\/\/www.youmeholiday.com\/de\/wp-json\/wp\/v2\/media?parent=7714"}],"curies":[{"name":"wp","href":"https:\/\/api.w.org\/{rel}","templated":true}]}}