{"id":7667,"date":"2018-12-04T09:20:58","date_gmt":"2018-12-04T02:20:58","guid":{"rendered":"https:\/\/www.bluebubbleholiday.com\/datenschutz\/"},"modified":"2021-07-08T14:37:31","modified_gmt":"2021-07-08T07:37:31","slug":"datenschutz","status":"publish","type":"page","link":"https:\/\/www.youmeholiday.com\/de\/datenschutz\/","title":{"rendered":"Datenschutz"},"content":{"rendered":"<section class=\"l-section wpb_row height_medium\"><div class=\"l-section-h i-cf\"><div class=\"g-cols vc_row via_flex valign_top type_default stacking_default\"><div class=\"vc_col-sm-12 wpb_column vc_column_container\"><div class=\"vc_column-inner\"><div class=\"wpb_wrapper\"><h1 class=\"w-post-elm post_title us_custom_064d9100 entry-title color_link_inherit\">Datenschutz<\/h1><div class=\"wpb_text_column\"><div class=\"wpb_wrapper\"><p><strong>WAS MACHEN WIR MIT IHREN INFORMATIONEN?<\/strong><\/p>\n<p>Wenn Sie etwas in unserem Shop kaufen, sammeln wir im Rahmen des Kauf- und Verkaufsprozesses die pers\u00f6nlichen Daten, die Sie uns geben, wie Ihren Namen, Ihre Adresse und Ihre E-Mail-Adresse.<br \/>\nWenn Sie in unserem Shop surfen, erhalten wir auch automatisch die Internetprotokoll (IP)-Adresse Ihres Computers, um uns Informationen \u00fcber Ihren Browser und Ihr Betriebssystem zur Verf\u00fcgung zu stellen.<br \/>\nE-Mail-Marketing (falls zutreffend): Mit Ihrer Erlaubnis k\u00f6nnen wir Ihnen E-Mails \u00fcber unseren Shop, neue Produkte und andere Updates zusenden.<\/p>\n<p><strong>ZUSTIMMUNG<\/strong><\/p>\n<p><strong>Wie bekommen Sie meine Einwilligung?<\/strong><br \/>\nWenn Sie uns personenbezogene Daten zur Verf\u00fcgung stellen, um eine Transaktion abzuschlie\u00dfen, Ihre Kreditkarte zu \u00fcberpr\u00fcfen, eine Bestellung aufzugeben, eine Lieferung zu veranlassen oder einen Kauf zur\u00fcckzugeben, erkl\u00e4ren wir uns damit einverstanden, dass wir diese Daten nur f\u00fcr diesen speziellen Zweck sammeln und verwenden.<br \/>\nWenn wir Sie aus einem sekund\u00e4ren Grund, wie z.B. Marketing, nach Ihren pers\u00f6nlichen Daten fragen, werden wir Sie entweder direkt um Ihre ausdr\u00fcckliche Zustimmung bitten oder Ihnen die M\u00f6glichkeit geben, Nein zu sagen.<\/p>\n<p><strong>Wie kann ich meine Einwilligung widerrufen?<\/strong><\/p>\n<p>Wenn Sie Ihre Meinung \u00e4ndern, k\u00f6nnen Sie Ihre Einwilligung zur weiteren Erfassung, Verwendung oder Offenlegung Ihrer Daten jederzeit widerrufen, indem Sie uns unter info@youmeholiday.com. kontaktieren.<\/p>\n<p><strong>FREMDLEISTUNGEN<\/strong><\/p>\n<p>Die von uns eingesetzten Drittanbieter werden Ihre Daten grunds\u00e4tzlich nur in dem Umfang erheben, nutzen und offenlegen, wie es f\u00fcr die Erbringung der von ihnen erbrachten Leistungen erforderlich ist.<br \/>\nBestimmte Drittanbieter, wie z. B. Zahlungsgateways und andere Zahlungsverkehrsabwickler, haben jedoch ihre eigenen Datenschutzrichtlinien in Bezug auf die Informationen, die wir ihnen f\u00fcr Ihre kaufbezogenen Transaktionen zur Verf\u00fcgung stellen m\u00fcssen.<br \/>\nF\u00fcr diese Anbieter empfehlen wir Ihnen, deren Datenschutzrichtlinien zu lesen, damit Sie verstehen k\u00f6nnen, wie Ihre pers\u00f6nlichen Daten von diesen Anbietern behandelt werden.<br \/>\nDenken Sie insbesondere daran, dass sich bestimmte Anbieter in einem anderen Land befinden oder \u00fcber Einrichtungen verf\u00fcgen, die sich in einem anderen Land befinden als Sie oder wir. Wenn Sie sich also f\u00fcr eine Transaktion entscheiden, bei der die Dienste eines Drittanbieters in Anspruch genommen werden, k\u00f6nnen Ihre Daten den Gesetzen der Jurisdiktion(en) unterliegen, in der sich dieser Anbieter oder seine Einrichtungen befinden.<br \/>\nWenn Sie sich beispielsweise in Kanada befinden und Ihre Transaktion von einem Zahlungs-Gateway in den Vereinigten Staaten verarbeitet wird, k\u00f6nnen Ihre pers\u00f6nlichen Daten, die bei der Durchf\u00fchrung dieser Transaktion verwendet werden, gem\u00e4\u00df der Gesetzgebung der Vereinigten Staaten, einschlie\u00dflich des Patriot Act, offengelegt werden.<br \/>\nSobald Sie die Website verlassen oder auf eine Website oder Anwendung eines Drittanbieters weitergeleitet werden, unterliegen Sie nicht mehr dieser Datenschutzrichtlinie oder den Allgemeinen Gesch\u00e4ftsbedingungen unserer Website.<\/p>\n<p><strong>Links<\/strong><\/p>\n<p>Wenn Sie auf Links in unserem Shop klicken, k\u00f6nnen diese Sie von unserer Seite wegf\u00fchren. Wir sind nicht verantwortlich f\u00fcr die Datenschutzpraktiken anderer Websites und ermutigen Sie, deren Datenschutzerkl\u00e4rungen zu lesen.<\/p>\n<p><strong>SICHERHEIT<\/strong><\/p>\n<p>Um Ihre pers\u00f6nlichen Daten zu sch\u00fctzen, treffen wir angemessene Vorsichtsma\u00dfnahmen und befolgen die besten Praktiken der Branche, um sicherzustellen, dass sie nicht unangemessen verloren gehen, missbraucht, abgerufen, offengelegt, ver\u00e4ndert oder zerst\u00f6rt werden.<br \/>\nWenn Sie uns Ihre Kreditkarteninformationen zur Verf\u00fcgung stellen, werden diese mittels Secure Socket Layer Technologie (SSL) verschl\u00fcsselt und mit einer AES-256-Verschl\u00fcsselung gespeichert. Obwohl keine Methode der \u00dcbertragung \u00fcber das Internet oder die elektronische Speicherung 100% sicher ist, befolgen wir alle PCI-DSS-Anforderungen und implementieren weitere allgemein anerkannte Industriestandards.<\/p>\n<p><strong>ZUSTIMMUNGSZEITRAUM<\/strong><\/p>\n<p>Durch die Nutzung dieser Website erkl\u00e4ren Sie, dass Sie mindestens die Vollj\u00e4hrigkeit in Ihrem Staat oder Ihrer Provinz erreicht haben oder dass Sie die Vollj\u00e4hrigkeit in Ihrem Staat oder Ihrer Provinz erreicht haben und dass Sie uns Ihr Einverst\u00e4ndnis gegeben haben, dass Ihre minderj\u00e4hrigen Angeh\u00f6rigen diese Website nutzen d\u00fcrfen.<\/p>\n<p><strong>\u00c4NDERUNGEN DIESER DATENSCHUTZERKL\u00c4RUNG<\/strong><\/p>\n<p>Wir behalten uns das Recht vor, diese Datenschutzerkl\u00e4rung jederzeit zu \u00e4ndern, daher bitten wir Sie, sie regelm\u00e4\u00dfig zu \u00fcberpr\u00fcfen. \u00c4nderungen und Klarstellungen werden sofort nach ihrer Ver\u00f6ffentlichung auf der Website wirksam. Wenn wir wesentliche \u00c4nderungen an dieser Richtlinie vornehmen, werden wir Sie hier dar\u00fcber informieren, dass sie aktualisiert wurde, so dass Sie wissen, welche Informationen wir sammeln, wie wir sie verwenden und unter welchen Umst\u00e4nden wir sie gegebenenfalls verwenden und\/oder weitergeben.<\/p>\n<p>Wenn unser Gesch\u00e4ft erworben oder mit einem anderen Unternehmen fusioniert wird, k\u00f6nnen Ihre Daten an die neuen Eigent\u00fcmer weitergegeben werden, damit wir weiterhin Produkte an Sie verkaufen k\u00f6nnen.<\/p>\n<\/div><\/div><\/div><\/div><\/div><\/div><\/div><\/section>\n","protected":false},"excerpt":{"rendered":"DatenschutzWAS MACHEN WIR MIT IHREN INFORMATIONEN? Wenn Sie etwas in unserem Shop kaufen, sammeln wir im Rahmen des Kauf- und Verkaufsprozesses die pers\u00f6nlichen Daten, die Sie uns geben, wie Ihren...","protected":false},"author":1,"featured_media":0,"parent":0,"menu_order":0,"comment_status":"closed","ping_status":"closed","template":"","meta":{"_acf_changed":false,"footnotes":""},"class_list":["post-7667","page","type-page","status-publish","hentry"],"acf":[],"yoast_head":"<!-- This site is optimized with the Yoast SEO plugin v27.5 - https:\/\/yoast.com\/product\/yoast-seo-wordpress\/ -->\n<title>Datenschutz | YouMe Holidays<\/title>\n<meta name=\"robots\" content=\"index, follow, max-snippet:-1, max-image-preview:large, max-video-preview:-1\" \/>\n<link rel=\"canonical\" href=\"https:\/\/www.youmeholiday.com\/de\/datenschutz\/\" \/>\n<meta property=\"og:locale\" content=\"de_DE\" \/>\n<meta property=\"og:type\" content=\"article\" \/>\n<meta property=\"og:title\" content=\"Datenschutz | YouMe Holidays\" \/>\n<meta property=\"og:url\" content=\"https:\/\/www.youmeholiday.com\/de\/datenschutz\/\" \/>\n<meta property=\"og:site_name\" content=\"YouMe Holidays\" \/>\n<meta property=\"article:publisher\" content=\"https:\/\/www.facebook.com\/bluebubbleholiday\/\" \/>\n<meta property=\"article:modified_time\" content=\"2021-07-08T07:37:31+00:00\" \/>\n<meta name=\"twitter:card\" content=\"summary_large_image\" \/>\n<meta name=\"twitter:label1\" content=\"Gesch\u00e4tzte Lesezeit\" \/>\n\t<meta name=\"twitter:data1\" content=\"3\u00a0Minuten\" \/>\n<script type=\"application\/ld+json\" class=\"yoast-schema-graph\">{\"@context\":\"https:\\\/\\\/schema.org\",\"@graph\":[{\"@type\":\"WebPage\",\"@id\":\"https:\\\/\\\/www.youmeholiday.com\\\/de\\\/datenschutz\\\/\",\"url\":\"https:\\\/\\\/www.youmeholiday.com\\\/de\\\/datenschutz\\\/\",\"name\":\"Datenschutz | YouMe Holidays\",\"isPartOf\":{\"@id\":\"https:\\\/\\\/www.youmeholiday.com\\\/de\\\/#website\"},\"datePublished\":\"2018-12-04T02:20:58+00:00\",\"dateModified\":\"2021-07-08T07:37:31+00:00\",\"breadcrumb\":{\"@id\":\"https:\\\/\\\/www.youmeholiday.com\\\/de\\\/datenschutz\\\/#breadcrumb\"},\"inLanguage\":\"de\",\"potentialAction\":[{\"@type\":\"ReadAction\",\"target\":[\"https:\\\/\\\/www.youmeholiday.com\\\/de\\\/datenschutz\\\/\"]}]},{\"@type\":\"BreadcrumbList\",\"@id\":\"https:\\\/\\\/www.youmeholiday.com\\\/de\\\/datenschutz\\\/#breadcrumb\",\"itemListElement\":[{\"@type\":\"ListItem\",\"position\":1,\"name\":\"Home\",\"item\":\"https:\\\/\\\/www.youmeholiday.com\\\/de\\\/\"},{\"@type\":\"ListItem\",\"position\":2,\"name\":\"Datenschutz\"}]},{\"@type\":\"WebSite\",\"@id\":\"https:\\\/\\\/www.youmeholiday.com\\\/de\\\/#website\",\"url\":\"https:\\\/\\\/www.youmeholiday.com\\\/de\\\/\",\"name\":\"YouMe Holidays\",\"description\":\"Touren, Aktivit\u00e4ten und Informationen rund um Koh Samui\",\"publisher\":{\"@id\":\"https:\\\/\\\/www.youmeholiday.com\\\/de\\\/#organization\"},\"potentialAction\":[{\"@type\":\"SearchAction\",\"target\":{\"@type\":\"EntryPoint\",\"urlTemplate\":\"https:\\\/\\\/www.youmeholiday.com\\\/de\\\/?s={search_term_string}\"},\"query-input\":{\"@type\":\"PropertyValueSpecification\",\"valueRequired\":true,\"valueName\":\"search_term_string\"}}],\"inLanguage\":\"de\"},{\"@type\":\"Organization\",\"@id\":\"https:\\\/\\\/www.youmeholiday.com\\\/de\\\/#organization\",\"name\":\"YouMe Holidays\",\"url\":\"https:\\\/\\\/www.youmeholiday.com\\\/de\\\/\",\"logo\":{\"@type\":\"ImageObject\",\"inLanguage\":\"de\",\"@id\":\"https:\\\/\\\/www.youmeholiday.com\\\/de\\\/#\\\/schema\\\/logo\\\/image\\\/\",\"url\":\"https:\\\/\\\/www.youmeholiday.com\\\/wp-content\\\/uploads\\\/2018\\\/07\\\/New_logo_rond_web.png\",\"contentUrl\":\"https:\\\/\\\/www.youmeholiday.com\\\/wp-content\\\/uploads\\\/2018\\\/07\\\/New_logo_rond_web.png\",\"width\":1587,\"height\":1099,\"caption\":\"YouMe Holidays\"},\"image\":{\"@id\":\"https:\\\/\\\/www.youmeholiday.com\\\/de\\\/#\\\/schema\\\/logo\\\/image\\\/\"},\"sameAs\":[\"https:\\\/\\\/www.facebook.com\\\/bluebubbleholiday\\\/\",\"https:\\\/\\\/www.instagram.com\\\/blue_bubble_holiday_thailand\\\/\"]}]}<\/script>\n<!-- \/ Yoast SEO plugin. -->","yoast_head_json":{"title":"Datenschutz | YouMe Holidays","robots":{"index":"index","follow":"follow","max-snippet":"max-snippet:-1","max-image-preview":"max-image-preview:large","max-video-preview":"max-video-preview:-1"},"canonical":"https:\/\/www.youmeholiday.com\/de\/datenschutz\/","og_locale":"de_DE","og_type":"article","og_title":"Datenschutz | YouMe Holidays","og_url":"https:\/\/www.youmeholiday.com\/de\/datenschutz\/","og_site_name":"YouMe Holidays","article_publisher":"https:\/\/www.facebook.com\/bluebubbleholiday\/","article_modified_time":"2021-07-08T07:37:31+00:00","twitter_card":"summary_large_image","twitter_misc":{"Gesch\u00e4tzte Lesezeit":"3\u00a0Minuten"},"schema":{"@context":"https:\/\/schema.org","@graph":[{"@type":"WebPage","@id":"https:\/\/www.youmeholiday.com\/de\/datenschutz\/","url":"https:\/\/www.youmeholiday.com\/de\/datenschutz\/","name":"Datenschutz | YouMe Holidays","isPartOf":{"@id":"https:\/\/www.youmeholiday.com\/de\/#website"},"datePublished":"2018-12-04T02:20:58+00:00","dateModified":"2021-07-08T07:37:31+00:00","breadcrumb":{"@id":"https:\/\/www.youmeholiday.com\/de\/datenschutz\/#breadcrumb"},"inLanguage":"de","potentialAction":[{"@type":"ReadAction","target":["https:\/\/www.youmeholiday.com\/de\/datenschutz\/"]}]},{"@type":"BreadcrumbList","@id":"https:\/\/www.youmeholiday.com\/de\/datenschutz\/#breadcrumb","itemListElement":[{"@type":"ListItem","position":1,"name":"Home","item":"https:\/\/www.youmeholiday.com\/de\/"},{"@type":"ListItem","position":2,"name":"Datenschutz"}]},{"@type":"WebSite","@id":"https:\/\/www.youmeholiday.com\/de\/#website","url":"https:\/\/www.youmeholiday.com\/de\/","name":"YouMe Holidays","description":"Touren, Aktivit\u00e4ten und Informationen rund um Koh Samui","publisher":{"@id":"https:\/\/www.youmeholiday.com\/de\/#organization"},"potentialAction":[{"@type":"SearchAction","target":{"@type":"EntryPoint","urlTemplate":"https:\/\/www.youmeholiday.com\/de\/?s={search_term_string}"},"query-input":{"@type":"PropertyValueSpecification","valueRequired":true,"valueName":"search_term_string"}}],"inLanguage":"de"},{"@type":"Organization","@id":"https:\/\/www.youmeholiday.com\/de\/#organization","name":"YouMe Holidays","url":"https:\/\/www.youmeholiday.com\/de\/","logo":{"@type":"ImageObject","inLanguage":"de","@id":"https:\/\/www.youmeholiday.com\/de\/#\/schema\/logo\/image\/","url":"https:\/\/www.youmeholiday.com\/wp-content\/uploads\/2018\/07\/New_logo_rond_web.png","contentUrl":"https:\/\/www.youmeholiday.com\/wp-content\/uploads\/2018\/07\/New_logo_rond_web.png","width":1587,"height":1099,"caption":"YouMe Holidays"},"image":{"@id":"https:\/\/www.youmeholiday.com\/de\/#\/schema\/logo\/image\/"},"sameAs":["https:\/\/www.facebook.com\/bluebubbleholiday\/","https:\/\/www.instagram.com\/blue_bubble_holiday_thailand\/"]}]}},"_links":{"self":[{"href":"https:\/\/www.youmeholiday.com\/de\/wp-json\/wp\/v2\/pages\/7667","targetHints":{"allow":["GET"]}}],"collection":[{"href":"https:\/\/www.youmeholiday.com\/de\/wp-json\/wp\/v2\/pages"}],"about":[{"href":"https:\/\/www.youmeholiday.com\/de\/wp-json\/wp\/v2\/types\/page"}],"author":[{"embeddable":true,"href":"https:\/\/www.youmeholiday.com\/de\/wp-json\/wp\/v2\/users\/1"}],"replies":[{"embeddable":true,"href":"https:\/\/www.youmeholiday.com\/de\/wp-json\/wp\/v2\/comments?post=7667"}],"version-history":[{"count":5,"href":"https:\/\/www.youmeholiday.com\/de\/wp-json\/wp\/v2\/pages\/7667\/revisions"}],"predecessor-version":[{"id":9242,"href":"https:\/\/www.youmeholiday.com\/de\/wp-json\/wp\/v2\/pages\/7667\/revisions\/9242"}],"wp:attachment":[{"href":"https:\/\/www.youmeholiday.com\/de\/wp-json\/wp\/v2\/media?parent=7667"}],"curies":[{"name":"wp","href":"https:\/\/api.w.org\/{rel}","templated":true}]}}